{"id":13251,"date":"2017-09-22T19:05:16","date_gmt":"2017-09-22T19:05:16","guid":{"rendered":"https:\/\/kruszwicapro.com\/shop\/nem-kategorizalt\/qualita-tekuta-70\/"},"modified":"2022-07-27T10:24:45","modified_gmt":"2022-07-27T10:24:45","slug":"qualita-tekuta-70","status":"publish","type":"product","link":"https:\/\/kruszwicapro.com\/hu\/bolt\/margarin\/qualita-tekuta-70\/","title":{"rendered":"Qualita Foly\u00e9kony 70%"},"content":{"rendered":"<p>Lass\u00edtja a term\u00e9kek el\u00f6reged\u00e9si folyamat\u00e1t \u00e9s hozz\u00e1j\u00e1rul a v\u00e9gterm\u00e9k k\u00edv\u00e1nt strukt\u00far\u00e1j\u00e1nak el\u00e9r\u00e9s\u00e9hez. Magasfok\u00fa stabilit\u00e1s jellemzi. J\u00f3 v\u00e1laszt\u00e1s t\u00f6bbek k\u00f6z\u00f6tt pisk\u00f3tat\u00e9szta, kelt t\u00e9szta, f\u00e1nk valamint \u00e9des b\u00fazalisztes p\u00e9ks\u00fctem\u00e9nyek s\u00fct\u00e9s\u00e9hez.<\/p>\r\n<ul>\r\n\t<li><strong>Az alapja repc\u00e9b\u0151l nyert zs\u00edr\u00a0<\/strong><\/li>\r\n\t<li><strong>A folyamat ism\u00e9tl\u00e9s\u00e9nek garanci\u00e1ja.<\/strong><\/li>\r\n\t<li><strong>Foly\u00e9kony \u00e1llag, mely lehet\u0151v\u00e9 teszi a k\u00f6zvetlen haszn\u00e1latot \u00e9s gyors\u00edtja a k\u00e9sz\u00edtm\u00e9ny el\u0151\u00e1ll\u00edt\u00e1s\u00e1nak folyamat\u00e1t.<\/strong><\/li>\r\n\t<li><strong>A kever\u00e9k stabilit\u00e1sa a haszn\u00e1lat ideje alatt.<\/strong><\/li>\r\n\t<li><strong>A t\u00e9szta kell\u0151 strukt\u00far\u00e1ja.<\/strong><\/li>\r\n\t<li><strong>A term\u00e9kek el\u00f6reged\u00e9si folyamat\u00e1nak lassul\u00e1sa.<\/strong><\/li>\r\n\t<li><strong>Aroma, mely a v\u00e9gterm\u00e9keknek a k\u00edv\u00e1nt \u00edzt \u00e9s illatot k\u00f6lcs\u00f6nzi.<\/strong><\/li>\r\n<\/ul>","protected":false},"excerpt":{"rendered":"<p>Tekut\u00e1 konzistencia tohto margar\u00ednu a skvel\u00e1 schopnos\u0165 prepoji\u0165 sa s ostatn\u00fdmi ingredienciami umo\u017e\u0148uje zr\u00fdchlenie v\u00fdroby cukr\u00e1rskych a pek\u00e1rensk\u00fdch v\u00fdrobkov.<\/p>\n[simple_tooltip content='V\u00fdrobok neobsahuje tropick\u00e9 tuky']<img loading=\"lazy\" decoding=\"async\" class=\"alignnone wp-image-10493 size-full\" src=\"https:\/\/kruszwicapro.com\/wp-content\/uploads\/2018\/03\/ico_rapeseedoil.png\" alt=\"\" width=\"64\" height=\"64\" \/>[\/simple_tooltip]\n","protected":false},"featured_media":12275,"template":"","meta":[],"product_brand":[],"product_cat":[521],"product_tag":[475],"class_list":{"0":"post-13251","1":"product","2":"type-product","3":"status-publish","4":"has-post-thumbnail","6":"product_cat-margarin","7":"product_tag-suteshez","8":"pa_clean-label-nem","9":"pa_consistency-folyekony-2","10":"pa_fat-content-tluszcz-70-hu","11":"pa_fat-used-repce-2","12":"pa_free-from-preservatives-nem","13":"pa_packaging-vodor-2","14":"pa_quantity-l-10-hu","15":"pa_rspo-certificate-nem","16":"pa_segment-standard-hu","17":"pa_tfa-tfa-2-hu","18":"pa_with-added-butter-nem","19":"pa_with-colorant-igen","20":"pa_without-hydrogenated-fats-nem-2","22":"first","23":"instock","24":"shipping-taxable","25":"product-type-simple"},"_links":{"self":[{"href":"https:\/\/kruszwicapro.com\/hu\/wp-json\/wp\/v2\/product\/13251","targetHints":{"allow":["GET"]}}],"collection":[{"href":"https:\/\/kruszwicapro.com\/hu\/wp-json\/wp\/v2\/product"}],"about":[{"href":"https:\/\/kruszwicapro.com\/hu\/wp-json\/wp\/v2\/types\/product"}],"wp:featuredmedia":[{"embeddable":true,"href":"https:\/\/kruszwicapro.com\/hu\/wp-json\/wp\/v2\/media\/12275"}],"wp:attachment":[{"href":"https:\/\/kruszwicapro.com\/hu\/wp-json\/wp\/v2\/media?parent=13251"}],"wp:term":[{"taxonomy":"product_brand","embeddable":true,"href":"https:\/\/kruszwicapro.com\/hu\/wp-json\/wp\/v2\/product_brand?post=13251"},{"taxonomy":"product_cat","embeddable":true,"href":"https:\/\/kruszwicapro.com\/hu\/wp-json\/wp\/v2\/product_cat?post=13251"},{"taxonomy":"product_tag","embeddable":true,"href":"https:\/\/kruszwicapro.com\/hu\/wp-json\/wp\/v2\/product_tag?post=13251"}],"curies":[{"name":"wp","href":"https:\/\/api.w.org\/{rel}","templated":true}]}}