{"id":13247,"date":"2017-09-22T19:14:07","date_gmt":"2017-09-22T19:14:07","guid":{"rendered":"https:\/\/kruszwicapro.com\/shop\/nem-kategorizalt\/bolero-puff-pastry-hard-nh\/"},"modified":"2022-07-27T10:20:59","modified_gmt":"2022-07-27T10:20:59","slug":"bolero-puff-pastry-hard-nh","status":"publish","type":"product","link":"https:\/\/kruszwicapro.com\/hu\/bolt\/margarin\/bolero-puff-pastry-hard-nh\/","title":{"rendered":"Bolero PP Hard NH leveles margarin 80%"},"content":{"rendered":"<p>Mindenfajta leveles t\u00e9szta k\u00e9sz\u00edt\u00e9s\u00e9hez aj\u00e1nlott (leveles \u00e9s plunder t\u00e9szt\u00e1khoz).<\/p>\r\n<ul>\r\n\t<li><strong>A t\u00e9szta kell\u0151k\u00e9ppen leveles lesz.<\/strong><\/li>\r\n\t<li><strong>A t\u00e9szta sz\u00e9pen megkel \u00e9s a s\u00fct\u00e9st k\u00f6vet\u0151en megfelel\u0151 az alakja.<\/strong><\/li>\r\n<\/ul>\r\n<p class=\"p1\"><b><img loading=\"lazy\" decoding=\"async\" class=\"alignnone wp-image-10494 size-full\" src=\"https:\/\/kruszwicapro.com\/wp-content\/uploads\/2017\/09\/ico_nh.png\" alt=\"\" width=\"64\" height=\"64\" \/>NEM KEM\u00c9NY\u00cdTETT ZS\u00cdROK \u2013 ZS\u00cdROK \u00daJ MIN\u0150S\u00c9GBEN<\/b><\/p>\r\n<p class=\"p1\">Az \u00e9lelmiszeripari terminol\u00f3gi\u00e1ban gyakran p\u00e1rhuzamosan haszn\u00e1latosak ezen kifejez\u00e9sek: kem\u00e9ny\u00edtett zs\u00edrok, r\u00e9szben kem\u00e9ny\u00edtett zs\u00edrok avagy a hidrog\u00e9nezett zs\u00edrok. Minden egyes megnevez\u00e9s ugyanazt a \u00f6sszetev\u0151t \u00e9rinti &#8211; a zsirad\u00e9kot, mely a r\u00e9szleges kem\u00e9ny\u00edt\u00e9ssel szil\u00e1rd halmaz\u00e1llapot\u00fa lesz. Az olajok r\u00e9szleges kem\u00e9ny\u00edt\u00e9s\u00e9vel az eg\u00e9szs\u00e9gre k\u00e1ros transz-zs\u00edrsavak keletkezhetnek. A szil\u00e1rd halmaz\u00e1llapot\u00fa zsirad\u00e9kok modern gy\u00e1rt\u00e1si form\u00e1ja az \u00e9szterifik\u00e1ci\u00f3. Ezen folyamat alatt nem j\u00f6n l\u00e9tre az a negat\u00edv v\u00e1ltoz\u00e1s, amikor a zs\u00edrsavak transz-izomerr\u00e9 alakulnak. Az olajok \u00e9szterifik\u00e1ci\u00f3j\u00e1val min\u0151s\u00e9gi zsirad\u00e9kok gy\u00e1rthat\u00f3k, melyekben nyomokban megtal\u00e1lhat\u00f3k a transz-izomerek (&lt;1%) \u00e9s \u00f6sszhangban vannak a modern t\u00e1pl\u00e1lkoz\u00e1si javaslatokkal.<\/p>","protected":false},"excerpt":{"rendered":"<p>A margarin leveles t\u00e9szt\u00e1k k\u00e9sz\u00edt\u00e9s\u00e9hez aj\u00e1nlott. A Kruszwica c\u00e9g aj\u00e1nlat\u00e1b\u00f3l a legkem\u00e9nyebb term\u00e9k leveles t\u00e9szt\u00e1k k\u00e9sz\u00edt\u00e9s\u00e9hez.<\/p>\n[simple_tooltip content='A term\u00e9k nem tartalmaz kem\u00e9ny\u00edtett zs\u00edrokat']<img loading=\"lazy\" decoding=\"async\" class=\"alignnone wp-image-10493 size-full\" src=\"https:\/\/kruszwicapro.com\/wp-content\/uploads\/2017\/09\/ico_nh.png\" alt=\"\" width=\"64\" height=\"64\" \/>[\/simple_tooltip]\n","protected":false},"featured_media":12245,"template":"","meta":[],"product_brand":[],"product_cat":[521],"product_tag":[467],"class_list":{"0":"post-13247","1":"product","2":"type-product","3":"status-publish","4":"has-post-thumbnail","6":"product_cat-margarin","7":"product_tag-leveles-tesztakhoz-hu-2","8":"pa_clean-label-nem","9":"pa_consistency-szilard-2","10":"pa_fat-content-tluszcz-80-hu","11":"pa_fat-used-palma-2","12":"pa_fat-used-repce-2","13":"pa_free-from-preservatives-nem","14":"pa_packaging-karton-hu","15":"pa_quantity-kg-5x2-hu","16":"pa_rspo-certificate-nem","17":"pa_segment-standard-hu","18":"pa_tfa-tfa-2-hu","19":"pa_with-added-butter-nem","20":"pa_with-colorant-igen","21":"pa_without-hydrogenated-fats-igen-hu","23":"first","24":"instock","25":"shipping-taxable","26":"product-type-simple"},"_links":{"self":[{"href":"https:\/\/kruszwicapro.com\/hu\/wp-json\/wp\/v2\/product\/13247","targetHints":{"allow":["GET"]}}],"collection":[{"href":"https:\/\/kruszwicapro.com\/hu\/wp-json\/wp\/v2\/product"}],"about":[{"href":"https:\/\/kruszwicapro.com\/hu\/wp-json\/wp\/v2\/types\/product"}],"wp:featuredmedia":[{"embeddable":true,"href":"https:\/\/kruszwicapro.com\/hu\/wp-json\/wp\/v2\/media\/12245"}],"wp:attachment":[{"href":"https:\/\/kruszwicapro.com\/hu\/wp-json\/wp\/v2\/media?parent=13247"}],"wp:term":[{"taxonomy":"product_brand","embeddable":true,"href":"https:\/\/kruszwicapro.com\/hu\/wp-json\/wp\/v2\/product_brand?post=13247"},{"taxonomy":"product_cat","embeddable":true,"href":"https:\/\/kruszwicapro.com\/hu\/wp-json\/wp\/v2\/product_cat?post=13247"},{"taxonomy":"product_tag","embeddable":true,"href":"https:\/\/kruszwicapro.com\/hu\/wp-json\/wp\/v2\/product_tag?post=13247"}],"curies":[{"name":"wp","href":"https:\/\/api.w.org\/{rel}","templated":true}]}}