{"id":13235,"date":"2017-09-22T21:19:26","date_gmt":"2017-09-22T21:19:26","guid":{"rendered":"https:\/\/kruszwicapro.com\/shop\/nem-kategorizalt\/uniwersalna\/"},"modified":"2022-07-27T10:07:18","modified_gmt":"2022-07-27T10:07:18","slug":"uniwersalna","status":"publish","type":"product","link":"https:\/\/kruszwicapro.com\/hu\/bolt\/margarin\/uniwersalna\/","title":{"rendered":"Univerz\u00e1lis"},"content":{"rendered":"Zs\u00edros margarin 10 kg-os kiszerel\u00e9sben, cukr\u00e1szati \u00e9s s\u00fct\u00f6dei haszn\u00e1latra alkalmas.\r\n<ul>\r\n \t<li><strong>Univerz\u00e1lis margarin.<\/strong><\/li>\r\n \t<li><strong>K\u00f6nnyen \u00f6ssze\u00e1ll a t\u00f6bbi hozz\u00e1val\u00f3val.<\/strong><\/li>\r\n<\/ul>","protected":false},"excerpt":{"rendered":"<p>Zs\u00edros margarin 10 kg-os kiszerel\u00e9sben, cukr\u00e1szati \u00e9s s\u00fct\u00f6dei haszn\u00e1latra alkalmas.<\/p>\n","protected":false},"featured_media":12305,"template":"","meta":[],"product_brand":[],"product_cat":[521],"product_tag":[475],"class_list":{"0":"post-13235","1":"product","2":"type-product","3":"status-publish","4":"has-post-thumbnail","6":"product_cat-margarin","7":"product_tag-suteshez","8":"pa_clean-label-nem","9":"pa_consistency-szilard-2","10":"pa_fat-content-tluszcz-80-hu","11":"pa_fat-used-palma-2","12":"pa_fat-used-repce-2","13":"pa_free-from-preservatives-igen","14":"pa_packaging-karton-hu","15":"pa_quantity-kg-10-hu","16":"pa_rspo-certificate-nem","17":"pa_segment-gazdasagos-hu","18":"pa_tfa-tfa-2-hu","19":"pa_with-added-butter-nem","20":"pa_with-colorant-igen","21":"pa_without-hydrogenated-fats-nem-2","23":"first","24":"instock","25":"shipping-taxable","26":"product-type-simple"},"_links":{"self":[{"href":"https:\/\/kruszwicapro.com\/hu\/wp-json\/wp\/v2\/product\/13235","targetHints":{"allow":["GET"]}}],"collection":[{"href":"https:\/\/kruszwicapro.com\/hu\/wp-json\/wp\/v2\/product"}],"about":[{"href":"https:\/\/kruszwicapro.com\/hu\/wp-json\/wp\/v2\/types\/product"}],"wp:featuredmedia":[{"embeddable":true,"href":"https:\/\/kruszwicapro.com\/hu\/wp-json\/wp\/v2\/media\/12305"}],"wp:attachment":[{"href":"https:\/\/kruszwicapro.com\/hu\/wp-json\/wp\/v2\/media?parent=13235"}],"wp:term":[{"taxonomy":"product_brand","embeddable":true,"href":"https:\/\/kruszwicapro.com\/hu\/wp-json\/wp\/v2\/product_brand?post=13235"},{"taxonomy":"product_cat","embeddable":true,"href":"https:\/\/kruszwicapro.com\/hu\/wp-json\/wp\/v2\/product_cat?post=13235"},{"taxonomy":"product_tag","embeddable":true,"href":"https:\/\/kruszwicapro.com\/hu\/wp-json\/wp\/v2\/product_tag?post=13235"}],"curies":[{"name":"wp","href":"https:\/\/api.w.org\/{rel}","templated":true}]}}