{"id":13231,"date":"2017-09-22T21:16:59","date_gmt":"2017-09-22T21:16:59","guid":{"rendered":"https:\/\/kruszwicapro.com\/shop\/nem-kategorizalt\/milama-na-linecke-kolace-80\/"},"modified":"2022-07-27T10:03:40","modified_gmt":"2022-07-27T10:03:40","slug":"milama-na-linecke-kolace-80","status":"publish","type":"product","link":"https:\/\/kruszwicapro.com\/hu\/bolt\/margarin\/milama-na-linecke-kolace-80\/","title":{"rendered":"Milama linzer 80%"},"content":{"rendered":"Cukr\u00e1szati \u00e9s p\u00e9kipari term\u00e9kek k\u00e9sz\u00edt\u00e9s\u00e9hez aj\u00e1nlott margarin, f\u00f6k\u00e9ppen linzerek s\u00fct\u00e9s\u00e9hez.\r\n\r\n\r\n<ul>\r\n \t\r\n\t\r\n\t<li><strong>K\u00f6nnyen \u00f6ssze\u00e1ll a t\u00f6bbi hozz\u00e1val\u00f3val.<\/strong><\/li>\r\n\r\n\r\n \t\r\n\t\r\n\t<li><strong>A cukr\u00e1szati \u00e9s p\u00e9kipari term\u00e9kek kell\u0151 strukt\u00far\u00e1ja.<\/strong><\/li>\r\n<\/ul>","protected":false},"excerpt":{"rendered":"<p>Cukr\u00e1szati \u00e9s p\u00e9kipari term\u00e9kek k\u00e9sz\u00edt\u00e9s\u00e9hez aj\u00e1nlott margarin, f\u00f6k\u00e9ppen linzerek s\u00fct\u00e9s\u00e9hez.<\/p>\n","protected":false},"featured_media":12281,"template":"","meta":[],"product_brand":[],"product_cat":[521],"product_tag":[475],"class_list":{"0":"post-13231","1":"product","2":"type-product","3":"status-publish","4":"has-post-thumbnail","6":"product_cat-margarin","7":"product_tag-suteshez","8":"pa_clean-label-nem","9":"pa_consistency-szilard-2","10":"pa_fat-content-tluszcz-80-hu","11":"pa_fat-used-palma-2","12":"pa_fat-used-repce-2","13":"pa_free-from-preservatives-nem","14":"pa_packaging-karton-hu","15":"pa_quantity-kg-10-hu","16":"pa_rspo-certificate-nem","17":"pa_segment-gazdasagos-hu","18":"pa_tfa-tfa-2-hu","19":"pa_with-added-butter-nem","20":"pa_with-colorant-igen","21":"pa_without-hydrogenated-fats-nem-2","23":"first","24":"instock","25":"shipping-taxable","26":"product-type-simple"},"_links":{"self":[{"href":"https:\/\/kruszwicapro.com\/hu\/wp-json\/wp\/v2\/product\/13231","targetHints":{"allow":["GET"]}}],"collection":[{"href":"https:\/\/kruszwicapro.com\/hu\/wp-json\/wp\/v2\/product"}],"about":[{"href":"https:\/\/kruszwicapro.com\/hu\/wp-json\/wp\/v2\/types\/product"}],"wp:featuredmedia":[{"embeddable":true,"href":"https:\/\/kruszwicapro.com\/hu\/wp-json\/wp\/v2\/media\/12281"}],"wp:attachment":[{"href":"https:\/\/kruszwicapro.com\/hu\/wp-json\/wp\/v2\/media?parent=13231"}],"wp:term":[{"taxonomy":"product_brand","embeddable":true,"href":"https:\/\/kruszwicapro.com\/hu\/wp-json\/wp\/v2\/product_brand?post=13231"},{"taxonomy":"product_cat","embeddable":true,"href":"https:\/\/kruszwicapro.com\/hu\/wp-json\/wp\/v2\/product_cat?post=13231"},{"taxonomy":"product_tag","embeddable":true,"href":"https:\/\/kruszwicapro.com\/hu\/wp-json\/wp\/v2\/product_tag?post=13231"}],"curies":[{"name":"wp","href":"https:\/\/api.w.org\/{rel}","templated":true}]}}