{"id":13227,"date":"2017-09-22T21:26:41","date_gmt":"2017-09-22T21:26:41","guid":{"rendered":"https:\/\/kruszwicapro.com\/shop\/nem-kategorizalt\/qualito-sun\/"},"modified":"2022-10-04T10:36:00","modified_gmt":"2022-10-04T10:36:00","slug":"qualito-sun","status":"publish","type":"product","link":"https:\/\/kruszwicapro.com\/hu\/bolt\/olajsutokbe-hasznalatos-olajok\/qualito-sun\/","title":{"rendered":"Qualito Sun"},"content":{"rendered":"Kiz\u00e1r\u00f3lag ellen\u0151rz\u00f6tt \u00f6sszetev\u0151kb\u0151l \u00e1ll, melyek garant\u00e1lj\u00e1k a k\u00edv\u00e1nt min\u0151s\u00e9get. K\u00fcl\u00f6nb\u00f6z\u0151 f\u00e1nkok magas mennyis\u00e9g\u0171 zs\u00edrban t\u00f6rt\u00e9n\u0151 s\u00fct\u00e9s\u00e9re aj\u00e1nlott. Arany sz\u00ednt biztos\u00edt an\u00e9lk\u00fcl, hogy befoly\u00e1soln\u00e1 a v\u00e9gterm\u00e9k \u00edz\u00e9t.\r\n\r\n\r\n\r\n\r\n<ul>\r\n \t\r\n\t\r\n\t\r\n\t\r\n\t<li><strong>Kiz\u00e1r\u00f3lag repce- \u00e9s napraforg\u00f3olajb\u00f3l \u00e1ll.<\/strong><\/li>\r\n\r\n\r\n\r\n\r\n \t\r\n\t\r\n\t\r\n\t\r\n\t<li><strong>Allerg\u00e9nanyagok n\u00e9lk\u00fcl.<\/strong><\/li>\r\n\r\n\r\n\r\n\r\n \t\r\n\t\r\n\t\r\n\t\r\n\t<li><strong>Magas f\u00fcstpont \u2013 220 \u00b0C felett.<\/strong><\/li>\r\n\r\n\r\n\r\n\r\n \t\r\n\t\r\n\t\r\n\t\r\n\t<li><strong>Egyszer\u0171 adagol\u00e1s.<\/strong><\/li>\r\n\r\n\r\n\r\n\r\n \t\r\n\t\r\n\t\r\n\t\r\n\t<li><strong>Az alacsony h\u0151m\u00e9rs\u00e9kleten val\u00f3 sz\u0171r\u00e9s el\u0151nye.<\/strong><\/li>\r\n<\/ul>","protected":false},"excerpt":{"rendered":"<p>S\u00fct\u00e9shez alkalmas zsirak\u00e9k nagy mennyis\u00e9g\u0171 zsirad\u00e9kban val\u00f3 s\u00fct\u00e9shez, mely repceolajb\u00f3l \u00e9s napraforg\u00f3olajb\u00f3l k\u00e9sz\u00fcl.<\/p>\n[simple_tooltip content='A term\u00e9k nem tartalmaz tr\u00f3pusi zs\u00edrokat']<img loading=\"lazy\" decoding=\"async\" class=\"alignnone wp-image-10493 size-full\" src=\"https:\/\/kruszwicapro.com\/wp-content\/uploads\/2018\/03\/ico_rapeseedoil.png\" alt=\"\" width=\"64\" height=\"64\" \/>[\/simple_tooltip]\n[simple_tooltip content='Napraforg\u00f3 olaj']<img loading=\"lazy\" decoding=\"async\" class=\"alignnone wp-image-10493 size-full\" src=\"https:\/\/kruszwicapro.com\/wp-content\/uploads\/2018\/03\/ico_sunfloweroil.png\" alt=\"\" width=\"64\" height=\"64\" \/>[\/simple_tooltip]\n","protected":false},"featured_media":12290,"template":"","meta":[],"product_brand":[],"product_cat":[674],"product_tag":[478],"class_list":{"0":"post-13227","1":"product","2":"type-product","3":"status-publish","4":"has-post-thumbnail","6":"product_cat-olajsutokbe-hasznalatos-olajok","7":"product_tag-nagy-mennyisegu-zsiradekban-valo-suteshez-hu","8":"pa_consistency-folyekony-2","9":"pa_fat-content-100-hu","10":"pa_fat-used-napraforgo-2","11":"pa_fat-used-repce-2","12":"pa_packaging-bag-in-box-hu","13":"pa_quantity-l-10-hu","14":"pa_rspo-certificate-nem","15":"pa_segment-standard-hu","16":"pa_smoke-point-temp-220-hu","17":"pa_tfa-1-hu","18":"pa_without-hydrogenated-fats-nem-2","20":"first","21":"instock","22":"shipping-taxable","23":"product-type-simple"},"_links":{"self":[{"href":"https:\/\/kruszwicapro.com\/hu\/wp-json\/wp\/v2\/product\/13227","targetHints":{"allow":["GET"]}}],"collection":[{"href":"https:\/\/kruszwicapro.com\/hu\/wp-json\/wp\/v2\/product"}],"about":[{"href":"https:\/\/kruszwicapro.com\/hu\/wp-json\/wp\/v2\/types\/product"}],"wp:featuredmedia":[{"embeddable":true,"href":"https:\/\/kruszwicapro.com\/hu\/wp-json\/wp\/v2\/media\/12290"}],"wp:attachment":[{"href":"https:\/\/kruszwicapro.com\/hu\/wp-json\/wp\/v2\/media?parent=13227"}],"wp:term":[{"taxonomy":"product_brand","embeddable":true,"href":"https:\/\/kruszwicapro.com\/hu\/wp-json\/wp\/v2\/product_brand?post=13227"},{"taxonomy":"product_cat","embeddable":true,"href":"https:\/\/kruszwicapro.com\/hu\/wp-json\/wp\/v2\/product_cat?post=13227"},{"taxonomy":"product_tag","embeddable":true,"href":"https:\/\/kruszwicapro.com\/hu\/wp-json\/wp\/v2\/product_tag?post=13227"}],"curies":[{"name":"wp","href":"https:\/\/api.w.org\/{rel}","templated":true}]}}