{"id":13200,"date":"2017-10-23T07:00:21","date_gmt":"2017-10-23T07:00:21","guid":{"rendered":"https:\/\/kruszwicapro.com\/shop\/nem-kategorizalt\/maestra-cukiernicza-nh-mb\/"},"modified":"2026-01-14T13:57:40","modified_gmt":"2026-01-14T13:57:40","slug":"maestra-cukiernicza-nh-mb","status":"publish","type":"product","link":"https:\/\/kruszwicapro.com\/hu\/bolt\/margarin\/maestra-cukiernicza-nh-mb\/","title":{"rendered":"Maestra Cukr\u00e1sz NH MB"},"content":{"rendered":"<div class=\"wpb-content-wrapper\"><p>[vc_row][vc_column][vc_column_text]<\/p>\r\n<p>Lecitinnel \u00e9s b\u00e9ta-karotinnal d\u00fasitott, hidrog\u00e9nezett zs\u00edrok n\u00e9lk\u00fcl, melyet a tudatosan t\u00e1pl\u00e1lkoz\u00f3 fogyaszt\u00f3k elker\u00fclnek. N\u00f6veli a k\u00e9sz\u00edtm\u00e9nyek t\u00e9rfogat\u00e1t \u00e9s finom strukt\u00far\u00e1t biztos\u00edt sz\u00e1mukra, k\u00f6nnyen kikeverhet\u0151.<\/p>\r\n<ul>\r\n\t<li><strong>Hidrog\u00e9nezett zs\u00edrok n\u00e9lk\u00fcl &#8211; NH.<\/strong><\/li>\r\n\t<li><strong>Tart\u00f3s\u00edtoszerek \u00e9s mesters\u00e9ges arom\u00e1k n\u00e9lk\u00fcl.<\/strong><\/li>\r\n\t<li><strong>T\u00f6k\u00e9letes l\u00e9glaz\u00edt\u00f3 k\u00e9pess\u00e9g (aer\u00e1ci\u00f3).<\/strong><\/li>\r\n\t<li><strong>A cukr\u00e1szati \u00e9s p\u00e9kipari term\u00e9kek kell\u0151 strukt\u00far\u00e1ja.<\/strong><\/li>\r\n\t<li><strong>K\u00fcl\u00f6nleges \u00edz\u0171 \u00e9s illat\u00fa k\u00e9szterm\u00e9k.<\/strong><\/li>\r\n<\/ul>\r\n<p class=\"p1\"><strong><img loading=\"lazy\" decoding=\"async\" class=\"alignnone wp-image-10493 size-full\" src=\"https:\/\/kruszwicapro.com\/wp-content\/uploads\/2017\/09\/ico_mb.png\" alt=\"\" width=\"64\" height=\"64\" \/><\/strong><strong>MASS BALANCE<\/strong><\/p>\r\n<p>Az olaj p\u00e1lm\u00e1b\u00f3l val\u00f3 kinyer\u00e9se vitatott k\u00e9rd\u00e9s, mivel \u00f6sszek\u00f6thet\u0151 az es\u0151erd\u0151k illeg\u00e1lis irt\u00e1s\u00e1val az olajp\u00e1lma termeszt\u00e9se miatt. Az olajok \u00e9s n\u00f6v\u00e9nyi zs\u00edrok piac\u00e1n vezet\u0151 helyet foglalunk el, ez\u00e9rt felel\u0151ss\u00e9ggel tartozunk a mez\u0151gazdas\u00e1g fenntarthat\u00f3 fejl\u0151d\u00e9s\u00e9\u00e9rt. Az \u00fcltetv\u00e9nyekr\u0151l sz\u00e1rmaz\u00f3 p\u00e1lmaolaj azon sz\u00e1ll\u00edt\u00f3ival m\u0171k\u00f6d\u00fcnk egy\u00fctt, akik nem j\u00e1rulnak hozz\u00e1 a term\u00e9szetes \u00f6kosziszt\u00e9m\u00e1k megsemmis\u00edt\u00e9s\u00e9hez \u00e9s nincsenek k\u00e1ros hat\u00e1ssal az adott ter\u00fclet lakoss\u00e1g\u00e1ra. T\u00e1mogatjuk a The Roundtable on Sustainable Palma Oil (RSPO) term\u00e9ktan\u00fas\u00edt\u00e1si rendszer koncepci\u00f3j\u00e1t. Mass Balance \u00e9s Segregate min\u0151s\u00edt\u00e9ssel ell\u00e1tott p\u00e1lmaolajat tartalmaz\u00f3 term\u00e9keket sz\u00e1ll\u00edtunk.<\/p>\r\n<p class=\"p1\"><b><img loading=\"lazy\" decoding=\"async\" class=\"alignnone wp-image-10494 size-full\" src=\"https:\/\/kruszwicapro.com\/wp-content\/uploads\/2017\/09\/ico_nh.png\" alt=\"\" width=\"64\" height=\"64\" \/>NEM KEM\u00c9NY\u00cdTETT ZS\u00cdROK \u2013 ZS\u00cdROK \u00daJ MIN\u0150S\u00c9GBEN<\/b><\/p>\r\n<p class=\"p1\">Az \u00e9lelmiszeripari terminol\u00f3gi\u00e1ban gyakran p\u00e1rhuzamosan haszn\u00e1latosak ezen kifejez\u00e9sek: kem\u00e9ny\u00edtett zs\u00edrok, r\u00e9szben kem\u00e9ny\u00edtett zs\u00edrok avagy a hidrog\u00e9nezett zs\u00edrok. Minden egyes megnevez\u00e9s ugyanazt a \u00f6sszetev\u0151t \u00e9rinti &#8211; a zsirad\u00e9kot, mely a r\u00e9szleges kem\u00e9ny\u00edt\u00e9ssel szil\u00e1rd halmaz\u00e1llapot\u00fa lesz. Az olajok r\u00e9szleges kem\u00e9ny\u00edt\u00e9s\u00e9vel az eg\u00e9szs\u00e9gre k\u00e1ros transz-zs\u00edrsavak keletkezhetnek. A szil\u00e1rd halmaz\u00e1llapot\u00fa zsirad\u00e9kok modern gy\u00e1rt\u00e1si form\u00e1ja az \u00e9szterifik\u00e1ci\u00f3. Ezen folyamat alatt nem j\u00f6n l\u00e9tre az a negat\u00edv v\u00e1ltoz\u00e1s, amikor a zs\u00edrsavak transz-izomerr\u00e9 alakulnak. Az olajok \u00e9szterifik\u00e1ci\u00f3j\u00e1val min\u0151s\u00e9gi zsirad\u00e9kok gy\u00e1rthat\u00f3k, melyekben nyomokban megtal\u00e1lhat\u00f3k a transz-izomerek (&lt;1%) \u00e9s \u00f6sszhangban vannak a modern t\u00e1pl\u00e1lkoz\u00e1si javaslatokkal.<\/p>\r\n<p>[\/vc_column_text][\/vc_column][\/vc_row]<\/p><\/div>","protected":false},"excerpt":{"rendered":"<p>A legjobb min\u0151s\u00e9g\u0171 cukr\u00e1sz margarin hidrog\u00e9nezett zs\u00edrok n\u00e9lk\u00fcl. Nagyon j\u00f3 az \u00e1llaga \u00e9s a k\u00e9sz\u00edtm\u00e9nyeknek a megfelel\u0151 strukt\u00far\u00e1t biztos\u00edtja.<\/p>\n[simple_tooltip content='A term\u00e9k nem tartalmaz kem\u00e9ny\u00edtett zs\u00edrokat']<img loading=\"lazy\" decoding=\"async\" class=\"alignnone wp-image-10493 size-full\" src=\"https:\/\/kruszwicapro.com\/wp-content\/uploads\/2017\/09\/ico_nh.png\" alt=\"\" width=\"64\" height=\"64\" \/>[\/simple_tooltip]\n[simple_tooltip content='A gy\u00e1rt\u00e1shoz Mass Balance min\u0151s\u00edt\u00e9ssel ell\u00e1tott p\u00e1lmaolajat haszn\u00e1ltunk']<img loading=\"lazy\" decoding=\"async\" class=\"alignnone wp-image-10493 size-full\" src=\"https:\/\/kruszwicapro.com\/wp-content\/uploads\/2017\/09\/ico_mb.png\" alt=\"\" width=\"64\" height=\"64\" \/>[\/simple_tooltip]\n","protected":false},"featured_media":12253,"template":"","meta":[],"product_brand":[],"product_cat":[521],"product_tag":[662,475],"class_list":{"0":"post-13200","1":"product","2":"type-product","3":"status-publish","4":"has-post-thumbnail","6":"product_cat-margarin","7":"product_tag-kremek-keszitesehez","8":"product_tag-suteshez","9":"pa_clean-label-nem","10":"pa_consistency-szilard-2","11":"pa_fat-content-tluszcz-80-hu","12":"pa_fat-used-kokusz","13":"pa_fat-used-palma-2","14":"pa_fat-used-repce-2","15":"pa_free-from-preservatives-igen","16":"pa_packaging-karton-hu","17":"pa_quantity-kg-10-hu","18":"pa_rspo-certificate-igen","19":"pa_segment-premium-3","20":"pa_tfa-1-hu","21":"pa_with-added-butter-nem","22":"pa_with-colorant-igen","23":"pa_without-hydrogenated-fats-igen-hu","25":"first","26":"instock","27":"shipping-taxable","28":"product-type-simple"},"_links":{"self":[{"href":"https:\/\/kruszwicapro.com\/hu\/wp-json\/wp\/v2\/product\/13200","targetHints":{"allow":["GET"]}}],"collection":[{"href":"https:\/\/kruszwicapro.com\/hu\/wp-json\/wp\/v2\/product"}],"about":[{"href":"https:\/\/kruszwicapro.com\/hu\/wp-json\/wp\/v2\/types\/product"}],"wp:featuredmedia":[{"embeddable":true,"href":"https:\/\/kruszwicapro.com\/hu\/wp-json\/wp\/v2\/media\/12253"}],"wp:attachment":[{"href":"https:\/\/kruszwicapro.com\/hu\/wp-json\/wp\/v2\/media?parent=13200"}],"wp:term":[{"taxonomy":"product_brand","embeddable":true,"href":"https:\/\/kruszwicapro.com\/hu\/wp-json\/wp\/v2\/product_brand?post=13200"},{"taxonomy":"product_cat","embeddable":true,"href":"https:\/\/kruszwicapro.com\/hu\/wp-json\/wp\/v2\/product_cat?post=13200"},{"taxonomy":"product_tag","embeddable":true,"href":"https:\/\/kruszwicapro.com\/hu\/wp-json\/wp\/v2\/product_tag?post=13200"}],"curies":[{"name":"wp","href":"https:\/\/api.w.org\/{rel}","templated":true}]}}