{"id":13196,"date":"2017-10-24T15:29:11","date_gmt":"2017-10-24T15:29:11","guid":{"rendered":"https:\/\/kruszwicapro.com\/shop\/nem-kategorizalt\/maestra-cukiernicza-mb\/"},"modified":"2022-09-13T11:06:22","modified_gmt":"2022-09-13T11:06:22","slug":"maestra-cukiernicza-mb","status":"publish","type":"product","link":"https:\/\/kruszwicapro.com\/hu\/bolt\/margarin\/maestra-cukiernicza-mb\/","title":{"rendered":"Maestra Cukr\u00e1sz MB 80%"},"content":{"rendered":"<div class=\"wpb-content-wrapper\"><p>[vc_row][vc_column][vc_column_text]<\/p>\r\n<p>K\u00fcl\u00f6nleges arom\u00e1j\u00e1nak k\u00f6sz\u00f6nhet\u0151en a k\u00e9sz term\u00e9keknek a k\u00edv\u00e1nt \u00edzt \u00e9s illatot biztos\u00edtja. T\u00f6k\u00e9letesen \u00f6ssze\u00e1ll a vajjal \u00e9s m\u00e1s hozz\u00e1val\u00f3kkal, ezzel n\u00f6velve a k\u00e9sz\u00edtm\u00e9nyek t\u00e9rfogat\u00e1t.<\/p>\r\n<ul>\r\n\t<li><strong>Tart\u00f3s\u00edt\u00f3szereket \u00e9s mesters\u00e9ges arom\u00e1kat nem tartalmaz.<\/strong><\/li>\r\n\t<li><strong>K\u00f6nnyen \u00f6ssze\u00e1ll a vajjal \u00e9s m\u00e1s hozz\u00e1val\u00f3kkal.<\/strong><\/li>\r\n\t<li><strong>T\u00f6k\u00e9letes l\u00e9gfelvev\u0151 k\u00e9pess\u00e9g.<\/strong><\/li>\r\n\t<li><strong>A cukr\u00e1szati \u00e9s s\u00fct\u0151ipari term\u00e9kek megfelel\u0151 szerkezete.<\/strong><\/li>\r\n\t<li><strong>A k\u00e9szterm\u00e9kek k\u00fcl\u00f6nleges \u00edze \u00e9s illata. <\/strong><\/li>\r\n\t<li><strong>Ide\u00e1lis kr\u00e9mek k\u00e9sz\u00edt\u00e9s\u00e9hez \u00e9s s\u00fclt t\u00e9szt\u00e1k sz\u00e9les sk\u00e1l\u00e1j\u00e1hoz.<\/strong><\/li>\r\n<\/ul>\r\n<p class=\"p1\"><strong><img loading=\"lazy\" decoding=\"async\" class=\"alignnone wp-image-10493 size-full\" src=\"https:\/\/kruszwicapro.com\/wp-content\/uploads\/2017\/09\/ico_mb.png\" alt=\"\" width=\"64\" height=\"64\" \/><\/strong><strong>MASS BALANCE<\/strong><\/p>\r\n<p>Az olaj p\u00e1lm\u00e1b\u00f3l val\u00f3 kinyer\u00e9se vitatott k\u00e9rd\u00e9s, mivel \u00f6sszek\u00f6thet\u0151 az es\u0151erd\u0151k illeg\u00e1lis irt\u00e1s\u00e1val az olajp\u00e1lma termeszt\u00e9se miatt. Az olajok \u00e9s n\u00f6v\u00e9nyi zs\u00edrok piac\u00e1n vezet\u0151 helyet foglalunk el, ez\u00e9rt felel\u0151ss\u00e9ggel tartozunk a mez\u0151gazdas\u00e1g fenntarthat\u00f3 fejl\u0151d\u00e9s\u00e9\u00e9rt. Az \u00fcltetv\u00e9nyekr\u0151l sz\u00e1rmaz\u00f3 p\u00e1lmaolaj azon sz\u00e1ll\u00edt\u00f3ival m\u0171k\u00f6d\u00fcnk egy\u00fctt, akik nem j\u00e1rulnak hozz\u00e1 a term\u00e9szetes \u00f6kosziszt\u00e9m\u00e1k megsemmis\u00edt\u00e9s\u00e9hez \u00e9s nincsenek k\u00e1ros hat\u00e1ssal az adott ter\u00fclet lakoss\u00e1g\u00e1ra. T\u00e1mogatjuk a The Roundtable on Sustainable Palma Oil (RSPO) term\u00e9ktan\u00fas\u00edt\u00e1si rendszer koncepci\u00f3j\u00e1t. Mass Balance \u00e9s Segregate min\u0151s\u00edt\u00e9ssel ell\u00e1tott p\u00e1lmaolajat tartalmaz\u00f3 term\u00e9keket sz\u00e1ll\u00edtunk.<\/p>\r\n<p>[\/vc_column_text][\/vc_column][\/vc_row]<\/p><\/div>","protected":false},"excerpt":{"rendered":"<p>A Cukr\u00e1sz Maestra MB t\u00f6k\u00e9letes v\u00e1laszt\u00e1s azon szakemberek sz\u00e1m\u00e1ra, akik sz\u00e1m\u00e1ra fontos a legmagasabb min\u0151s\u00e9g. A margarin rendelkezik minden olyan tulajdons\u00e1ggal, melyek a s\u00fct\u00e9shez \u00e9s a kr\u00e9mek k\u00e9sz\u00edt\u00e9s\u00e9hez a legfontosabbak.<\/p>\n[simple_tooltip content='A gy\u00e1rt\u00e1shoz Mass Balance min\u0151s\u00edt\u00e9ssel ell\u00e1tott p\u00e1lmaolajat haszn\u00e1ltunk']<img loading=\"lazy\" decoding=\"async\" class=\"alignnone wp-image-10493 size-full\" src=\"https:\/\/kruszwicapro.com\/wp-content\/uploads\/2017\/09\/ico_mb.png\" alt=\"\" width=\"64\" height=\"64\" \/>[\/simple_tooltip]\n","protected":false},"featured_media":12249,"template":"","meta":[],"product_brand":[],"product_cat":[521],"product_tag":[662,475],"class_list":{"0":"post-13196","1":"product","2":"type-product","3":"status-publish","4":"has-post-thumbnail","6":"product_cat-margarin","7":"product_tag-kremek-keszitesehez","8":"product_tag-suteshez","9":"pa_clean-label-nem","10":"pa_consistency-szilard-2","11":"pa_fat-content-tluszcz-80-hu","12":"pa_fat-used-kokusz","13":"pa_fat-used-palma-2","14":"pa_fat-used-repce-2","15":"pa_free-from-preservatives-igen","16":"pa_packaging-karton-hu","17":"pa_quantity-kg-2x5-hu","18":"pa_rspo-certificate-igen","19":"pa_segment-premium-3","20":"pa_tfa-tfa-2-hu","21":"pa_with-added-butter-nem","22":"pa_with-colorant-igen","23":"pa_without-hydrogenated-fats-nem-2","25":"first","26":"instock","27":"shipping-taxable","28":"product-type-simple"},"_links":{"self":[{"href":"https:\/\/kruszwicapro.com\/hu\/wp-json\/wp\/v2\/product\/13196","targetHints":{"allow":["GET"]}}],"collection":[{"href":"https:\/\/kruszwicapro.com\/hu\/wp-json\/wp\/v2\/product"}],"about":[{"href":"https:\/\/kruszwicapro.com\/hu\/wp-json\/wp\/v2\/types\/product"}],"wp:featuredmedia":[{"embeddable":true,"href":"https:\/\/kruszwicapro.com\/hu\/wp-json\/wp\/v2\/media\/12249"}],"wp:attachment":[{"href":"https:\/\/kruszwicapro.com\/hu\/wp-json\/wp\/v2\/media?parent=13196"}],"wp:term":[{"taxonomy":"product_brand","embeddable":true,"href":"https:\/\/kruszwicapro.com\/hu\/wp-json\/wp\/v2\/product_brand?post=13196"},{"taxonomy":"product_cat","embeddable":true,"href":"https:\/\/kruszwicapro.com\/hu\/wp-json\/wp\/v2\/product_cat?post=13196"},{"taxonomy":"product_tag","embeddable":true,"href":"https:\/\/kruszwicapro.com\/hu\/wp-json\/wp\/v2\/product_tag?post=13196"}],"curies":[{"name":"wp","href":"https:\/\/api.w.org\/{rel}","templated":true}]}}