{"id":13192,"date":"2017-10-29T12:44:08","date_gmt":"2017-10-29T12:44:08","guid":{"rendered":"https:\/\/kruszwicapro.com\/shop\/nem-kategorizalt\/maestra-kremowa-white-mb\/"},"modified":"2022-09-13T11:04:23","modified_gmt":"2022-09-13T11:04:23","slug":"maestra-kremowa-white-mb","status":"publish","type":"product","link":"https:\/\/kruszwicapro.com\/hu\/bolt\/margarin\/maestra-kremowa-white-mb\/","title":{"rendered":"Maestra Kr\u00e9m Feh\u00e9r MB 80%"},"content":{"rendered":"<div class=\"wpb-content-wrapper\"><p>[vc_row][vc_column][vc_column_text]<\/p>\r\n<p>Teljesen semleges \u00edz\u0171 \u00e9s sz\u00edn\u0171 margarin. A feh\u00e9r sz\u00ednnek \u00e9s a semleges \u00edznek k\u00f6sz\u00f6nhet\u0151en nem befoly\u00e1solja a v\u00e9gterm\u00e9k \u00edz\u00e9t \u00e9s sz\u00edn\u00e9t. K\u00f6nnyebben \u00e9s gyorsabban el\u00e9rhet\u0151 a k\u00edv\u00e1nt sz\u00edn. A margarin kell\u0151en k\u00f6nny\u0171v\u00e9 teszi a kr\u00e9met \u00e9s j\u00f3l elkeverhet\u0151 a kr\u00e9m t\u00f6bbi \u00f6sszetev\u0151j\u00e9vel.<\/p>\r\n<ul>\r\n\t<li><strong>Tart\u00f3s\u00edt\u00f3szereket \u00e9s mesters\u00e9ges arom\u00e1kat nem tartalmaz.<\/strong><\/li>\r\n\t<li><strong>Stabil \u00e1llagot biztos\u00edt a kr\u00e9mnek.<\/strong><\/li>\r\n\t<li><strong>T\u00f6k\u00e9letesen k\u00f6nny\u0171 kr\u00e9m.<\/strong><\/li>\r\n\t<li><strong>Nagyon k\u00f6nnyen elkeverhet\u0151 a kr\u00e9m t\u00f6bbi \u00f6sszetev\u0151j\u00e9vel.<\/strong><\/li>\r\n<\/ul>\r\n<p class=\"p1\"><strong><img loading=\"lazy\" decoding=\"async\" class=\"alignnone wp-image-10493 size-full\" src=\"https:\/\/kruszwicapro.com\/wp-content\/uploads\/2017\/09\/ico_mb.png\" alt=\"\" width=\"64\" height=\"64\" \/><\/strong><strong>MASS BALANCE<\/strong><\/p>\r\n<p>Az olaj p\u00e1lm\u00e1b\u00f3l val\u00f3 kinyer\u00e9se vitatott k\u00e9rd\u00e9s, mivel \u00f6sszek\u00f6thet\u0151 az es\u0151erd\u0151k illeg\u00e1lis irt\u00e1s\u00e1val az olajp\u00e1lma termeszt\u00e9se miatt. Az olajok \u00e9s n\u00f6v\u00e9nyi zs\u00edrok piac\u00e1n vezet\u0151 helyet foglalunk el, ez\u00e9rt felel\u0151ss\u00e9ggel tartozunk a mez\u0151gazdas\u00e1g fenntarthat\u00f3 fejl\u0151d\u00e9s\u00e9\u00e9rt. Az \u00fcltetv\u00e9nyekr\u0151l sz\u00e1rmaz\u00f3 p\u00e1lmaolaj azon sz\u00e1ll\u00edt\u00f3ival m\u0171k\u00f6d\u00fcnk egy\u00fctt, akik nem j\u00e1rulnak hozz\u00e1 a term\u00e9szetes \u00f6kosziszt\u00e9m\u00e1k megsemmis\u00edt\u00e9s\u00e9hez \u00e9s nincsenek k\u00e1ros hat\u00e1ssal az adott ter\u00fclet lakoss\u00e1g\u00e1ra. T\u00e1mogatjuk a The Roundtable on Sustainable Palma Oil (RSPO) term\u00e9ktan\u00fas\u00edt\u00e1si rendszer koncepci\u00f3j\u00e1t. Mass Balance \u00e9s Segregate min\u0151s\u00edt\u00e9ssel ell\u00e1tott p\u00e1lmaolajat tartalmaz\u00f3 term\u00e9keket sz\u00e1ll\u00edtunk.<\/p>\r\n<p>[\/vc_column_text][\/vc_column][\/vc_row]<\/p><\/div>","protected":false},"excerpt":{"rendered":"<p>Ide\u00e1lis v\u00e1laszt\u00e1s feh\u00e9r kr\u00e9mek \u00e9s t\u00f6ltel\u00e9kek k\u00e9sz\u00edt\u00e9s\u00e9hez, valamint m\u00e1s tetsz\u0151leges felhaszn\u00e1l\u00e1sra &#8211; nincs zavar\u00f3 hat\u00e1ssal a v\u00e9gterm\u00e9k sz\u00edn\u00e9re \u00e9s illat\u00e1ra.<\/p>\n[simple_tooltip content='A term\u00e9k nem tartalmaz fest\u00e9kanyagot']<img loading=\"lazy\" decoding=\"async\" class=\"alignnone wp-image-10493 size-full\" src=\"https:\/\/kruszwicapro.com\/wp-content\/uploads\/2017\/09\/ico_white.png\" alt=\"\" width=\"64\" height=\"64\" \/>[\/simple_tooltip]\n[simple_tooltip content='A gy\u00e1rt\u00e1shoz Mass Balance min\u0151s\u00edt\u00e9ssel ell\u00e1tott p\u00e1lmaolajat haszn\u00e1ltunk']<img loading=\"lazy\" decoding=\"async\" class=\"alignnone wp-image-10493 size-full\" src=\"https:\/\/kruszwicapro.com\/wp-content\/uploads\/2017\/09\/ico_mb.png\" alt=\"\" width=\"64\" height=\"64\" \/>[\/simple_tooltip]\n","protected":false},"featured_media":12265,"template":"","meta":[],"product_brand":[],"product_cat":[521],"product_tag":[662],"class_list":{"0":"post-13192","1":"product","2":"type-product","3":"status-publish","4":"has-post-thumbnail","6":"product_cat-margarin","7":"product_tag-kremek-keszitesehez","8":"pa_clean-label-nem","9":"pa_consistency-szilard-2","10":"pa_fat-content-tluszcz-80-hu","11":"pa_fat-used-kokusz","12":"pa_fat-used-palma-2","13":"pa_fat-used-repce-2","14":"pa_free-from-preservatives-igen","15":"pa_packaging-karton-hu","16":"pa_quantity-kg-2x5-hu","17":"pa_rspo-certificate-igen","18":"pa_segment-premium-3","19":"pa_tfa-tfa-2-hu","20":"pa_with-added-butter-nem","21":"pa_with-colorant-nie-hu","22":"pa_without-hydrogenated-fats-nem-2","24":"first","25":"instock","26":"shipping-taxable","27":"product-type-simple"},"_links":{"self":[{"href":"https:\/\/kruszwicapro.com\/hu\/wp-json\/wp\/v2\/product\/13192","targetHints":{"allow":["GET"]}}],"collection":[{"href":"https:\/\/kruszwicapro.com\/hu\/wp-json\/wp\/v2\/product"}],"about":[{"href":"https:\/\/kruszwicapro.com\/hu\/wp-json\/wp\/v2\/types\/product"}],"wp:featuredmedia":[{"embeddable":true,"href":"https:\/\/kruszwicapro.com\/hu\/wp-json\/wp\/v2\/media\/12265"}],"wp:attachment":[{"href":"https:\/\/kruszwicapro.com\/hu\/wp-json\/wp\/v2\/media?parent=13192"}],"wp:term":[{"taxonomy":"product_brand","embeddable":true,"href":"https:\/\/kruszwicapro.com\/hu\/wp-json\/wp\/v2\/product_brand?post=13192"},{"taxonomy":"product_cat","embeddable":true,"href":"https:\/\/kruszwicapro.com\/hu\/wp-json\/wp\/v2\/product_cat?post=13192"},{"taxonomy":"product_tag","embeddable":true,"href":"https:\/\/kruszwicapro.com\/hu\/wp-json\/wp\/v2\/product_tag?post=13192"}],"curies":[{"name":"wp","href":"https:\/\/api.w.org\/{rel}","templated":true}]}}