{"id":13170,"date":"2022-06-10T14:22:31","date_gmt":"2022-06-10T14:22:31","guid":{"rendered":"https:\/\/kruszwicapro.com\/shop\/nem-kategorizalt\/english-maestro-freshness\/"},"modified":"2022-07-26T10:32:37","modified_gmt":"2022-07-26T10:32:37","slug":"english-maestro-freshness","status":"publish","type":"product","link":"https:\/\/kruszwicapro.com\/hu\/bolt\/olajok\/english-maestro-freshness\/","title":{"rendered":"Maestro frissess\u00e9g"},"content":{"rendered":"<div class=\"wpb-content-wrapper\"><p>[vc_row][vc_column][vc_column_text]<\/p>\r\n<p>D\u00fas\u00edtott olaj s\u00fctem\u00e9nyek \u00e9s kekszek s\u00fct\u00e9s\u00e9hez, lecitin hozz\u00e1ad\u00e1s\u00e1val. Neki k\u00f6sz\u00f6nhet\u0151en a p\u00e9k\u00e1ru hosszabb ideig meg\u0151rzi a k\u00edv\u00e1nt nedvess\u00e9get \u00e9s puhas\u00e1got.<\/p>\r\n<p>JELLEMZ\u0150K:<\/p>\r\n<ul>\r\n\t<li><strong>Prodlou\u017een\u00e1 \u010derstvost a zv\u00fd\u0161en\u00fd objem hotov\u00fdch v\u00fdrobk\u016f.<\/strong><\/li>\r\n\t<li><strong>V\u00fdjime\u010dn\u00e1 vlhkost a m\u011bkkost t\u011bsta.<\/strong><\/li>\r\n\t<li><strong>Lep\u0161\u00ed spojov\u00e1n\u00ed slo\u017eek a rozpt\u00fdlen\u00ed p\u0159\u00eddavk\u016f (su\u0161en\u00e9ho ovoce a o\u0159ech\u016f, ovoce) v t\u011bst\u011b.<\/strong><\/li>\r\n\t<li><strong>Men\u0161\u00ed odpa\u0159ov\u00e1n\u00ed vody z t\u011bsta b\u011bhem pe\u010den\u00ed.<\/strong><\/li>\r\n\t<li><strong>Zvy\u0161uje objem n\u011bkter\u00e9ho pe\u010diva dokonce a\u017e o 10\u00a0%.<\/strong><\/li>\r\n<\/ul>\r\n<p>[\/vc_column_text][\/vc_column][\/vc_row]<\/p><\/div>","protected":false},"excerpt":{"rendered":"<p>D\u00fas\u00edtott olaj s\u00fctem\u00e9nyek \u00e9s kekszek s\u00fct\u00e9s\u00e9hez, lecitin hozz\u00e1ad\u00e1s\u00e1val. Neki k\u00f6sz\u00f6nhet\u0151en a p\u00e9k\u00e1ru hosszabb ideig meg\u0151rzi a k\u00edv\u00e1nt nedvess\u00e9get \u00e9s puhas\u00e1got.<\/p>\n","protected":false},"featured_media":13007,"template":"","meta":[],"product_brand":[],"product_cat":[516],"product_tag":[475],"class_list":{"0":"post-13170","1":"product","2":"type-product","3":"status-publish","4":"has-post-thumbnail","6":"product_cat-olajok","7":"product_tag-suteshez","9":"first","10":"instock","11":"shipping-taxable","12":"product-type-simple"},"_links":{"self":[{"href":"https:\/\/kruszwicapro.com\/hu\/wp-json\/wp\/v2\/product\/13170","targetHints":{"allow":["GET"]}}],"collection":[{"href":"https:\/\/kruszwicapro.com\/hu\/wp-json\/wp\/v2\/product"}],"about":[{"href":"https:\/\/kruszwicapro.com\/hu\/wp-json\/wp\/v2\/types\/product"}],"wp:featuredmedia":[{"embeddable":true,"href":"https:\/\/kruszwicapro.com\/hu\/wp-json\/wp\/v2\/media\/13007"}],"wp:attachment":[{"href":"https:\/\/kruszwicapro.com\/hu\/wp-json\/wp\/v2\/media?parent=13170"}],"wp:term":[{"taxonomy":"product_brand","embeddable":true,"href":"https:\/\/kruszwicapro.com\/hu\/wp-json\/wp\/v2\/product_brand?post=13170"},{"taxonomy":"product_cat","embeddable":true,"href":"https:\/\/kruszwicapro.com\/hu\/wp-json\/wp\/v2\/product_cat?post=13170"},{"taxonomy":"product_tag","embeddable":true,"href":"https:\/\/kruszwicapro.com\/hu\/wp-json\/wp\/v2\/product_tag?post=13170"}],"curies":[{"name":"wp","href":"https:\/\/api.w.org\/{rel}","templated":true}]}}