{"id":13165,"date":"2022-06-10T12:51:27","date_gmt":"2022-06-10T12:51:27","guid":{"rendered":"https:\/\/kruszwicapro.com\/shop\/nem-kategorizalt\/top-q-sun-5-l\/"},"modified":"2022-07-27T09:28:56","modified_gmt":"2022-07-27T09:28:56","slug":"top-q-sun-5-l","status":"publish","type":"product","link":"https:\/\/kruszwicapro.com\/hu\/bolt\/olajok\/top-q-sun-5-l\/","title":{"rendered":"Top Q Sun sunflower oil (5 L)"},"content":{"rendered":"<div class=\"wpb-content-wrapper\"><p>[vc_row][vc_column][vc_column_text]<\/p>\r\n<p>Top Q Sun oil is made with carefully selected sunflower seeds. For use in gastronomy, confectionery, and baking. Especially recommended for cold dishes and sides, such as salads, sauces, and dressings. It will work wonders in preparing marinades. It will especially be helpful in baking pound cakes, semi-confectionery bread, as well as confectionery and bakery mixes.<\/p>\r\n<p>CHARACTERISTICS:<\/p>\r\n<ul>\r\n\t<li><strong>Mild, light taste.<\/strong><\/li>\r\n\t<li><strong>Optimal omega-6 and omega-3 fatty acids composition.<\/strong><\/li>\r\n<\/ul>\r\n<p>[\/vc_column_text][\/vc_column][\/vc_row]<\/p><\/div>","protected":false},"excerpt":{"rendered":"<p>napraforg\u00f3olaj- \u00e9s p\u00e9kipari term\u00e9kek k\u00e9sz\u00edt\u00e9s\u00e9re sz\u00e1nt repceolaj, f\u0151k\u00e9ppen k\u00f6retekhez, p\u00e9ld\u00e1ul sal\u00e1t\u00e1khoz, m\u00e1rt\u00e1sokhoz \u00e9s \u00f6ntetekhez.<\/p>\n","protected":false},"featured_media":13660,"template":"","meta":[],"product_brand":[],"product_cat":[516],"product_tag":[475],"class_list":{"0":"post-13165","1":"product","2":"type-product","3":"status-publish","4":"has-post-thumbnail","6":"product_cat-olajok","7":"product_tag-suteshez","8":"pa_consistency-folyekony-2","9":"pa_fat-content-100-hu","10":"pa_fat-used-napraforgo-2","11":"pa_packaging-palack-2","12":"pa_quantity-l-10-hu","13":"pa_quantity-l-1000-hu","14":"pa_quantity-l-5-hu","15":"pa_segment-gazdasagos-hu","16":"pa_without-hydrogenated-fats-igen-hu","18":"first","19":"instock","20":"shipping-taxable","21":"product-type-simple"},"_links":{"self":[{"href":"https:\/\/kruszwicapro.com\/hu\/wp-json\/wp\/v2\/product\/13165","targetHints":{"allow":["GET"]}}],"collection":[{"href":"https:\/\/kruszwicapro.com\/hu\/wp-json\/wp\/v2\/product"}],"about":[{"href":"https:\/\/kruszwicapro.com\/hu\/wp-json\/wp\/v2\/types\/product"}],"wp:featuredmedia":[{"embeddable":true,"href":"https:\/\/kruszwicapro.com\/hu\/wp-json\/wp\/v2\/media\/13660"}],"wp:attachment":[{"href":"https:\/\/kruszwicapro.com\/hu\/wp-json\/wp\/v2\/media?parent=13165"}],"wp:term":[{"taxonomy":"product_brand","embeddable":true,"href":"https:\/\/kruszwicapro.com\/hu\/wp-json\/wp\/v2\/product_brand?post=13165"},{"taxonomy":"product_cat","embeddable":true,"href":"https:\/\/kruszwicapro.com\/hu\/wp-json\/wp\/v2\/product_cat?post=13165"},{"taxonomy":"product_tag","embeddable":true,"href":"https:\/\/kruszwicapro.com\/hu\/wp-json\/wp\/v2\/product_tag?post=13165"}],"curies":[{"name":"wp","href":"https:\/\/api.w.org\/{rel}","templated":true}]}}