{"id":13154,"date":"2022-06-13T11:57:37","date_gmt":"2022-06-13T11:57:37","guid":{"rendered":"https:\/\/kruszwicapro.com\/shop\/nem-kategorizalt\/qualita-80\/"},"modified":"2022-07-26T10:44:58","modified_gmt":"2022-07-26T10:44:58","slug":"qualita-80","status":"publish","type":"product","link":"https:\/\/kruszwicapro.com\/hu\/bolt\/margarin\/qualita-80\/","title":{"rendered":"Qualita 80%"},"content":{"rendered":"<div class=\"wpb-content-wrapper\"><p>[vc_row][vc_column][vc_column_text]<\/p>\r\n<p>J\u00f3l leveg\u0151zteti a t\u00e9szt\u00e1kat, \u00e9s a t\u00e9szt\u00e1nak t\u00e9rfogatot, valamint szerkezetet ad. Ezenk\u00edv\u00fcl seg\u00edti a massza egyes \u00f6sszetev\u0151inek egyes\u00edt\u00e9s\u00e9t.<\/p>\r\n<p>JELLEMZ\u0150K:<\/p>\r\n<ul>\r\n\t<li><strong>J\u00f3 leveg\u0151ztet\u0151 (gy\u00far\u00e1si) tulajdons\u00e1gokkal rendelkezik.<\/strong><\/li>\r\n\t<li><strong>K\u00f6nnyen kombin\u00e1lhat\u00f3 m\u00e1s \u00f6sszetev\u0151kkel.<\/strong><\/li>\r\n\t<li><strong>Az \u00e9dess\u00e9g- \u00e9s p\u00e9k\u00e1ruk helyes szerkezete.<\/strong><\/li>\r\n<\/ul>\r\n<p>T\u00e1rolja sz\u00e1raz helyen, 4-15 Celsius fok k\u00f6z\u00f6tti h\u0151m\u00e9rs\u00e9kleten.<\/p>\r\n<p>[\/vc_column_text][\/vc_column][\/vc_row]<\/p><\/div>","protected":false},"excerpt":{"rendered":"<p>J\u00f3l leveg\u0151zteti a t\u00e9szt\u00e1kat, \u00e9s a t\u00e9szt\u00e1nak t\u00e9rfogatot, valamint szerkezetet ad. Ezenk\u00edv\u00fcl seg\u00edti a massza egyes \u00f6sszetev\u0151inek egyes\u00edt\u00e9s\u00e9t.<\/p>\n","protected":false},"featured_media":13022,"template":"","meta":[],"product_brand":[],"product_cat":[521],"product_tag":[475],"class_list":{"0":"post-13154","1":"product","2":"type-product","3":"status-publish","4":"has-post-thumbnail","6":"product_cat-margarin","7":"product_tag-suteshez","8":"pa_consistency-szilard-2","9":"pa_fat-content-tluszcz-80-hu","10":"pa_fat-used-kokusz","11":"pa_fat-used-palma-2","12":"pa_fat-used-repce-2","13":"pa_packaging-cardboard-hu","14":"pa_quantity-kg-10-hu","15":"pa_quantity-kg-2x5-hu","16":"pa_segment-standard-hu","17":"pa_with-colorant-igen","18":"pa_without-hydrogenated-fats-nem-2","20":"first","21":"instock","22":"shipping-taxable","23":"product-type-simple"},"_links":{"self":[{"href":"https:\/\/kruszwicapro.com\/hu\/wp-json\/wp\/v2\/product\/13154","targetHints":{"allow":["GET"]}}],"collection":[{"href":"https:\/\/kruszwicapro.com\/hu\/wp-json\/wp\/v2\/product"}],"about":[{"href":"https:\/\/kruszwicapro.com\/hu\/wp-json\/wp\/v2\/types\/product"}],"wp:featuredmedia":[{"embeddable":true,"href":"https:\/\/kruszwicapro.com\/hu\/wp-json\/wp\/v2\/media\/13022"}],"wp:attachment":[{"href":"https:\/\/kruszwicapro.com\/hu\/wp-json\/wp\/v2\/media?parent=13154"}],"wp:term":[{"taxonomy":"product_brand","embeddable":true,"href":"https:\/\/kruszwicapro.com\/hu\/wp-json\/wp\/v2\/product_brand?post=13154"},{"taxonomy":"product_cat","embeddable":true,"href":"https:\/\/kruszwicapro.com\/hu\/wp-json\/wp\/v2\/product_cat?post=13154"},{"taxonomy":"product_tag","embeddable":true,"href":"https:\/\/kruszwicapro.com\/hu\/wp-json\/wp\/v2\/product_tag?post=13154"}],"curies":[{"name":"wp","href":"https:\/\/api.w.org\/{rel}","templated":true}]}}