{"id":13149,"date":"2022-06-13T12:24:39","date_gmt":"2022-06-13T12:24:39","guid":{"rendered":"https:\/\/kruszwicapro.com\/shop\/nem-kategorizalt\/qualita-70-2\/"},"modified":"2022-07-26T10:42:04","modified_gmt":"2022-07-26T10:42:04","slug":"qualita-70","status":"publish","type":"product","link":"https:\/\/kruszwicapro.com\/hu\/bolt\/margarin\/qualita-70\/","title":{"rendered":"Qualita 70%"},"content":{"rendered":"<div class=\"wpb-content-wrapper\"><p>[vc_row][vc_column][vc_column_text]<\/p>\r\n<p>J\u00f3l kombin\u00e1l\u00f3dik a term\u00e9kek t\u00f6bbi \u00f6sszetev\u0151j\u00e9vel. Ez adja meg a megfelel\u0151 szerkezetet a s\u00fclt k\u00e9szterm\u00e9knek. Alkalmas \u00e9leszt\u0151s t\u00e9szta, halva, kekszek, \u00e9des zseml\u00e9k \u00e9s sz\u00e1mos hasonl\u00f3 cukr\u00e1szati \u00e9s p\u00e9k\u00e1ru el\u0151\u00e1ll\u00edt\u00e1s\u00e1ra.<\/p>\r\n<p>JELLEMZ\u0150K:<\/p>\r\n<ul>\r\n\t<li><strong>J\u00f3 leveg\u0151ztet\u0151 (gy\u00far\u00e1si) tulajdons\u00e1gokkal rendelkezik.<\/strong><\/li>\r\n\t<li><strong>K\u00f6nnyen kombin\u00e1lhat\u00f3 m\u00e1s \u00f6sszetev\u0151kkel.<\/strong><\/li>\r\n\t<li><strong>Az \u00e9dess\u00e9g- \u00e9s p\u00e9k\u00e1ruk helyes szerkezete.<\/strong><\/li>\r\n<\/ul>\r\n<p>T\u00e1rolja sz\u00e1raz helyen, 4-15 Celsius fok k\u00f6z\u00f6tti h\u0151m\u00e9rs\u00e9kleten.<\/p>\r\n<p>[\/vc_column_text][\/vc_column][\/vc_row]<\/p><\/div>","protected":false},"excerpt":{"rendered":"<p>J\u00f3l kombin\u00e1l\u00f3dik a term\u00e9kek t\u00f6bbi \u00f6sszetev\u0151j\u00e9vel. Ez adja meg a megfelel\u0151 szerkezetet a s\u00fclt k\u00e9szterm\u00e9knek. Alkalmas \u00e9leszt\u0151s t\u00e9szta, halva, kekszek, \u00e9des zseml\u00e9k \u00e9s sz\u00e1mos hasonl\u00f3 cukr\u00e1szati \u00e9s p\u00e9k\u00e1ru el\u0151\u00e1ll\u00edt\u00e1s\u00e1ra.<\/p>\n","protected":false},"featured_media":13019,"template":"","meta":[],"product_brand":[],"product_cat":[521],"product_tag":[475],"class_list":{"0":"post-13149","1":"product","2":"type-product","3":"status-publish","4":"has-post-thumbnail","6":"product_cat-margarin","7":"product_tag-suteshez","8":"pa_consistency-szilard-2","9":"pa_fat-used-kokusz","10":"pa_fat-used-palma-2","11":"pa_fat-used-repce-2","12":"pa_packaging-karton-hu","13":"pa_quantity-kg-10-hu","14":"pa_quantity-kg-2x5-hu","15":"pa_segment-standard-hu","16":"pa_tfa-2-hu","17":"pa_without-hydrogenated-fats-nem-2","19":"first","20":"instock","21":"shipping-taxable","22":"product-type-simple"},"_links":{"self":[{"href":"https:\/\/kruszwicapro.com\/hu\/wp-json\/wp\/v2\/product\/13149","targetHints":{"allow":["GET"]}}],"collection":[{"href":"https:\/\/kruszwicapro.com\/hu\/wp-json\/wp\/v2\/product"}],"about":[{"href":"https:\/\/kruszwicapro.com\/hu\/wp-json\/wp\/v2\/types\/product"}],"wp:featuredmedia":[{"embeddable":true,"href":"https:\/\/kruszwicapro.com\/hu\/wp-json\/wp\/v2\/media\/13019"}],"wp:attachment":[{"href":"https:\/\/kruszwicapro.com\/hu\/wp-json\/wp\/v2\/media?parent=13149"}],"wp:term":[{"taxonomy":"product_brand","embeddable":true,"href":"https:\/\/kruszwicapro.com\/hu\/wp-json\/wp\/v2\/product_brand?post=13149"},{"taxonomy":"product_cat","embeddable":true,"href":"https:\/\/kruszwicapro.com\/hu\/wp-json\/wp\/v2\/product_cat?post=13149"},{"taxonomy":"product_tag","embeddable":true,"href":"https:\/\/kruszwicapro.com\/hu\/wp-json\/wp\/v2\/product_tag?post=13149"}],"curies":[{"name":"wp","href":"https:\/\/api.w.org\/{rel}","templated":true}]}}