{"id":13142,"date":"2022-06-13T11:09:28","date_gmt":"2022-06-13T11:09:28","guid":{"rendered":"https:\/\/kruszwicapro.com\/shop\/nem-kategorizalt\/pan-max\/"},"modified":"2022-10-04T10:35:57","modified_gmt":"2022-10-04T10:35:57","slug":"pan-max","status":"publish","type":"product","link":"https:\/\/kruszwicapro.com\/hu\/bolt\/olajsutokbe-hasznalatos-olajok\/pan-max\/","title":{"rendered":"PAN MAX"},"content":{"rendered":"<div class=\"wpb-content-wrapper\"><p>[vc_row][vc_column][vc_column_text]<\/p>\r\n<p>Frit\u0151zolaj halak, tenger gy\u00fcm\u00f6lcsei, baromfi, chips, pan\u00edrozott z\u00f6lds\u00e9gek, f\u00e1nkok, f\u00e1nkok, k\u00e9pvisel\u0151f\u00e1nkok s\u00fct\u00e9s\u00e9hez.<\/p>\r\n<p>JELLEMZ\u0150K:<\/p>\r\n<ul>\r\n\t<li><strong>Nagy stabilit\u00e1s<\/strong><\/li>\r\n\t<li><strong>Magas f\u00fcstpont &lt;230\u00b0 felett<\/strong><\/li>\r\n\t<li><strong>K\u00e9nyelmes sz\u0171r\u00e9s<\/strong><\/li>\r\n\t<li><strong>Foly\u00e9kony forma, m\u00e9g h\u0171tve t\u00e1rolva is<\/strong><\/li>\r\n<\/ul>\r\n<p>T\u00e1rolja sz\u00e1raz helyen, 4-15 Celsius fok k\u00f6z\u00f6tti h\u0151m\u00e9rs\u00e9kleten.<\/p>\r\n<p>[\/vc_column_text][\/vc_column][\/vc_row][vc_row][vc_column][vc_column_text]<\/p>\r\n<p>[:sk]<\/p>\r\n<p>[\/vc_column_text][\/vc_column][\/vc_row][vc_row][vc_column][vc_column_text]Fritovac\u00ed tuk na vypr\u00e1\u017eanie r\u00fdb, morsk\u00fdch plodov, hydiny, hranoliek, oba\u013eovanej zeleniny, \u0161i\u0161iek, hrudiek.<\/p>\r\n<p>CHARAKTERISTIKA :<\/p>\r\n<ul>\r\n\t<li><strong>Vysok\u00e1 stabilita<\/strong><\/li>\r\n\t<li><strong>Vysok\u00fd bod zadymenia nad &lt;230 \u00b0C<\/strong><\/li>\r\n\t<li><strong>Pohodln\u00e9 filtrovanie<\/strong><\/li>\r\n\t<li><strong>Tekut\u00e1 forma aj pri skladovan\u00ed v chlade<\/strong><\/li>\r\n<\/ul>\r\n<p>Skladujte v suchu pri teplote: 4-15 stup\u0148ov Celzia.<\/p>\r\n<p>[\/vc_column_text][\/vc_column][\/vc_row][vc_row][vc_column][vc_column_text]<\/p>\r\n<p>[:hu]<\/p>\r\n<p>[\/vc_column_text][\/vc_column][\/vc_row][vc_row][vc_column][vc_column_text]Frit\u0151zolaj halak, tenger gy\u00fcm\u00f6lcsei, baromfi, chips, pan\u00edrozott z\u00f6lds\u00e9gek, f\u00e1nkok, f\u00e1nkok, k\u00e9pvisel\u0151f\u00e1nkok s\u00fct\u00e9s\u00e9hez.<\/p>\r\n<p>JELLEMZ\u0150K:<\/p>\r\n<ul>\r\n\t<li><strong>Nagy stabilit\u00e1s<\/strong><\/li>\r\n\t<li><strong>Magas f\u00fcstpont &lt;230\u00b0 felett<\/strong><\/li>\r\n\t<li><strong>K\u00e9nyelmes sz\u0171r\u00e9s<\/strong><\/li>\r\n\t<li><strong>Foly\u00e9kony forma, m\u00e9g h\u0171tve t\u00e1rolva is<\/strong><\/li>\r\n<\/ul>\r\n<p>T\u00e1rolja sz\u00e1raz helyen, 4-15 Celsius fok k\u00f6z\u00f6tti h\u0151m\u00e9rs\u00e9kleten.<\/p>\r\n<p>[\/vc_column_text][\/vc_column][\/vc_row][vc_row][vc_column][vc_column_text]<\/p>\r\n<p>[:en]<\/p>\r\n<p>[\/vc_column_text][\/vc_column][\/vc_row][vc_row][vc_column][vc_column_text]For deep frying of fish, seafood, poultry, fries, breaded vegetables, donuts, angel wings.<\/p>\r\n<p>CHARACTERISTICS:<\/p>\r\n<ul>\r\n\t<li><strong>High stability<\/strong><\/li>\r\n\t<li><strong>High smoke point above 230\u00b0C<\/strong><\/li>\r\n\t<li><strong>Convenient filtration<\/strong><\/li>\r\n\t<li><strong>Liquid form &#8211; even when stored under refrigeration<\/strong><\/li>\r\n<\/ul>\r\n<p>Store in a dry cool place, at: 4-15 Celsius degrees.<\/p>\r\n<p>[\/vc_column_text][\/vc_column][\/vc_row][vc_row][vc_column][vc_column_text]<\/p>\r\n<p>[:][\/vc_column_text][\/vc_column][\/vc_row]<\/p><\/div>","protected":false},"excerpt":{"rendered":"<p>Frit\u0151zolaj halak, tenger gy\u00fcm\u00f6lcsei, baromfi, chips, pan\u00edrozott z\u00f6lds\u00e9gek, f\u00e1nkok, f\u00e1nkok, k\u00e9pvisel\u0151f\u00e1nkok s\u00fct\u00e9s\u00e9hez.<\/p>\n","protected":false},"featured_media":13705,"template":"","meta":[],"product_brand":[],"product_cat":[674],"product_tag":[],"class_list":{"0":"post-13142","1":"product","2":"type-product","3":"status-publish","4":"has-post-thumbnail","6":"product_cat-olajsutokbe-hasznalatos-olajok","7":"pa_consistency-folyekony-2","8":"pa_fat-content-100-hu","9":"pa_fat-used-palma-2","10":"pa_fat-used-repce-2","11":"pa_packaging-palack-2","12":"pa_quantity-kg-5-kg-hu","13":"pa_quantity-l-5-hu","14":"pa_segment-gazdasagos-hu","15":"pa_tfa-0-4-hu","16":"pa_without-hydrogenated-fats-nem-2","18":"first","19":"instock","20":"shipping-taxable","21":"product-type-simple"},"_links":{"self":[{"href":"https:\/\/kruszwicapro.com\/hu\/wp-json\/wp\/v2\/product\/13142","targetHints":{"allow":["GET"]}}],"collection":[{"href":"https:\/\/kruszwicapro.com\/hu\/wp-json\/wp\/v2\/product"}],"about":[{"href":"https:\/\/kruszwicapro.com\/hu\/wp-json\/wp\/v2\/types\/product"}],"wp:featuredmedia":[{"embeddable":true,"href":"https:\/\/kruszwicapro.com\/hu\/wp-json\/wp\/v2\/media\/13705"}],"wp:attachment":[{"href":"https:\/\/kruszwicapro.com\/hu\/wp-json\/wp\/v2\/media?parent=13142"}],"wp:term":[{"taxonomy":"product_brand","embeddable":true,"href":"https:\/\/kruszwicapro.com\/hu\/wp-json\/wp\/v2\/product_brand?post=13142"},{"taxonomy":"product_cat","embeddable":true,"href":"https:\/\/kruszwicapro.com\/hu\/wp-json\/wp\/v2\/product_cat?post=13142"},{"taxonomy":"product_tag","embeddable":true,"href":"https:\/\/kruszwicapro.com\/hu\/wp-json\/wp\/v2\/product_tag?post=13142"}],"curies":[{"name":"wp","href":"https:\/\/api.w.org\/{rel}","templated":true}]}}