{"id":13139,"date":"2017-09-22T21:25:58","date_gmt":"2017-09-22T21:25:58","guid":{"rendered":"https:\/\/kruszwicapro.com\/shop\/nem-kategorizalt\/qualito-plus\/"},"modified":"2022-10-11T10:32:35","modified_gmt":"2022-10-11T10:32:35","slug":"qualito-plus","status":"publish","type":"product","link":"https:\/\/kruszwicapro.com\/hu\/bolt\/olajsutokbe-hasznalatos-olajok\/qualito-plus\/","title":{"rendered":"Qualito Plus"},"content":{"rendered":"<p>Az \u00f6sszetev\u0151k kiv\u00e9teles \u00f6sszet\u00e9tel\u00e9nek k\u00f6sz\u00f6nhet\u0151en jobban ellen\u00e1ll a h\u0151m\u00e9rs\u00e9klet okozta v\u00e1ltoz\u00e1soknak, magas a f\u00fcstpontja, ez\u00e1ltal komfortosabb a haszn\u00e1lata. A f\u00e9lig foly\u00e9kony \u00e1llag k\u00e9nyelmes megold\u00e1s, mely megk\u00f6nny\u00edti a ki\u00f6nt\u00e9s\u00e9t.<\/p>\r\n<ul>\r\n\t<li><strong>Magas f\u00fcstpont \u2013 220 \u00b0C felett.<\/strong><\/li>\r\n\t<li><strong>Magasfok\u00fa stabilit\u00e1s a n\u00f6v\u00e9nyi olajok megfelel\u0151 kever\u00e9k\u00e9nek k\u00f6sz\u00f6nhet\u0151en.<\/strong><\/li>\r\n\t<li><strong>Neutr\u00e1lis \u00edz \u00e9s illat.<\/strong><\/li>\r\n<\/ul>","protected":false},"excerpt":{"rendered":"<p>Enyh\u00e9n foly\u00e9kony s\u00fct\u00e9shez alkalmas zsirad\u00e9k f\u00e1nkok nagy mennyis\u00e9g\u0171 zsirad\u00e9kban val\u00f3 s\u00fct\u00e9s\u00e9hez, p\u00e1lmaolajb\u00f3l \u00e9s repceolajb\u00f3l el\u0151\u00e1ll\u00edtva.<\/p>\n","protected":false},"featured_media":12590,"template":"","meta":[],"product_brand":[],"product_cat":[674],"product_tag":[478],"class_list":{"0":"post-13139","1":"product","2":"type-product","3":"status-publish","4":"has-post-thumbnail","6":"product_cat-olajsutokbe-hasznalatos-olajok","7":"product_tag-nagy-mennyisegu-zsiradekban-valo-suteshez-hu","8":"pa_consistency-felig-folyekony-2","9":"pa_fat-content-100-hu","10":"pa_fat-used-palma-2","11":"pa_fat-used-repce-2","12":"pa_packaging-vodor-2","13":"pa_quantity-l-10-hu","14":"pa_quantity-l-20-hu","15":"pa_rspo-certificate-nem","16":"pa_segment-standard-hu","17":"pa_smoke-point-temp-220-hu","18":"pa_tfa-1-hu","19":"pa_without-hydrogenated-fats-nem-2","21":"first","22":"instock","23":"shipping-taxable","24":"product-type-simple"},"_links":{"self":[{"href":"https:\/\/kruszwicapro.com\/hu\/wp-json\/wp\/v2\/product\/13139","targetHints":{"allow":["GET"]}}],"collection":[{"href":"https:\/\/kruszwicapro.com\/hu\/wp-json\/wp\/v2\/product"}],"about":[{"href":"https:\/\/kruszwicapro.com\/hu\/wp-json\/wp\/v2\/types\/product"}],"wp:featuredmedia":[{"embeddable":true,"href":"https:\/\/kruszwicapro.com\/hu\/wp-json\/wp\/v2\/media\/12590"}],"wp:attachment":[{"href":"https:\/\/kruszwicapro.com\/hu\/wp-json\/wp\/v2\/media?parent=13139"}],"wp:term":[{"taxonomy":"product_brand","embeddable":true,"href":"https:\/\/kruszwicapro.com\/hu\/wp-json\/wp\/v2\/product_brand?post=13139"},{"taxonomy":"product_cat","embeddable":true,"href":"https:\/\/kruszwicapro.com\/hu\/wp-json\/wp\/v2\/product_cat?post=13139"},{"taxonomy":"product_tag","embeddable":true,"href":"https:\/\/kruszwicapro.com\/hu\/wp-json\/wp\/v2\/product_tag?post=13139"}],"curies":[{"name":"wp","href":"https:\/\/api.w.org\/{rel}","templated":true}]}}