{"id":13134,"date":"2022-06-10T14:56:58","date_gmt":"2022-06-10T14:56:58","guid":{"rendered":"https:\/\/kruszwicapro.com\/shop\/nem-kategorizalt\/english-maestro-colour\/"},"modified":"2022-07-26T10:37:23","modified_gmt":"2022-07-26T10:37:23","slug":"english-maestro-colour","status":"publish","type":"product","link":"https:\/\/kruszwicapro.com\/hu\/bolt\/olajok\/english-maestro-colour\/","title":{"rendered":"MAESTRO KOLOR [BARVA]"},"content":{"rendered":"<div class=\"wpb-content-wrapper\"><p>[vc_row][vc_column][vc_column_text]<\/p>\r\n<p>Fokozza a vil\u00e1gos \u00e9s s\u00f6t\u00e9t p\u00e9k\u00e1ruk sz\u00ednintenzit\u00e1s\u00e1t. Ez fokozza az \u00e9tv\u00e1gygerjeszt\u0151 megjelen\u00e9st, \u00e9s rugalmass\u00e1 teszi a s\u00fctem\u00e9nyt. B\u00e9ta-karotinnal d\u00fas\u00edtott olaj. Az alapanyag repceolaj.<\/p>\r\n<p>JELLEMZ\u0150K:<\/p>\r\n<ul>\r\n\t<li>Mark\u00e1nsabb \u00e1rnyalat\u00fa s\u00fctem\u00e9nyek &#8211; vil\u00e1gos \u00e9s s\u00f6t\u00e9t egyar\u00e1nt.<\/li>\r\n\t<li>Kiv\u00e9teles morzsakem\u00e9nys\u00e9g.<\/li>\r\n\t<li>Az \u00f6sszetev\u0151k jobb kever\u00e9se.<\/li>\r\n\t<li>Megfelel\u0151 nedvess\u00e9g a t\u00e9szt\u00e1ban.<\/li>\r\n<\/ul>\r\n<p>[\/vc_column_text][\/vc_column][\/vc_row]<\/p><\/div>","protected":false},"excerpt":{"rendered":"<\/p>\n<p>Fokozza a vil\u00e1gos \u00e9s s\u00f6t\u00e9t p\u00e9k\u00e1ruk sz\u00ednintenzit\u00e1s\u00e1t. Ez fokozza az \u00e9tv\u00e1gygerjeszt\u0151 megjelen\u00e9st, \u00e9s rugalmass\u00e1 teszi a s\u00fctem\u00e9nyt. B\u00e9ta-karotinnal d\u00fas\u00edtott olaj. Az alapanyag repceolaj<\/p><\/p>\n","protected":false},"featured_media":13010,"template":"","meta":[],"product_brand":[],"product_cat":[516],"product_tag":[],"class_list":{"0":"post-13134","1":"product","2":"type-product","3":"status-publish","4":"has-post-thumbnail","6":"product_cat-olajok","8":"first","9":"instock","10":"virtual","11":"product-type-simple"},"_links":{"self":[{"href":"https:\/\/kruszwicapro.com\/hu\/wp-json\/wp\/v2\/product\/13134","targetHints":{"allow":["GET"]}}],"collection":[{"href":"https:\/\/kruszwicapro.com\/hu\/wp-json\/wp\/v2\/product"}],"about":[{"href":"https:\/\/kruszwicapro.com\/hu\/wp-json\/wp\/v2\/types\/product"}],"wp:featuredmedia":[{"embeddable":true,"href":"https:\/\/kruszwicapro.com\/hu\/wp-json\/wp\/v2\/media\/13010"}],"wp:attachment":[{"href":"https:\/\/kruszwicapro.com\/hu\/wp-json\/wp\/v2\/media?parent=13134"}],"wp:term":[{"taxonomy":"product_brand","embeddable":true,"href":"https:\/\/kruszwicapro.com\/hu\/wp-json\/wp\/v2\/product_brand?post=13134"},{"taxonomy":"product_cat","embeddable":true,"href":"https:\/\/kruszwicapro.com\/hu\/wp-json\/wp\/v2\/product_cat?post=13134"},{"taxonomy":"product_tag","embeddable":true,"href":"https:\/\/kruszwicapro.com\/hu\/wp-json\/wp\/v2\/product_tag?post=13134"}],"curies":[{"name":"wp","href":"https:\/\/api.w.org\/{rel}","templated":true}]}}