{"id":13128,"date":"2017-09-22T21:37:19","date_gmt":"2017-09-22T21:37:19","guid":{"rendered":"https:\/\/kruszwicapro.com\/shop\/nem-kategorizalt\/top-q-1000l\/"},"modified":"2022-07-27T09:00:06","modified_gmt":"2022-07-27T09:00:06","slug":"top-q-1000l","status":"publish","type":"product","link":"https:\/\/kruszwicapro.com\/hu\/bolt\/olajok\/top-q-1000l\/","title":{"rendered":"Top Q (1000 L)"},"content":{"rendered":"<div class=\"wpb-content-wrapper\"><p>[vc_row][vc_column][\/vc_column][\/vc_row][vc_row][vc_column][vc_column_text]<\/p>\r\n<p>A TOP Q repceolaj \u00e9vek \u00f3ta bizony\u00edtott min\u0151s\u00e9g, most V-Label tan\u00fas\u00edtv\u00e1nnyal! A V-c\u00edmke a veget\u00e1ri\u00e1nusoknak \u00e9s veg\u00e1noknak sz\u00e1nt term\u00e9kek legismertebb c\u00edmk\u00e9je. Ez a tan\u00fas\u00edtv\u00e1ny garant\u00e1lja, hogy a term\u00e9k \u00e9s annak csomagol\u00e1sa teljesen mentes az \u00e1llati eredet\u0171 \u00f6sszetev\u0151kt\u0151l. Ez biztos\u00edtja, hogy a TopQ megfelel a legmagasabb k\u00f6vetelm\u00e9nyeknek, \u00e9s biztons\u00e1gosan haszn\u00e1lhat\u00f3 b\u00e1rmelyik konyh\u00e1ban! S\u00fct\u00e9shez, f\u0151z\u00e9shez \u00e9s s\u00fct\u00e9shez. H\u00fasos \u00e9s veg\u00e1n \u00e9telekhez egyar\u00e1nt j\u00f3l haszn\u00e1lhat\u00f3. Melegen \u00e9s hidegen t\u00f6rt\u00e9n\u0151 felhaszn\u00e1l\u00e1sra.<\/p>\r\n<p>JELLEMZ\u0150K:<\/p>\r\n<ul>\r\n\t<li><strong>Zs\u00edrsav\u00f6sszet\u00e9tel\u00e9nek k\u00f6sz\u00f6nhet\u0151en hosszabb ideig meg\u0151rzi tulajdons\u00e1gait.<\/strong><\/li>\r\n\t<li><strong>Magas, 240 \u00b0C feletti f\u00fcstpontja lehet\u0151v\u00e9 teszi, hogy sz\u00e9les h\u0151m\u00e9rs\u00e9klettartom\u00e1nyban haszn\u00e1lhat\u00f3 legyen.<\/strong><\/li>\r\n\t<li><strong>Omega-3 \u00e9s Omega-6, valamint A-, D-, E- \u00e9s K-vitamin forr\u00e1sk\u00e9nt t\u00e1mogatja az eg\u00e9sz szervezet m\u0171k\u00f6d\u00e9s\u00e9t.<\/strong><\/li>\r\n<\/ul>\r\n<p>HAT\u00c1S:<\/p>\r\n<ul>\r\n\t<li><strong>Semleges \u00edz \u00e9s illat.<\/strong><\/li>\r\n\t<li><strong>Magas munkakomfort.<\/strong><\/li>\r\n\t<li><strong>Nagyobb mennyis\u00e9g\u0171 \u00e9tel megs\u00fct\u00e9s\u00e9t teszi lehet\u0151v\u00e9.<\/strong><\/li>\r\n<\/ul>\r\n<p>[\/vc_column_text][\/vc_column][\/vc_row]<\/p><\/div>","protected":false},"excerpt":{"rendered":"<p>Cukr\u00e1sz- \u00e9s p\u00e9kipari term\u00e9kek k\u00e9sz\u00edt\u00e9s\u00e9re sz\u00e1nt repceolaj, f\u0151k\u00e9ppen olajos pisk\u00f3tat\u00e9szt\u00e1khoz, kelt t\u00e9szt\u00e1b\u00f3l k\u00e9sz\u00fclt \u00e9des s\u00fctem\u00e9nyekhez, valamint cukr\u00e1szati \u00e9s s\u00fct\u0151ipari kever\u00e9kekhez.<\/p>\n","protected":false},"featured_media":12587,"template":"","meta":[],"product_brand":[],"product_cat":[516],"product_tag":[475],"class_list":{"0":"post-13128","1":"product","2":"type-product","3":"status-publish","4":"has-post-thumbnail","6":"product_cat-olajok","7":"product_tag-suteshez","8":"pa_clean-label-igen","9":"pa_consistency-folyekony-2","10":"pa_fat-content-100-hu","11":"pa_fat-used-repce-2","12":"pa_packaging-raklap-tartaly-2","13":"pa_quantity-l-1000-hu","14":"pa_segment-gazdasagos-hu","15":"pa_without-hydrogenated-fats-igen-hu","17":"first","18":"instock","19":"shipping-taxable","20":"product-type-simple"},"_links":{"self":[{"href":"https:\/\/kruszwicapro.com\/hu\/wp-json\/wp\/v2\/product\/13128","targetHints":{"allow":["GET"]}}],"collection":[{"href":"https:\/\/kruszwicapro.com\/hu\/wp-json\/wp\/v2\/product"}],"about":[{"href":"https:\/\/kruszwicapro.com\/hu\/wp-json\/wp\/v2\/types\/product"}],"wp:featuredmedia":[{"embeddable":true,"href":"https:\/\/kruszwicapro.com\/hu\/wp-json\/wp\/v2\/media\/12587"}],"wp:attachment":[{"href":"https:\/\/kruszwicapro.com\/hu\/wp-json\/wp\/v2\/media?parent=13128"}],"wp:term":[{"taxonomy":"product_brand","embeddable":true,"href":"https:\/\/kruszwicapro.com\/hu\/wp-json\/wp\/v2\/product_brand?post=13128"},{"taxonomy":"product_cat","embeddable":true,"href":"https:\/\/kruszwicapro.com\/hu\/wp-json\/wp\/v2\/product_cat?post=13128"},{"taxonomy":"product_tag","embeddable":true,"href":"https:\/\/kruszwicapro.com\/hu\/wp-json\/wp\/v2\/product_tag?post=13128"}],"curies":[{"name":"wp","href":"https:\/\/api.w.org\/{rel}","templated":true}]}}