{"id":13125,"date":"2018-06-01T10:33:01","date_gmt":"2018-06-01T10:33:01","guid":{"rendered":"https:\/\/kruszwicapro.com\/shop\/nem-kategorizalt\/qualito-fry\/"},"modified":"2022-10-11T10:34:53","modified_gmt":"2022-10-11T10:34:53","slug":"qualito-fry","status":"publish","type":"product","link":"https:\/\/kruszwicapro.com\/hu\/bolt\/olajsutokbe-hasznalatos-olajok\/qualito-fry\/","title":{"rendered":"Qualito Fry"},"content":{"rendered":"<div class=\"wpb-content-wrapper\"><p>[vc_row][vc_column][vc_column_text]<\/p>\r\n<p>A Qualito FRY \u00f6tv\u00f6zi a repceolaj egyedi tulajdons\u00e1gait \u00e9s a p\u00e1lmaolaj stabilit\u00e1s\u00e1t, garant\u00e1lva ezzel az \u00e9des \u00e9s cs\u00edp\u0151s, hideg \u00e9s meleg term\u00e9kek hossz\u00fa ideig tart\u00f3 s\u00fct\u00e9s\u00e9nek t\u00f6k\u00e9letes eredm\u00e9ny\u00e9t. A nyersanyagok megfelel\u0151 \u00f6sszet\u00e9tel\u00e9nek k\u00f6sz\u00f6nhet\u0151en ez a term\u00e9k a m\u00e1rka k\u00edn\u00e1lat\u00e1nak egyik legstabilabb term\u00e9ke.<\/p>\r\n<ul>\r\n\t<li><strong>Foly\u00e9kony \u00e1llag =&gt; gyors\u00edtja a term\u00e9kkel val\u00f3 munk\u00e1t, egyszer\u0171s\u00edti a sz\u0171r\u00e9st, k\u00f6lts\u00e9ghat\u00e9kony, n\u00f6veli a munka k\u00e9nyelm\u00e9t.<\/strong><\/li>\r\n\t<li><strong>Magas f\u00fcstpont 225 \u00b0C felett.<\/strong><\/li>\r\n\t<li><strong>A felhaszn\u00e1lhat\u00f3s\u00e1g hosszabb id\u0151tartam\u00e1t a term\u00e9k stabilit\u00e1sa biztos\u00edtja: MUFA 53 %, SAFA 30 %<\/strong><\/li>\r\n\t<li><strong>Praktikus 5 l PET palack, mely seg\u00edti az adagol\u00e1st \u00e9s a term\u00e9k t\u00e1rol\u00e1s\u00e1t.<\/strong><\/li>\r\n\t<li><strong>A tel\u00edtetlen zs\u00edrsavak magas ar\u00e1nya, f\u0151k\u00e9ppen a mono-tel\u00edtetlen zsirsavak\u00e9, \u00e9s az, hogy a term\u00e9k nem tartalmaz TFA-t \u00e9s kem\u00e9ny\u00edtett zs\u00edrokat, biztos\u00edtja a s\u00fct\u0151olaj j\u00f3 t\u00e1pl\u00e1lkoz\u00e1si profilj\u00e1t.<\/strong><\/li>\r\n<\/ul>\r\n<p>&nbsp;<\/p>\r\n<p>[\/vc_column_text][\/vc_column][\/vc_row]<\/p><\/div>","protected":false},"excerpt":{"rendered":"<p>A QUALITO FRY egy 100% -os n\u00f6v\u00e9nyi s\u00fct\u0151olaj, mely \u00e9des \u00e9s cs\u00edp\u0151s \u00e9telek kis\u00fct\u00e9s\u00e9hez aj\u00e1nlott. Megb\u00edzhat\u00f3 term\u00e9k, amely enyh\u00e9n h\u0171ti a konyh\u00e1ban a leveg\u0151t. K\u00e9t stabil n\u00f6v\u00e9nyi olaj legjobb kombin\u00e1ci\u00f3ja. A foly\u00e9kony \u00e1llag \u00e9s a 225 \u00b0 C feletti f\u00fcstpontnak k\u00f6sz\u00f6nhet\u0151en t\u00f6bb\u00e9 &#8222;nem \u00e9g a l\u00e1bunk alatt a talaj&#8221;.<\/p>\n","protected":false},"featured_media":12638,"template":"","meta":[],"product_brand":[],"product_cat":[674],"product_tag":[478],"class_list":{"0":"post-13125","1":"product","2":"type-product","3":"status-publish","4":"has-post-thumbnail","6":"product_cat-olajsutokbe-hasznalatos-olajok","7":"product_tag-nagy-mennyisegu-zsiradekban-valo-suteshez-hu","8":"pa_consistency-folyekony-2","9":"pa_fat-content-100-hu","10":"pa_fat-used-palma-2","11":"pa_fat-used-repce-2","12":"pa_packaging-palack-2","13":"pa_quantity-l-5-hu","14":"pa_rspo-certificate-nem","15":"pa_segment-standard-hu","16":"pa_smoke-point-225c-hu","17":"pa_tfa-05-hu","18":"pa_without-hydrogenated-fats-nem-2","20":"first","21":"instock","22":"shipping-taxable","23":"product-type-simple"},"_links":{"self":[{"href":"https:\/\/kruszwicapro.com\/hu\/wp-json\/wp\/v2\/product\/13125","targetHints":{"allow":["GET"]}}],"collection":[{"href":"https:\/\/kruszwicapro.com\/hu\/wp-json\/wp\/v2\/product"}],"about":[{"href":"https:\/\/kruszwicapro.com\/hu\/wp-json\/wp\/v2\/types\/product"}],"wp:featuredmedia":[{"embeddable":true,"href":"https:\/\/kruszwicapro.com\/hu\/wp-json\/wp\/v2\/media\/12638"}],"wp:attachment":[{"href":"https:\/\/kruszwicapro.com\/hu\/wp-json\/wp\/v2\/media?parent=13125"}],"wp:term":[{"taxonomy":"product_brand","embeddable":true,"href":"https:\/\/kruszwicapro.com\/hu\/wp-json\/wp\/v2\/product_brand?post=13125"},{"taxonomy":"product_cat","embeddable":true,"href":"https:\/\/kruszwicapro.com\/hu\/wp-json\/wp\/v2\/product_cat?post=13125"},{"taxonomy":"product_tag","embeddable":true,"href":"https:\/\/kruszwicapro.com\/hu\/wp-json\/wp\/v2\/product_tag?post=13125"}],"curies":[{"name":"wp","href":"https:\/\/api.w.org\/{rel}","templated":true}]}}