{"id":13121,"date":"2017-10-22T12:18:22","date_gmt":"2017-10-22T12:18:22","guid":{"rendered":"https:\/\/kruszwicapro.com\/shop\/nem-kategorizalt\/maestro-sol-karton\/"},"modified":"2022-10-04T10:49:07","modified_gmt":"2022-10-04T10:49:07","slug":"maestro-sol-karton","status":"publish","type":"product","link":"https:\/\/kruszwicapro.com\/hu\/bolt\/olajsutokbe-hasznalatos-olajok\/maestro-sol-karton\/","title":{"rendered":"Maestro Sol (bag in box)"},"content":{"rendered":"<div class=\"wpb-content-wrapper\"><p>[vc_row][vc_column][vc_column_text]<\/p>\r\n<p>A v\u00e9gterm\u00e9k \u00edz\u00e9t nem befoly\u00e1solja. A foly\u00e9kony \u00e1llag l\u00e9nyegesen meggyors\u00edtja a s\u00fct\u00e9st. Egyben efekt\u00edv is \u00e9s helyes haszn\u00e1lat eset\u00e9n ellen\u00e1ll azon k\u00e1ros hat\u00e1soknak, melyek a legt\u00f6bb zsirad\u00e9kban a magas h\u0151m\u00e9rs\u00e9klet hat\u00e1s\u00e1ra k\u00f6vetkeznek be. Az olaj olyan \u00e9telekhez aj\u00e1nlott, melyek s\u00fct\u00e9se nagy mennyis\u00e9g\u0171 olajban t\u00f6rt\u00e9nik.<\/p>\r\n<ul>\r\n\t<li><strong>Magas f\u00fcstpont hat\u00e1r \u2013 235 \u00b0C felett.<\/strong><\/li>\r\n\t<li><strong>Magasan ellen\u00e1ll\u00f3 azon hat\u00e1sokkal szemben, melyek a magas h\u0151fokon t\u00f6rt\u00e9n\u0151 s\u00fct\u00e9s k\u00f6zben a zsirad\u00e9kban keletkeznek.<\/strong><\/li>\r\n\t<li><strong>A felhaszn\u00e1lhat\u00f3s\u00e1g id\u0151tartama 40%-kal hosszabb a t\u00f6bbi p\u00e1lma-s\u00fct\u0151olajjal val\u00f3 \u00f6sszehasonl\u00edt\u00e1sban.<\/strong><\/li>\r\n\t<li><strong>A neutr\u00e1lis \u00edz \u00e9s illat engedi \u00e9rv\u00e9nyes\u00fclni a s\u00fclt \u00e9telek term\u00e9szetes jelleg\u00e9t \u00e9s arom\u00e1j\u00e1t.<\/strong><\/li>\r\n\t<li><strong>A foly\u00e9kony \u00e1llag gyors\u00edtja a hev\u00edt\u00e9st \u00e9s k\u00f6nny\u00edti a sz\u0171r\u00e9st.<\/strong><\/li>\r\n<\/ul>\r\n<p class=\"p1\"><strong><img loading=\"lazy\" decoding=\"async\" class=\"alignnone wp-image-10493 size-full\" src=\"https:\/\/kruszwicapro.com\/wp-content\/uploads\/2017\/09\/ico_mb.png\" alt=\"\" width=\"64\" height=\"64\" \/><\/strong><strong>MASS BALANCE<\/strong><\/p>\r\n<p>Az olaj p\u00e1lm\u00e1b\u00f3l val\u00f3 kinyer\u00e9se vitatott k\u00e9rd\u00e9s, mivel \u00f6sszek\u00f6thet\u0151 az es\u0151erd\u0151k illeg\u00e1lis irt\u00e1s\u00e1val az olajp\u00e1lma termeszt\u00e9se miatt. Az olajok \u00e9s n\u00f6v\u00e9nyi zs\u00edrok piac\u00e1n vezet\u0151 helyet foglalunk el, ez\u00e9rt felel\u0151ss\u00e9ggel tartozunk a mez\u0151gazdas\u00e1g fenntarthat\u00f3 fejl\u0151d\u00e9s\u00e9\u00e9rt. Az \u00fcltetv\u00e9nyekr\u0151l sz\u00e1rmaz\u00f3 p\u00e1lmaolaj azon sz\u00e1ll\u00edt\u00f3ival m\u0171k\u00f6d\u00fcnk egy\u00fctt, akik nem j\u00e1rulnak hozz\u00e1 a term\u00e9szetes \u00f6kosziszt\u00e9m\u00e1k megsemmis\u00edt\u00e9s\u00e9hez \u00e9s nincsenek k\u00e1ros hat\u00e1ssal az adott ter\u00fclet lakoss\u00e1g\u00e1ra. T\u00e1mogatjuk a The Roundtable on Sustainable Palma Oil (RSPO) term\u00e9ktan\u00fas\u00edt\u00e1si rendszer koncepci\u00f3j\u00e1t. Mass Balance \u00e9s Segregate min\u0151s\u00edt\u00e9ssel ell\u00e1tott p\u00e1lmaolajat tartalmaz\u00f3 term\u00e9keket sz\u00e1ll\u00edtunk.<\/p>\r\n<p>[\/vc_column_text][\/vc_column][\/vc_row]<\/p><\/div>","protected":false},"excerpt":{"rendered":"<p>A Maestro Sol s\u00fct\u0151olaj nagy mennyis\u00e9g\u0171 olajban k\u00e9sz\u00fclt r\u00e1ntott \u00e9telek k\u00e9sz\u00edt\u00e9s\u00e9re alkalmas, a legig\u00e9nyesebb szakemberek sz\u00e1m\u00e1ra is megold\u00e1st jelent. Csak a legjobb min\u0151s\u00e9g\u0171 n\u00f6v\u00e9nyi olajokb\u00f3l k\u00e9sz\u00fcl. Nem tartalmaz hidrog\u00e9nezett zs\u00edrokat, allerg\u00e9nanyagokat, zs\u00edrsavak transz-izomereit \u00e9s tart\u00f3s\u00edt\u00f3szereket sem. Tel\u00edtetlen zs\u00edrsavakat megfelel\u0151 ar\u00e1nyban biztos\u00edt.<\/p>\n[simple_tooltip content='A gy\u00e1rt\u00e1shoz Mass Balance min\u0151s\u00edt\u00e9ssel ell\u00e1tott p\u00e1lmaolajat haszn\u00e1ltunk']<img loading=\"lazy\" decoding=\"async\" class=\"alignnone wp-image-10493 size-full\" src=\"https:\/\/kruszwicapro.com\/wp-content\/uploads\/2017\/09\/ico_mb.png\" alt=\"\" width=\"64\" height=\"64\" \/>[\/simple_tooltip]\n","protected":false},"featured_media":12269,"template":"","meta":[],"product_brand":[],"product_cat":[674],"product_tag":[478],"class_list":{"0":"post-13121","1":"product","2":"type-product","3":"status-publish","4":"has-post-thumbnail","6":"product_cat-olajsutokbe-hasznalatos-olajok","7":"product_tag-nagy-mennyisegu-zsiradekban-valo-suteshez-hu","8":"pa_consistency-folyekony-2","9":"pa_fat-content-100-hu","10":"pa_fat-used-finomitott-nagy-olajsavtartalmu-napraforgo-etolaj","11":"pa_fat-used-napraforgo-2","12":"pa_fat-used-palma-2","13":"pa_fat-used-repce-2","14":"pa_packaging-bag-in-box-hu","15":"pa_quantity-l-10-hu","16":"pa_rspo-certificate-igen","17":"pa_segment-premium-3","18":"pa_smoke-point-temp-235-hu","19":"pa_tfa-1-hu","20":"pa_without-hydrogenated-fats-nem-2","22":"first","23":"instock","24":"shipping-taxable","25":"product-type-simple"},"_links":{"self":[{"href":"https:\/\/kruszwicapro.com\/hu\/wp-json\/wp\/v2\/product\/13121","targetHints":{"allow":["GET"]}}],"collection":[{"href":"https:\/\/kruszwicapro.com\/hu\/wp-json\/wp\/v2\/product"}],"about":[{"href":"https:\/\/kruszwicapro.com\/hu\/wp-json\/wp\/v2\/types\/product"}],"wp:featuredmedia":[{"embeddable":true,"href":"https:\/\/kruszwicapro.com\/hu\/wp-json\/wp\/v2\/media\/12269"}],"wp:attachment":[{"href":"https:\/\/kruszwicapro.com\/hu\/wp-json\/wp\/v2\/media?parent=13121"}],"wp:term":[{"taxonomy":"product_brand","embeddable":true,"href":"https:\/\/kruszwicapro.com\/hu\/wp-json\/wp\/v2\/product_brand?post=13121"},{"taxonomy":"product_cat","embeddable":true,"href":"https:\/\/kruszwicapro.com\/hu\/wp-json\/wp\/v2\/product_cat?post=13121"},{"taxonomy":"product_tag","embeddable":true,"href":"https:\/\/kruszwicapro.com\/hu\/wp-json\/wp\/v2\/product_tag?post=13121"}],"curies":[{"name":"wp","href":"https:\/\/api.w.org\/{rel}","templated":true}]}}