{"id":13117,"date":"2022-06-13T10:47:07","date_gmt":"2022-06-13T10:47:07","guid":{"rendered":"https:\/\/kruszwicapro.com\/shop\/nem-kategorizalt\/maestro-gold\/"},"modified":"2022-12-12T23:42:40","modified_gmt":"2022-12-12T23:42:40","slug":"maestro-gold","status":"publish","type":"product","link":"https:\/\/kruszwicapro.com\/hu\/bolt\/olajsutokbe-hasznalatos-olajok\/maestro-gold\/","title":{"rendered":"Maestro Gold"},"content":{"rendered":"<div class=\"wpb-content-wrapper\"><p>[vc_row][vc_column][vc_column_text]<\/p>\r\n<p>\u00daj gener\u00e1ci\u00f3s foly\u00e9kony frit\u0151zolaj, amely k\u00e9t olaj kompoz\u00edci\u00f3j\u00e1n alapul: magas olajsavtartalm\u00fa napraforg\u00f3- \u00e9s repceolajon. Nagyon hossz\u00fa s\u00fct\u00e9si id\u0151 \u00e9s nagy hat\u00e9konys\u00e1g jellemzi, \u00edgy hozz\u00e1j\u00e1rul a s\u00fclt term\u00e9kek el\u0151\u00e1ll\u00edt\u00e1si k\u00f6lts\u00e9geinek cs\u00f6kkent\u00e9s\u00e9hez. A magas f\u00fcstpont biztos\u00edtja a munkav\u00e9gz\u00e9s k\u00e9nyelm\u00e9t \u00e9s cs\u00f6kkenti a k\u00e1ros szagok kialakul\u00e1s\u00e1t s\u00fct\u00e9s k\u00f6zben. A legmagasabb min\u0151s\u00e9g\u0171 n\u00f6v\u00e9nyi olajok egyed\u00fcl\u00e1ll\u00f3 kompoz\u00edci\u00f3ja, hidrog\u00e9nezett zs\u00edrok, transz-izomerek, tart\u00f3s\u00edt\u00f3szerek \u00e9s GMO-k n\u00e9lk\u00fcl. A frit\u0151zolaj semleges \u00edz\u00e9nek \u00e9s illat\u00e1nak k\u00f6sz\u00f6nhet\u0151en alkalmas minden \u00e9des \u00e9s s\u00f3s cukr\u00e1szati term\u00e9k s\u00fct\u00e9s\u00e9re, seg\u00edt kiemelni a felhaszn\u00e1lt \u00f6sszetev\u0151k term\u00e9szetes \u00edz\u00e9t.<\/p>\r\n<p>JELLEMZ\u0150K:<\/p>\r\n<ul>\r\n\t<li><strong>Magas f\u00fcstpont \u2013 230\u00b0C felett.<\/strong><\/li>\r\n\t<li><strong>Nagyon nagy ellen\u00e1ll\u00e1s a magas h\u0151m\u00e9rs\u00e9kletre hev\u00edtett zs\u00edrok \u00e1talakul\u00e1s\u00e1val szemben.<\/strong><\/li>\r\n\t<li><strong>A p\u00e1lmaolajos frit\u0151zolajhoz k\u00e9pest legal\u00e1bb 2x, a repceolajhoz k\u00e9pest legal\u00e1bb 4x hosszabb s\u00fct\u00e9si id\u0151.<\/strong><\/li>\r\n\t<li><strong>T\u00f6bb mint 70%-ban az eg\u00e9szs\u00e9gre el\u0151ny\u00f6s \u00e9s h\u0151\u00e1ll\u00f3 egyszeresen tel\u00edtetlen zs\u00edrsavakat tartalmaz, hidrog\u00e9nezett zs\u00edrok \u00e9s GMO-k n\u00e9lk\u00fcl.<\/strong><\/li>\r\n\t<li><strong>A s\u00fct\u00f6tt \u00e9telek kev\u00e9s zsirad\u00e9kot sz\u00edvnak fel.<\/strong><\/li>\r\n<\/ul>\r\n<p>[\/vc_column_text][\/vc_column][\/vc_row]<\/p><\/div>","protected":false},"excerpt":{"rendered":"<p>\u00daj gener\u00e1ci\u00f3s foly\u00e9kony frit\u0151zolaj, amely k\u00e9t olaj kompoz\u00edci\u00f3j\u00e1n alapul: magas olajsavtartalm\u00fa napraforg\u00f3- \u00e9s repceolajon. Nagyon hossz\u00fa s\u00fct\u00e9si id\u0151 \u00e9s nagy hat\u00e9konys\u00e1g jellemzi, \u00edgy hozz\u00e1j\u00e1rul a s\u00fclt term\u00e9kek el\u0151\u00e1ll\u00edt\u00e1si k\u00f6lts\u00e9geinek cs\u00f6kkent\u00e9s\u00e9hez.<\/p>\n<p>&nbsp;<\/p>\n","protected":false},"featured_media":13738,"template":"","meta":[],"product_brand":[],"product_cat":[674],"product_tag":[478],"class_list":{"0":"post-13117","1":"product","2":"type-product","3":"status-publish","4":"has-post-thumbnail","6":"product_cat-olajsutokbe-hasznalatos-olajok","7":"product_tag-nagy-mennyisegu-zsiradekban-valo-suteshez-hu","8":"pa_consistency-folyekony-2","9":"pa_fat-content-100-hu","10":"pa_fat-used-high-oleic-sunflower-hu","11":"pa_fat-used-repce-2","12":"pa_packaging-bag-in-box-hu","13":"pa_segment-premium-3","14":"pa_smoke-point-230c-hu","15":"pa_tfa-1-hu","17":"first","18":"instock","19":"shipping-taxable","20":"product-type-simple"},"_links":{"self":[{"href":"https:\/\/kruszwicapro.com\/hu\/wp-json\/wp\/v2\/product\/13117","targetHints":{"allow":["GET"]}}],"collection":[{"href":"https:\/\/kruszwicapro.com\/hu\/wp-json\/wp\/v2\/product"}],"about":[{"href":"https:\/\/kruszwicapro.com\/hu\/wp-json\/wp\/v2\/types\/product"}],"wp:featuredmedia":[{"embeddable":true,"href":"https:\/\/kruszwicapro.com\/hu\/wp-json\/wp\/v2\/media\/13738"}],"wp:attachment":[{"href":"https:\/\/kruszwicapro.com\/hu\/wp-json\/wp\/v2\/media?parent=13117"}],"wp:term":[{"taxonomy":"product_brand","embeddable":true,"href":"https:\/\/kruszwicapro.com\/hu\/wp-json\/wp\/v2\/product_brand?post=13117"},{"taxonomy":"product_cat","embeddable":true,"href":"https:\/\/kruszwicapro.com\/hu\/wp-json\/wp\/v2\/product_cat?post=13117"},{"taxonomy":"product_tag","embeddable":true,"href":"https:\/\/kruszwicapro.com\/hu\/wp-json\/wp\/v2\/product_tag?post=13117"}],"curies":[{"name":"wp","href":"https:\/\/api.w.org\/{rel}","templated":true}]}}