{"id":13108,"date":"2022-06-28T11:40:16","date_gmt":"2022-06-28T11:40:16","guid":{"rendered":"https:\/\/kruszwicapro.com\/shop\/nem-kategorizalt\/top-q-sun-slunecnicovy-olej-1000-l\/"},"modified":"2022-07-26T11:00:50","modified_gmt":"2022-07-26T11:00:50","slug":"top-q-sun-napraforgoolaj-1000-l","status":"publish","type":"product","link":"https:\/\/kruszwicapro.com\/hu\/bolt\/olajok\/top-q-sun-napraforgoolaj-1000-l\/","title":{"rendered":"Top Q SUN napraforg\u00f3olaj (1000 L)"},"content":{"rendered":"<div class=\"wpb-content-wrapper\"><p>[vc_row][vc_column][vc_column_text]<\/p>\r\n<p>A Top Q SUN napraforg\u00f3olaj gondosan v\u00e1logatott napraforg\u00f3magb\u00f3l k\u00e9sz\u00fcl. Vend\u00e9gl\u00e1t\u00e1sban, cukr\u00e1szatban \u00e9s a s\u00fct\u0151iparban val\u00f3 felhaszn\u00e1l\u00e1sra. K\u00fcl\u00f6n\u00f6sen aj\u00e1nlott hideg \u00e9telekhez \u00e9s k\u00f6retekhez, p\u00e9ld\u00e1ul sal\u00e1t\u00e1khoz, m\u00e1rt\u00e1sokhoz \u00e9s \u00f6ntetekhez. T\u00f6k\u00e9letes p\u00e1cok k\u00e9sz\u00edt\u00e9s\u00e9hez. K\u00fcl\u00f6n\u00f6sen alkalmas zs\u00edros pisk\u00f3ta term\u00e9kek, f\u00e9lcukr\u00e1szati p\u00e9k\u00e1ruk \u00e9s cukr\u00e1szati-p\u00e9k\u00e1ru-kever\u00e9kek s\u00fct\u00e9s\u00e9hez.<\/p>\r\n<p>JELLEMZ\u0150K:<\/p>\r\n<ul>\r\n\t<li><strong>Finom, k\u00f6nny\u0171 \u00edz.<\/strong><\/li>\r\n\t<li><strong>Az omega-6 \u00e9s omega-3 zs\u00edrsavak optim\u00e1lis \u00f6sszet\u00e9tele.<\/strong><\/li>\r\n<\/ul>\r\n<p>[\/vc_column_text][\/vc_column][\/vc_row]<\/p><\/div>","protected":false},"excerpt":{"rendered":"<\/p>\n<p>napraforg\u00f3olaj- \u00e9s p\u00e9kipari term\u00e9kek k\u00e9sz\u00edt\u00e9s\u00e9re sz\u00e1nt repceolaj, f\u0151k\u00e9ppen k\u00f6retekhez, p\u00e9ld\u00e1ul sal\u00e1t\u00e1khoz, m\u00e1rt\u00e1sokhoz \u00e9s \u00f6ntetekhez.<\/p><\/p>\n","protected":false},"featured_media":12587,"template":"","meta":[],"product_brand":[],"product_cat":[516],"product_tag":[475],"class_list":{"0":"post-13108","1":"product","2":"type-product","3":"status-publish","4":"has-post-thumbnail","6":"product_cat-olajok","7":"product_tag-suteshez","8":"pa_consistency-folyekony-2","9":"pa_fat-content-100-hu","10":"pa_fat-used-napraforgo-2","11":"pa_packaging-palack-2","12":"pa_quantity-l-10-hu","13":"pa_quantity-l-1000-hu","14":"pa_quantity-l-5-hu","15":"pa_segment-gazdasagos-hu","16":"pa_without-hydrogenated-fats-igen-hu","18":"first","19":"instock","20":"shipping-taxable","21":"product-type-simple"},"_links":{"self":[{"href":"https:\/\/kruszwicapro.com\/hu\/wp-json\/wp\/v2\/product\/13108","targetHints":{"allow":["GET"]}}],"collection":[{"href":"https:\/\/kruszwicapro.com\/hu\/wp-json\/wp\/v2\/product"}],"about":[{"href":"https:\/\/kruszwicapro.com\/hu\/wp-json\/wp\/v2\/types\/product"}],"wp:featuredmedia":[{"embeddable":true,"href":"https:\/\/kruszwicapro.com\/hu\/wp-json\/wp\/v2\/media\/12587"}],"wp:attachment":[{"href":"https:\/\/kruszwicapro.com\/hu\/wp-json\/wp\/v2\/media?parent=13108"}],"wp:term":[{"taxonomy":"product_brand","embeddable":true,"href":"https:\/\/kruszwicapro.com\/hu\/wp-json\/wp\/v2\/product_brand?post=13108"},{"taxonomy":"product_cat","embeddable":true,"href":"https:\/\/kruszwicapro.com\/hu\/wp-json\/wp\/v2\/product_cat?post=13108"},{"taxonomy":"product_tag","embeddable":true,"href":"https:\/\/kruszwicapro.com\/hu\/wp-json\/wp\/v2\/product_tag?post=13108"}],"curies":[{"name":"wp","href":"https:\/\/api.w.org\/{rel}","templated":true}]}}