{"id":13343,"date":"2017-05-17T21:49:02","date_gmt":"2017-05-17T21:49:02","guid":{"rendered":"https:\/\/kruszwicapro.com\/o-firmie\/"},"modified":"2022-08-15T14:53:23","modified_gmt":"2022-08-15T14:53:23","slug":"o-firmie","status":"publish","type":"page","link":"https:\/\/kruszwicapro.com\/hu\/o-firmie\/","title":{"rendered":"A c\u00e9gr\u0151l"},"content":{"rendered":"<div class=\"wpb-content-wrapper\"><p>[vc_row css=&#8221;.vc_custom_1519141968269{padding-top: 30px !important;padding-bottom: 30px !important;}&#8221;][vc_column css=&#8221;.vc_custom_1519140673029{padding-bottom: 30px !important;}&#8221;][vc_custom_heading text=&#8221;A Bunge csoport&#8221; font_container=&#8221;tag:h2|font_size:36|text_align:center|color:%23005488&#8243; google_fonts=&#8221;font_family:Source%20Sans%20Pro%3A200%2C200italic%2C300%2C300italic%2Cregular%2Citalic%2C600%2C600italic%2C700%2C700italic%2C900%2C900italic|font_style:900%20bold%20regular%3A900%3Anormal&#8221; css=&#8221;.vc_custom_1658748470545{padding-top: 20px !important;padding-right: 20px !important;padding-bottom: 20px !important;padding-left: 20px !important;}&#8221;][vc_separator color=&#8221;custom&#8221; border_width=&#8221;2&#8243; el_width=&#8221;30&#8243; css_animation=&#8221;none&#8221; accent_color=&#8221;#eaeaea&#8221;][\/vc_column][vc_column width=&#8221;1\/2&#8243; css=&#8221;.vc_custom_1519142038149{padding-top: 10px !important;padding-bottom: 10px !important;}&#8221;][vc_column_text 0=&#8221;&#8221; text_color=&#8221;#333333&#8243;]<\/p>\r\n<p>Az olajos magvak feldolgoz\u00e1s\u00e1ban vil\u00e1gels\u0151 \u00e9s a n\u00f6v\u00e9nyi olajak gy\u00e1rt\u00e1s\u00e1ban a legkiemelked\u0151bb helyen helyezkedik el. A Bunge t\u00e1rsas\u00e1g bejegyz\u00e9sre ker\u00fclt a new yorki t\u0151zsd\u00e9n \/NYSE-BG\/ az Amerikai Egyes\u00fclt \u00c1llamokban New York \u00e1llamban lev\u0151 White Plains-ben l\u00e9v\u0151 oper\u00e1ci\u00f3s k\u00f6zponttal. A Bunge a glob\u00e1lis feldolgoz\u00e1si szf\u00e9r\u00e1ban m\u0171k\u00f6dik \u00e9s \u00f6sszekapcsolja az intenz\u00edv mez\u0151gazdas\u00e1gi termel\u00e9st az \u00e9lelmiszer-fogyaszt\u00e1s kulcsfontoss\u00e1g\u00fa glob\u00e1lis piacaival.<\/p>\r\n<p>[\/vc_column_text][\/vc_column][vc_column width=&#8221;1\/2&#8243; css=&#8221;.vc_custom_1519142033447{padding-top: 10px !important;padding-bottom: 10px !important;}&#8221;][vc_column_text 0=&#8221;&#8221; text_color=&#8221;#333333&#8243;]<\/p>\r\n<p>A Bunge t\u00e1rsas\u00e1got <strong>1818-ban hozt\u00e1k l\u00e9tre Amszterdamban<\/strong> \u00e9s eredetileg a gabonakereskedelemre szakosodott. A v\u00e1llalat jelenlegi integr\u00e1lt \u00fczleti modellje mag\u00e1ban foglalja: m\u0171tr\u00e1gy\u00e1k gy\u00e1rt\u00e1s\u00e1t, mez\u0151gazdas\u00e1gi term\u00e9nyek termeszt\u00e9s\u00e9t \u00e9s feldolgoz\u00e1s\u00e1t, \u00e9lelmiszerek gy\u00e1rt\u00e1s\u00e1t \u00e9s forgalmaz\u00e1s\u00e1t. <strong>T\u00f6bb inform\u00e1ci\u00f3 el\u00e9rhet\u0151 a:\u00a0<a href=\"http:\/\/www.bunge.com\/\" target=\"_blank\" rel=\"noopener noreferrer\">www.bunge.com<\/a> weboldalon. <\/strong><\/p>\r\n<p>[\/vc_column_text][\/vc_column][vc_column css=&#8221;.vc_custom_1519140734363{padding-top: 50px !important;padding-bottom: 50px !important;}&#8221;][vc_single_image image=&#8221;10279&#8243; img_size=&#8221;1280&#215;632&#8243; alignment=&#8221;center&#8221;][\/vc_column][\/vc_row][vc_row full_width=&#8221;stretch_row&#8221; content_placement=&#8221;middle&#8221; parallax=&#8221;content-moving&#8221; parallax_image=&#8221;10859&#8243; parallax_speed_bg=&#8221;2&#8243; css=&#8221;.vc_custom_1519145283594{margin-top: 0px !important;margin-right: 0px !important;margin-bottom: 0px !important;margin-left: 0px !important;}&#8221;][vc_column css=&#8221;.vc_custom_1519144589215{margin-top: 200px !important;margin-bottom: 200px !important;}&#8221;][\/vc_column][\/vc_row][vc_row equal_height=&#8221;yes&#8221; content_placement=&#8221;middle&#8221; css=&#8221;.vc_custom_1519138740098{padding-top: 50px !important;padding-bottom: 50px !important;}&#8221;][vc_column css=&#8221;.vc_custom_1519140845260{padding-bottom: 30px !important;}&#8221;][vc_custom_heading text=&#8221;A Bunge Polska Sp. z o.o. t\u00e1rsas\u00e1gr\u00f3l&#8221; font_container=&#8221;tag:h2|font_size:36|text_align:center|color:%23005488&#8243; google_fonts=&#8221;font_family:Source%20Sans%20Pro%3A200%2C200italic%2C300%2C300italic%2Cregular%2Citalic%2C600%2C600italic%2C700%2C700italic%2C900%2C900italic|font_style:900%20bold%20regular%3A900%3Anormal&#8221; css=&#8221;.vc_custom_1658748535325{padding-top: 20px !important;padding-right: 20px !important;padding-bottom: 20px !important;padding-left: 20px !important;}&#8221;][vc_separator color=&#8221;custom&#8221; border_width=&#8221;2&#8243; el_width=&#8221;30&#8243; css_animation=&#8221;none&#8221; accent_color=&#8221;#eaeaea&#8221;][\/vc_column][vc_column width=&#8221;1\/2&#8243;][vc_custom_heading text=&#8221;Bunge Polska Sp. z o.o. &#8211; nejv\u011bt\u0161\u00ed zpracovatel olejnat\u00fdch semen a v\u00fdrobce rostlinn\u00fdch tuk\u016f v Polsku a jeden z nejv\u011bt\u0161\u00edch ve st\u0159edn\u00ed Evrop\u011b.&#8221; use_theme_fonts=&#8221;yes&#8221; custom_font_weight=&#8221;700&#8243; css=&#8221;.vc_custom_1638439895873{padding-bottom: 20px !important;}&#8221;][vc_column_text 0=&#8221;&#8221; text_color=&#8221;#333333&#8243;]<\/p>\r\n<p>A Bunge Polska Sp. z o.o. gy\u00e1r Lengyelorsz\u00e1g legnagyobb \u00e9s K\u00f6z\u00e9p-Eur\u00f3pa egyik legnagyobb olajosmag-feldolgoz\u00f3ja \u00e9s n\u00f6v\u00e9nyi olaj gy\u00e1rt\u00f3ja. A Bunge Csoport tagja &#8211; mely vil\u00e1gels\u0151 az olajos magvak feldolgoz\u00e1s\u00e1ban \u00e9s a n\u00f6v\u00e9nyi olajok gy\u00e1rt\u00e1s\u00e1ban, a vil\u00e1g t\u00f6bb mint 40 \u00e1llam\u00e1ban jelen van, \u00e9s t\u00f6bb mint 35 ezer alkalmazottat foglalkoztat. A t\u00e1rsas\u00e1g az \u00e9lelmiszeriparban tev\u00e9kenykedik, olajok gy\u00e1rt\u00e1s\u00e1val \u00e9s elad\u00e1s\u00e1val, valamint margarinok, zsirad\u00e9kok \u00e9s frit\u0151zben val\u00f3 s\u00fct\u00e9shez haszn\u00e1latos olajok elad\u00e1s\u00e1val foglalkozik.<\/p>\r\n<p>[\/vc_column_text][\/vc_column][vc_column width=&#8221;1\/2&#8243;][aone_banner animation_type=&#8221;animation_blink&#8221; always_visible=&#8221;yes&#8221; aspect_ratio=&#8221;yc_ib_ratio_3x2&#8243; selectable_content=&#8221;&#8221; background_color=&#8221;#ffffff&#8221; opacity=&#8221;100&#8243; content_position=&#8221;yc_ib_content_top&#8221; use_max_width=&#8221;&#8221; heading_font_weight=&#8221;400&#8243; banner_image=&#8221;11264&#8243;][\/aone_banner][\/vc_column][\/vc_row][vc_row equal_height=&#8221;yes&#8221; content_placement=&#8221;middle&#8221; css=&#8221;.vc_custom_1519138301021{padding-top: 50px !important;padding-bottom: 50px !important;}&#8221;][vc_column width=&#8221;1\/2&#8243; css=&#8221;.vc_custom_1519141025104{padding-top: 10px !important;padding-bottom: 10px !important;}&#8221;][vc_single_image image=&#8221;10814&#8243; img_size=&#8221;full&#8221; alignment=&#8221;center&#8221; css_animation=&#8221;left-to-right&#8221;][\/vc_column][vc_column width=&#8221;1\/2&#8243; css=&#8221;.vc_custom_1519141032159{padding-top: 10px !important;padding-bottom: 10px !important;}&#8221;][vc_custom_heading text=&#8221;Integr\u00e1lt oper\u00e1ci\u00f3s rendszer&#8221; use_theme_fonts=&#8221;yes&#8221; custom_font_weight=&#8221;700&#8243; css=&#8221;.vc_custom_1658748584800{padding-bottom: 20px !important;}&#8221;][vc_column_text 0=&#8221;&#8221; text_color=&#8221;#333333&#8243;]<\/p>\r\n<p>A Bunge Polska Sp. z o.o. tev\u00e9kenys\u00e9ge az integr\u00e1lt oper\u00e1ci\u00f3s rendszerre \u00e9p\u00fcl, mely mag\u00e1ban foglalja az olajos magvak feldolgoz\u00e1si folyamat\u00e1nak \u00f6sszes \u00e1gazat\u00e1t &#8211; a nyersanyag beszerz\u00e9s\u00e9t\u0151l kezdve, a feldolgoz\u00e1son kereszt\u00fcl eg\u00e9szen a csomagol\u00e1sig, a v\u00e9gfelhaszn\u00e1l\u00f3hoz val\u00f3 eljuttat\u00e1st is bele\u00e9rtve. Ez a rendszer teljes m\u00e9rt\u00e9kben lehet\u0151v\u00e9 teszi a gy\u00e1rt\u00e1shoz haszn\u00e1lt anyag magas min\u0151s\u00e9g\u00e9nek ellen\u0151rz\u00e9s\u00e9t, valamint a v\u00e9gterm\u00e9kek min\u0151s\u00e9g\u00e9nek ellen\u0151rz\u00e9s\u00e9t is.<\/p>\r\n<p>[\/vc_column_text][\/vc_column][\/vc_row][vc_row full_width=&#8221;stretch_row&#8221; parallax=&#8221;content-moving&#8221; parallax_image=&#8221;10841&#8243; parallax_speed_bg=&#8221;2&#8243; css=&#8221;.vc_custom_1519144655737{margin-top: 0px !important;margin-right: 0px !important;margin-bottom: 0px !important;margin-left: 0px !important;padding-top: 0px !important;padding-right: 0px !important;padding-bottom: 0px !important;padding-left: 0px !important;}&#8221;][vc_column css=&#8221;.vc_custom_1519144661224{margin-top: 200px !important;margin-bottom: 200px !important;}&#8221;][\/vc_column][\/vc_row][vc_row 0=&#8221;&#8221; equal_height=&#8221;yes&#8221; content_placement=&#8221;middle&#8221; css=&#8221;.vc_custom_1519138507636{padding-top: 50px !important;padding-bottom: 50px !important;}&#8221;][vc_column css=&#8221;.vc_custom_1519140534739{padding-bottom: 30px !important;}&#8221;][vc_custom_heading text=&#8221;A cukr\u00e1sz- \u00e9s p\u00e9kipar \u00e1gazat\u00e1nak t\u00e1mogat\u00e1sa&#8221; font_container=&#8221;tag:h2|font_size:36|text_align:center|color:%23005488&#8243; google_fonts=&#8221;font_family:Source%20Sans%20Pro%3A200%2C200italic%2C300%2C300italic%2Cregular%2Citalic%2C600%2C600italic%2C700%2C700italic%2C900%2C900italic|font_style:900%20bold%20regular%3A900%3Anormal&#8221; css=&#8221;.vc_custom_1658748641548{padding-top: 20px !important;padding-right: 20px !important;padding-bottom: 20px !important;padding-left: 20px !important;}&#8221;][vc_separator color=&#8221;custom&#8221; border_width=&#8221;2&#8243; el_width=&#8221;30&#8243; css_animation=&#8221;none&#8221; accent_color=&#8221;#eaeaea&#8221;][\/vc_column][vc_column width=&#8221;1\/2&#8243;][aone_hero_slider effect=&#8221;slide&#8221; speed=&#8221;500&#8243; autoplay_delay=&#8221;3500&#8243; horizontal_padding=&#8221;50&#8243; full_width=&#8221;&#8221; full_height=&#8221;&#8221; use_pagination=&#8221;&#8221; use_buttons=&#8221;&#8221; slides_min_height=&#8221;400&#8243;][aone_hero_slide background_image=&#8221;11134&#8243;][\/aone_hero_slide][aone_hero_slide background_image=&#8221;11130&#8243;][\/aone_hero_slide][aone_hero_slide background_image=&#8221;11337&#8243;][\/aone_hero_slide][\/aone_hero_slider][\/vc_column][vc_column width=&#8221;1\/2&#8243;][vc_custom_heading text=&#8221;Podpora mlad\u00fdch cukr\u00e1\u0159\u016f&#8221; use_theme_fonts=&#8221;yes&#8221; custom_font_weight=&#8221;700&#8243; css=&#8221;.vc_custom_1522095213551{padding-bottom: 20px !important;}&#8221;][vc_column_text 0=&#8221;&#8221; text_color=&#8221;#333333&#8243;]<\/p>\r\n<p>A Bunge Polska Sp. z o.o. t\u00e1mogatja a fiatal cukr\u00e1szok fejl\u0151d\u00e9s\u00e9t, cukr\u00e1sz szakm\u00e1t tanul\u00f3 di\u00e1kok versenyeit szponzor\u00e1lja, k\u00e9pz\u00e9seket- \u00e9s k\u00e9szs\u00e9gfejleszt\u0151 bemutat\u00f3kat szervez a cukr\u00e1szm\u0171v\u00e9szet fiatal tehets\u00e9gei sz\u00e1m\u00e1ra.<\/p>\r\n<p>[\/vc_column_text][\/vc_column][\/vc_row][vc_row 0=&#8221;&#8221; equal_height=&#8221;yes&#8221; content_placement=&#8221;middle&#8221; css=&#8221;.vc_custom_1519145124921{padding-top: 50px !important;padding-bottom: 50px !important;}&#8221;][vc_column width=&#8221;1\/2&#8243;][vc_custom_heading text=&#8221;Podpora zku\u0161en\u00fdch d\u00edky setk\u00e1n\u00ed s mistry&#8221; use_theme_fonts=&#8221;yes&#8221; custom_font_weight=&#8221;700&#8243; css=&#8221;.vc_custom_1522095225486{padding-bottom: 20px !important;}&#8221;][vc_column_text 0=&#8221;&#8221; text_color=&#8221;#333333&#8243;]<\/p>\r\n<p>A legmagasabb min\u00f6s\u00e9g\u0171 term\u00e9keken k\u00edv\u00fcl lehet\u0151s\u00e9get ny\u00fajtunk \u00fcgyfeleinknek tov\u00e1bbi tanul\u00e1sra. Napi szinten t\u00e1mogatjuk a cukr\u00e1szokat \u00e9s p\u00e9keket v\u00e1llalkoz\u00e1sukban. A <strong>Mester Akad\u00e9mi\u00e1ja<\/strong> elnevez\u00e9s\u0171 kezdem\u00e9nyez\u00e9s keret\u00e9n bel\u00fcl -melynek c\u00e9lja a cukr\u00e1sz- \u00e9s p\u00e9kipar fejleszt\u00e9se &#8211; a p\u00e9keknek \u00e9s cukr\u00e1szoknak lehet\u0151s\u00e9g\u00fck van rengeteg tematikus k\u00e9pz\u00e9sen r\u00e9szt venni, valamint olyan vil\u00e1gszinten elismert cukr\u00e1szmesterek inspir\u00e1l\u00f3 bemutat\u00f3it megtekinteni, mint: <strong>Leonardo Di Carlo, Jordi Bordas, Mieczys\u0142aw Chojnowski<\/strong> avagy <strong>Walter Vogt<\/strong>.<\/p>\r\n<p>[\/vc_column_text][vc_empty_space height=&#8221;40px&#8221;][\/vc_column][vc_column width=&#8221;1\/2&#8243;][aone_hero_slider effect=&#8221;slide&#8221; speed=&#8221;500&#8243; autoplay_delay=&#8221;3000&#8243; horizontal_padding=&#8221;50&#8243; full_width=&#8221;&#8221; full_height=&#8221;&#8221; use_pagination=&#8221;&#8221; use_buttons=&#8221;&#8221; slides_min_height=&#8221;400&#8243;][aone_hero_slide background_image=&#8221;11142&#8243;][\/aone_hero_slide][aone_hero_slide background_image=&#8221;11138&#8243;][\/aone_hero_slide][aone_hero_slide background_image=&#8221;11297&#8243;][\/aone_hero_slide][aone_hero_slide background_image=&#8221;11293&#8243;][\/aone_hero_slide][aone_hero_slide background_image=&#8221;11289&#8243;][\/aone_hero_slide][\/aone_hero_slider][\/vc_column][\/vc_row]<\/p><\/div>","protected":false},"excerpt":{"rendered":"<p>[vc_row css=&#8221;.vc_custom_1519141968269{padding-top: 30px !important;padding-bottom: 30px !important;}&#8221;][vc_column css=&#8221;.vc_custom_1519140673029{padding-bottom: 30px !important;}&#8221;][vc_custom_heading text=&#8221;A Bunge csoport&#8221; font_container=&#8221;tag:h2|font_size:36|text_align:center|color:%23005488&#8243; google_fonts=&#8221;font_family:Source%20Sans%20Pro%3A200%2C200italic%2C300%2C300italic%2Cregular%2Citalic%2C600%2C600italic%2C700%2C700italic%2C900%2C900italic|font_style:900%20bold%20regular%3A900%3Anormal&#8221; css=&#8221;.vc_custom_1658748470545{padding-top: 20px !important;padding-right: 20px !important;padding-bottom: 20px [&hellip;]<\/p>\n","protected":false},"author":1,"featured_media":0,"parent":0,"menu_order":42,"comment_status":"closed","ping_status":"closed","template":"template-fullwidth.php","meta":{"footnotes":""},"class_list":["post-13343","page","type-page","status-publish","hentry"],"_links":{"self":[{"href":"https:\/\/kruszwicapro.com\/hu\/wp-json\/wp\/v2\/pages\/13343","targetHints":{"allow":["GET"]}}],"collection":[{"href":"https:\/\/kruszwicapro.com\/hu\/wp-json\/wp\/v2\/pages"}],"about":[{"href":"https:\/\/kruszwicapro.com\/hu\/wp-json\/wp\/v2\/types\/page"}],"author":[{"embeddable":true,"href":"https:\/\/kruszwicapro.com\/hu\/wp-json\/wp\/v2\/users\/1"}],"replies":[{"embeddable":true,"href":"https:\/\/kruszwicapro.com\/hu\/wp-json\/wp\/v2\/comments?post=13343"}],"version-history":[{"count":3,"href":"https:\/\/kruszwicapro.com\/hu\/wp-json\/wp\/v2\/pages\/13343\/revisions"}],"predecessor-version":[{"id":13496,"href":"https:\/\/kruszwicapro.com\/hu\/wp-json\/wp\/v2\/pages\/13343\/revisions\/13496"}],"wp:attachment":[{"href":"https:\/\/kruszwicapro.com\/hu\/wp-json\/wp\/v2\/media?parent=13343"}],"curies":[{"name":"wp","href":"https:\/\/api.w.org\/{rel}","templated":true}]}}