{"id":13335,"date":"2018-01-18T12:48:27","date_gmt":"2018-01-18T12:48:27","guid":{"rendered":"https:\/\/kruszwicapro.com\/dystrybutorzy\/"},"modified":"2023-02-13T12:02:33","modified_gmt":"2023-02-13T12:02:33","slug":"dystrybutorzy","status":"publish","type":"page","link":"https:\/\/kruszwicapro.com\/hu\/dystrybutorzy\/","title":{"rendered":"Eloszt\u00f3k"},"content":{"rendered":"<div class=\"wpb-content-wrapper\"><p>[vc_row content_placement=&#8221;middle&#8221; parallax=&#8221;content-moving&#8221; parallax_image=&#8221;11330&#8243; css=&#8221;.vc_custom_1526311186063{background-position: center;background-repeat: no-repeat !important;background-size: cover !important;}&#8221; el_class=&#8221;no-desktop-paddings&#8221;][vc_column css=&#8221;.vc_custom_1508433817683{padding-top: 0px !important;padding-right: 0px !important;padding-bottom: 0px !important;padding-left: 0px !important;}&#8221;][vc_row_inner content_placement=&#8221;middle&#8221; css=&#8221;.vc_custom_1519056751196{margin-top: 20px !important;margin-right: 20px !important;margin-bottom: 20px !important;margin-left: 20px !important;border-top-width: 2px !important;border-right-width: 2px !important;border-bottom-width: 2px !important;border-left-width: 2px !important;padding-top: 80px !important;padding-bottom: 80px !important;border-left-color: #ffffff !important;border-left-style: dotted !important;border-right-color: #ffffff !important;border-right-style: dotted !important;border-top-color: #ffffff !important;border-top-style: dotted !important;border-bottom-color: #ffffff !important;border-bottom-style: dotted !important;}&#8221;][vc_column_inner css=&#8221;.vc_custom_1508433823874{padding-top: 0px !important;padding-right: 0px !important;padding-bottom: 0px !important;padding-left: 0px !important;}&#8221;][vc_custom_heading text=&#8221;B\u00fcszk\u00e9k vagyunk a forgalmaz\u00f3inkra&#8221; font_container=&#8221;tag:h2|font_size:36|text_align:center|color:%23ffffff|line_height:1&#8243; google_fonts=&#8221;font_family:Merriweather%3A300%2C300italic%2Cregular%2Citalic%2C700%2C700italic%2C900%2C900italic|font_style:700%20bold%20regular%3A700%3Anormal&#8221; css=&#8221;.vc_custom_1658747051756{padding-top: 80px !important;padding-bottom: 80px !important;}&#8221;][\/vc_column_inner][\/vc_row_inner][\/vc_column][\/vc_row][vc_section css=&#8221;.vc_custom_1519150012462{margin-top: 60px !important;border-bottom-width: 1px !important;border-bottom-color: #ededed !important;border-bottom-style: solid !important;}&#8221;][vc_row equal_height=&#8221;yes&#8221; content_placement=&#8221;middle&#8221;][vc_column width=&#8221;1\/2&#8243;][vc_single_image image=&#8221;13775&#8243; img_size=&#8221;large&#8221; alignment=&#8221;center&#8221; style=&#8221;vc_box_rounded&#8221;][\/vc_column][vc_column width=&#8221;1\/2&#8243; css=&#8221;.vc_custom_1519149053357{padding-top: 30px !important;}&#8221;][vc_single_image image=&#8221;13785&#8243; img_size=&#8221;full&#8221; css=&#8221;.vc_custom_1674740731805{margin-bottom: 40px !important;}&#8221;][vc_column_text css=&#8221;.vc_custom_1658747137934{padding-bottom: 30px !important;}&#8221;]<\/p>\r\n<h2>B\u00e9k\u00e1s Kft.<\/h2>\r\n<p>1039 Budapest, Ipartelep u. 1\/b.<\/p>\r\n<p>[\/vc_column_text][\/vc_column][vc_column css=&#8221;.vc_custom_1519148433261{margin-top: 50px !important;margin-bottom: 50px !important;}&#8221;][vc_column_text css=&#8221;.vc_custom_1658747174052{margin-bottom: 60px !important;}&#8221;]<\/p>\r\n<p>A B\u00e9k\u00e1s Kft. \u2013 cukr\u00e1szati, s\u00fct\u0151ipari, gasztron\u00f3miai nagykeresked\u00e9s 1991-ben csal\u00e1di v\u00e1llalkoz\u00e1sk\u00e9nt kezdte meg m\u0171k\u00f6d\u00e9s\u00e9t Budapesten. A k\u00edn\u00e1lat fogyaszt\u00f3i \u00e9s piaci ig\u00e9nyeknek megfelel\u0151en folyamatosan b\u0151v\u00fcl, ennek k\u00f6sz\u00f6nhet\u0151en el\u00e9gedett \u00fcgyfeleink sz\u00e1ma folyamatosan n\u0151. C\u00e9g\u00fcnkn\u00e9l t\u00f6bb mint 200 munkat\u00e1rs vev\u0151- \u00e9s min\u0151s\u00e9gk\u00f6zpont\u00fa munk\u00e1ja biztos\u00edtja, hogy partnereink teljes m\u00e9rt\u00e9kben el\u00e9gedettek legyenek szolg\u00e1ltat\u00e1sainkkal. B\u00fcszk\u00e9k vagyunk arra, hogy c\u00e9g\u00fcnk elk\u00f6telezett h\u00edve a tisztess\u00e9ges \u00fczleti magatart\u00e1snak, transzparensen \u00e9s kiegyens\u00falyozottan m\u0171k\u00f6d\u00fcnk. Korrekt \u00e1rainkkal \u00e9s rendszeres akci\u00f3inkkal garant\u00e1ljuk, hogy a vev\u0151i elv\u00e1r\u00e1soknak \u00e9s a piaci ig\u00e9nyeknek egyar\u00e1nt megfelelj\u00fcnk.\u00a0K\u00f6vetkezetesen azon dolgozunk, hogy a saj\u00e1t magunkkal szemben \u00e1ll\u00edtott min\u0151s\u00e9gi elv\u00e1r\u00e1soknak \u00e9s vev\u0151i ig\u00e9nyeknek megfelelj\u00fcnk. 5 telephellyel rendelkez\u00fcnk Magyarorsz\u00e1gon: Budapest, Gy\u0151r, Ny\u00edregyh\u00e1za, Keszthely \u00e9s Szolnok. Budapesti telephely\u00fcnk 5000 m\u00b2-es rakt\u00e1rral \u00e9s 4 szakos\u00edtott h\u0171t\u0151vel rendelkezik, ahol k\u00f6zel 6000 f\u00e9le term\u00e9k megtal\u00e1lhat\u00f3. A megrendelt term\u00e9keket a 70 h\u0171t\u0151s teheraut\u00f3b\u00f3l\u00a0\u00e1ll\u00f3 flott\u00e1nkkal, saj\u00e1t logisztikai rendszer\u00fcnk\u00f6n kereszt\u00fcl juttatjuk el t\u00f6bb mint 5 000 vev\u0151nkh\u00f6z orsz\u00e1gszerte. Integr\u00e1lt rakt\u00e1r &#8211; informatikai rendszer\u00fcnk seg\u00edts\u00e9g\u00e9vel jelen id\u0151ben nyomon k\u00f6vethet\u0151 minden vev\u0151i rendel\u00e9s maxim\u00e1lis pontoss\u00e1g mellett. Gy\u0151rben 2000 m\u00b2-es, Ny\u00edregyh\u00e1z\u00e1n 1000 m\u00b2-es, Keszthelyen 650 m\u00b2-es, Szolnokon pedig 1000 m\u00b2-es rakt\u00e1rkapacit\u00e1ssal rendelkez\u00fcnk. A B\u00e9k\u00e1s Kft. \u00f6sszes telephely\u00e9n mintabolttal v\u00e1rjuk vev\u0151inket, az orsz\u00e1g minden r\u00e9sz\u00e9n el\u00e9rhet\u0151 teljes term\u00e9kv\u00e1laszt\u00e9kunk.<\/p>\r\n<p>[\/vc_column_text][aone_features fixed_column_width=&#8221;&#8221; enable_separator=&#8221;yes&#8221; heading_color=&#8221;#333333&#8243; heading_color_hover=&#8221;#333333&#8243; heading_font_weight=&#8221;400&#8243; heading_margin=&#8221;30px 0&#8243; text_font_weight=&#8221;400&#8243; link_font_weight=&#8221;400&#8243; icon_size=&#8221;40&#8243; icon_color=&#8221;#005488&#8243; icon_color_hover=&#8221;#3d92d0&#8243; icon_wrap_size=&#8221;64&#8243; icon_use_wrap=&#8221;yes&#8221; icon_wrap_radius=&#8221;200&#8243; icon_wrap_border_width=&#8221;2&#8243; icon_wrap_border=&#8221;#005488&#8243; icon_wrap_border_hover=&#8221;#3d92d0&#8243; list_content=&#8221;%5B%7B%22icon_type%22%3A%22font%22%2C%22custom_icon_font%22%3A%22fa%20fa-users%22%2C%22icon_openiconic%22%3A%22vc-oi%20vc-oi-dial%22%2C%22icon_typicons%22%3A%22typcn%20typcn-adjust-brightness%22%2C%22icon_entypo%22%3A%22entypo-icon%20entypo-icon-note%22%2C%22icon_linecons%22%3A%22vc_li%20vc_li-heart%22%2C%22feature_title%22%3A%22Siln%C3%BD%20z%C3%A1kaznick%C3%BD%20servis%22%7D%2C%7B%22icon_type%22%3A%22font%22%2C%22custom_icon_font%22%3A%22fa%20fa-graduation-cap%22%2C%22icon_openiconic%22%3A%22vc-oi%20vc-oi-dial%22%2C%22icon_typicons%22%3A%22typcn%20typcn-adjust-brightness%22%2C%22icon_entypo%22%3A%22entypo-icon%20entypo-icon-note%22%2C%22icon_linecons%22%3A%22vc_li%20vc_li-heart%22%2C%22feature_title%22%3A%22Atraktivn%C3%AD%20%C5%A1kolen%C3%AD%22%7D%2C%7B%22icon_type%22%3A%22font%22%2C%22custom_icon_font%22%3A%22fa%20fa-globe%22%2C%22icon_openiconic%22%3A%22vc-oi%20vc-oi-dial%22%2C%22icon_typicons%22%3A%22typcn%20typcn-adjust-brightness%22%2C%22icon_entypo%22%3A%22entypo-icon%20entypo-icon-note%22%2C%22icon_linecons%22%3A%22vc_li%20vc_li-heart%22%2C%22feature_title%22%3A%22Glob%C3%A1ln%C3%AD%20s%C3%ADt%CB%87%20partner%C5%AF%22%7D%5D&#8221;][\/vc_column][\/vc_row][\/vc_section]<\/p><\/div>","protected":false},"excerpt":{"rendered":"<p>[vc_row content_placement=&#8221;middle&#8221; parallax=&#8221;content-moving&#8221; parallax_image=&#8221;11330&#8243; css=&#8221;.vc_custom_1526311186063{background-position: center;background-repeat: no-repeat !important;background-size: cover !important;}&#8221; el_class=&#8221;no-desktop-paddings&#8221;][vc_column css=&#8221;.vc_custom_1508433817683{padding-top: 0px !important;padding-right: 0px !important;padding-bottom: 0px !important;padding-left: 0px !important;}&#8221;][vc_row_inner [&hellip;]<\/p>\n","protected":false},"author":1,"featured_media":0,"parent":0,"menu_order":20,"comment_status":"closed","ping_status":"closed","template":"template-homepage.php","meta":{"footnotes":""},"class_list":["post-13335","page","type-page","status-publish","hentry"],"_links":{"self":[{"href":"https:\/\/kruszwicapro.com\/hu\/wp-json\/wp\/v2\/pages\/13335","targetHints":{"allow":["GET"]}}],"collection":[{"href":"https:\/\/kruszwicapro.com\/hu\/wp-json\/wp\/v2\/pages"}],"about":[{"href":"https:\/\/kruszwicapro.com\/hu\/wp-json\/wp\/v2\/types\/page"}],"author":[{"embeddable":true,"href":"https:\/\/kruszwicapro.com\/hu\/wp-json\/wp\/v2\/users\/1"}],"replies":[{"embeddable":true,"href":"https:\/\/kruszwicapro.com\/hu\/wp-json\/wp\/v2\/comments?post=13335"}],"version-history":[{"count":8,"href":"https:\/\/kruszwicapro.com\/hu\/wp-json\/wp\/v2\/pages\/13335\/revisions"}],"predecessor-version":[{"id":13801,"href":"https:\/\/kruszwicapro.com\/hu\/wp-json\/wp\/v2\/pages\/13335\/revisions\/13801"}],"wp:attachment":[{"href":"https:\/\/kruszwicapro.com\/hu\/wp-json\/wp\/v2\/media?parent=13335"}],"curies":[{"name":"wp","href":"https:\/\/api.w.org\/{rel}","templated":true}]}}