{"id":13113,"date":"2017-05-17T21:53:44","date_gmt":"2017-05-17T21:53:44","guid":{"rendered":"https:\/\/kruszwicapro.com\/kontakt\/"},"modified":"2025-09-24T06:56:20","modified_gmt":"2025-09-24T06:56:20","slug":"kontakt","status":"publish","type":"page","link":"https:\/\/kruszwicapro.com\/hu\/kontakt\/","title":{"rendered":"El\u00e9rhet\u0151s\u00e9gek"},"content":{"rendered":"<div class=\"wpb-content-wrapper\"><p>[vc_row][vc_column width=&#8221;1\/2&#8243;][vc_column_text css=&#8221;.vc_custom_1660596995989{padding-bottom: 60px !important;}&#8221;]<\/p>\r\n<h2>Magyarorsz\u00e1g \u00fczleti k\u00e9pviselete<\/h2>\r\n<p>Bunge Zrt. 1134 Budapest V\u00e1ci \u00fat 43. Telefon: +36 1 237-6400 Fax: +36 1 239 9647 E-mail: info@bunge.hu www.bunge.hu<\/p>\r\n<p>[\/vc_column_text][vc_separator style=&#8221;dotted&#8221; css=&#8221;.vc_custom_1519650328308{padding-top: 30px !important;padding-bottom: 30px !important;}&#8221;][vc_column_text text_color=&#8221;#333333&#8243; links_color_hover=&#8221;#00bc67&#8243; links_color=&#8221;#00824c&#8221;]<\/p>\r\n<p><strong><img loading=\"lazy\" decoding=\"async\" class=\"alignleft wp-image-11011\" src=\"https:\/\/kruszwicapro.com\/wp-content\/uploads\/2018\/02\/avatar.png\" alt=\"\" width=\"75\" height=\"75\" srcset=\"https:\/\/kruszwicapro.com\/wp-content\/uploads\/2018\/02\/avatar.png 120w, https:\/\/kruszwicapro.com\/wp-content\/uploads\/2018\/02\/avatar-100x100.png 100w\" sizes=\"auto, (max-width: 75px) 100vw, 75px\" \/><\/strong>F\u00e1bi\u00e1n Zolt\u00e1n<\/p>\r\n<p>+36 30 790-5971<\/p>\r\n<p>zoltan.fabian@bunge.com<\/p>\r\n<p>[\/vc_column_text][vc_separator style=&#8221;dotted&#8221; css=&#8221;.vc_custom_1519650334875{padding-top: 30px !important;padding-bottom: 30px !important;}&#8221;][vc_column_text css=&#8221;.vc_custom_1660597057814{padding-bottom: 60px !important;}&#8221;]<\/p>\r\n<h2>A gy\u00e1rt\u00f3 k\u00e9pvisel\u0151je<\/h2>\r\n<h2><strong>\u00a0<\/strong><\/h2>\r\n<p>[\/vc_column_text][vc_column_text text_color=&#8221;#333333&#8243; links_color=&#8221;#00824c&#8221; links_color_hover=&#8221;#00bc67&#8243;]<\/p>\r\n<p><strong><img loading=\"lazy\" decoding=\"async\" class=\"wp-image-11208 alignleft\" src=\"https:\/\/kruszwicapro.com\/wp-content\/uploads\/2018\/04\/avatar_kruszwica.png\" alt=\"\" width=\"75\" height=\"75\" srcset=\"https:\/\/kruszwicapro.com\/wp-content\/uploads\/2018\/04\/avatar_kruszwica.png 120w, https:\/\/kruszwicapro.com\/wp-content\/uploads\/2018\/04\/avatar_kruszwica-100x100.png 100w\" sizes=\"auto, (max-width: 75px) 100vw, 75px\" \/>Bunge Polska Sp. z o.o.<\/strong><br \/>\r\nul. Niepodleg\u0142o\u015bci 42<br \/>\r\n88-150 Kruszwica<\/p>\r\n<p>[\/vc_column_text][vc_separator style=&#8221;dotted&#8221; css=&#8221;.vc_custom_1519652630775{padding-top: 30px !important;padding-bottom: 30px !important;}&#8221;][vc_column_text text_color=&#8221;#333333&#8243; links_color_hover=&#8221;#00bc67&#8243; links_color=&#8221;#00824c&#8221;]<\/p>\r\n<p><strong><img loading=\"lazy\" decoding=\"async\" class=\"alignleft wp-image-11007\" src=\"https:\/\/kruszwicapro.com\/wp-content\/uploads\/2018\/02\/cz_sk.png\" alt=\"\" width=\"75\" height=\"75\" srcset=\"https:\/\/kruszwicapro.com\/wp-content\/uploads\/2018\/02\/cz_sk.png 120w, https:\/\/kruszwicapro.com\/wp-content\/uploads\/2018\/02\/cz_sk-100x100.png 100w\" sizes=\"auto, (max-width: 75px) 100vw, 75px\" \/>S\u0142awomir Grzegrz\u00f3\u0142ka <\/strong><\/p>\r\n<p><a href=\"tel:\/\/+48 510 952 389\">+48 510 952 389<\/a><\/p>\r\n<p><a href=\"mailto:slawomir.grzegrzolka@bunge.com\">slawomir.grzegrzolka@bunge.com<\/a><\/p>\r\n<p>[\/vc_column_text][\/vc_column][vc_column width=&#8221;1\/2&#8243; css=&#8221;.vc_custom_1523024839111{background-color: #f2f2f2 !important;border-radius: 10px !important;}&#8221;][vc_column_text css=&#8221;.vc_custom_1660597549778{padding-bottom: 60px !important;}&#8221;]<\/p>\r\n<h2><strong>Kapcsolatfelv\u00e9teli \u0171rlap<\/strong><\/h2>\r\n<p>[\/vc_column_text][vc_raw_html]JTVCd3Bmb3JtcyUyMGlkJTNEJTIyMTE3MjAlMjIlMjB0aXRsZSUzRCUyMmZhbHNlJTIyJTIwZGVzY3JpcHRpb24lM0QlMjJmYWxzZSUyMiU1RA==[\/vc_raw_html][\/vc_column][\/vc_row]<\/p><\/div>","protected":false},"excerpt":{"rendered":"<p>[vc_row][vc_column width=&#8221;1\/2&#8243;][vc_column_text css=&#8221;.vc_custom_1660596995989{padding-bottom: 60px !important;}&#8221;] Magyarorsz\u00e1g \u00fczleti k\u00e9pviselete Bunge Zrt. 1134 Budapest V\u00e1ci \u00fat 43. Telefon: +36 1 237-6400 Fax: [&hellip;]<\/p>\n","protected":false},"author":1,"featured_media":0,"parent":0,"menu_order":26,"comment_status":"closed","ping_status":"closed","template":"template-fullwidth.php","meta":{"footnotes":""},"class_list":["post-13113","page","type-page","status-publish","hentry"],"_links":{"self":[{"href":"https:\/\/kruszwicapro.com\/hu\/wp-json\/wp\/v2\/pages\/13113","targetHints":{"allow":["GET"]}}],"collection":[{"href":"https:\/\/kruszwicapro.com\/hu\/wp-json\/wp\/v2\/pages"}],"about":[{"href":"https:\/\/kruszwicapro.com\/hu\/wp-json\/wp\/v2\/types\/page"}],"author":[{"embeddable":true,"href":"https:\/\/kruszwicapro.com\/hu\/wp-json\/wp\/v2\/users\/1"}],"replies":[{"embeddable":true,"href":"https:\/\/kruszwicapro.com\/hu\/wp-json\/wp\/v2\/comments?post=13113"}],"version-history":[{"count":8,"href":"https:\/\/kruszwicapro.com\/hu\/wp-json\/wp\/v2\/pages\/13113\/revisions"}],"predecessor-version":[{"id":13941,"href":"https:\/\/kruszwicapro.com\/hu\/wp-json\/wp\/v2\/pages\/13113\/revisions\/13941"}],"wp:attachment":[{"href":"https:\/\/kruszwicapro.com\/hu\/wp-json\/wp\/v2\/media?parent=13113"}],"curies":[{"name":"wp","href":"https:\/\/api.w.org\/{rel}","templated":true}]}}