{"id":13095,"date":"2017-08-14T09:56:10","date_gmt":"2017-08-14T09:56:10","guid":{"rendered":"https:\/\/kruszwicapro.com\/main-7\/"},"modified":"2022-12-12T23:28:49","modified_gmt":"2022-12-12T23:28:49","slug":"main-7","status":"publish","type":"page","link":"https:\/\/kruszwicapro.com\/hu\/","title":{"rendered":"KruszwicaPro"},"content":{"rendered":"<div class=\"wpb-content-wrapper\"><p>[vc_column css=&#8221;.vc_custom_1508433817683{padding-top: 0px !important;padding-right: 0px !important;padding-bottom: 0px !important;padding-left: 0px !important;}&#8221;][\/vc_column][vc_section css=&#8221;.vc_custom_1508428845838{margin-top: 0px !important;margin-right: 0px !important;margin-bottom: 0px !important;margin-left: 0px !important;padding-top: 0px !important;padding-right: 0px !important;padding-bottom: 0px !important;padding-left: 0px !important;}&#8221;][vc_row content_placement=&#8221;middle&#8221; video_bg=&#8221;yes&#8221; video_bg_url=&#8221;https:\/\/www.youtube.com\/watch?v=JqyJUGRA6RM&#8221; css=&#8221;.vc_custom_1658319948314{background-image: url(https:\/\/kruszwicapro.com\/wp-content\/uploads\/2018\/02\/video_bg.jpg?id=10985) !important;}&#8221; el_class=&#8221;no-desktop-paddings&#8221;][vc_column][vc_row_inner content_placement=&#8221;middle&#8221; css=&#8221;.vc_custom_1658215248945{margin-top: 20px !important;margin-right: 20px !important;margin-bottom: 20px !important;margin-left: 20px !important;border-top-width: 2px !important;border-right-width: 2px !important;border-bottom-width: 2px !important;border-left-width: 2px !important;padding-top: 80px !important;padding-bottom: 80px !important;border-left-style: dotted !important;border-right-style: dotted !important;border-top-style: dotted !important;border-bottom-style: dotted !important;}&#8221;][vc_column_inner][vc_custom_heading text=&#8221;A legig\u00e9nyesebb szakemberek sz\u00e1m\u00e1ra&#8221; font_container=&#8221;tag:h1|font_size:36|text_align:center|color:%23ffffff|line_height:1&#8243; google_fonts=&#8221;font_family:Merriweather%3A300%2C300italic%2Cregular%2Citalic%2C700%2C700italic%2C900%2C900italic|font_style:700%20bold%20regular%3A700%3Anormal&#8221;][vc_btn title=&#8221;Margarinok s\u00fct\u00e9shez&#8221; shape=&#8221;round&#8221; color=&#8221;white&#8221; align=&#8221;center&#8221; i_icon_fontawesome=&#8221;fas fa-play&#8221; css_animation=&#8221;fadeInUp&#8221; add_icon=&#8221;true&#8221; link=&#8221;url:%2Fhu%2Ffelhasznalas%2Fsuteshez%2F|title:Margarinok%20s%C3%BCt%C3%A9shez&#8221; css=&#8221;.vc_custom_1662989865765{margin-top: 30px !important;}&#8221;][\/vc_column_inner][\/vc_row_inner][\/vc_column][\/vc_row][vc_row][vc_column][vc_row_inner equal_height=&#8221;yes&#8221; gap=&#8221;5&#8243; css=&#8221;.vc_custom_1569337512604{margin-top: 10px !important;margin-bottom: 40px !important;}&#8221;][vc_column_inner width=&#8221;1\/4&#8243; css=&#8221;.vc_custom_1569333721494{margin-top: 10px !important;margin-right: 10px !important;margin-bottom: 10px !important;margin-left: 10px !important;border-top-width: 1px !important;border-right-width: 1px !important;border-bottom-width: 1px !important;border-left-width: 1px !important;padding-top: 10px !important;padding-right: 10px !important;padding-bottom: 10px !important;padding-left: 10px !important;border-left-color: #eeeeee !important;border-left-style: solid !important;border-right-color: #eeeeee !important;border-right-style: solid !important;border-top-color: #eeeeee !important;border-top-style: solid !important;border-bottom-color: #eeeeee !important;border-bottom-style: solid !important;border-radius: 4px !important;}&#8221;][vc_single_image image=&#8221;13699&#8243; img_size=&#8221;full&#8221; alignment=&#8221;center&#8221; onclick=&#8221;custom_link&#8221; css_animation=&#8221;fadeIn&#8221; link=&#8221;\/hu\/shop\/margaryny\/maestra-puff-pastry-mb\/&#8221; el_class=&#8221;zoomimage&#8221; css=&#8221;.vc_custom_1670887121332{padding-bottom: 30px !important;}&#8221;][vc_column_text css_animation=&#8221;none&#8221;]<\/p>\r\n<h4 class=\"product_title entry-title\"><a href=\"https:\/\/kruszwicapro.com\/hu\/shop\/margarin\/maestra-puff-pastry-mb\/\"><strong>Maestra Puff Pastry MB<\/strong><\/a><\/h4>\r\n<p>[\/vc_column_text][\/vc_column_inner][vc_column_inner width=&#8221;1\/4&#8243; css=&#8221;.vc_custom_1569333744629{margin-top: 10px !important;margin-right: 10px !important;margin-bottom: 10px !important;margin-left: 10px !important;border-top-width: 1px !important;border-right-width: 1px !important;border-bottom-width: 1px !important;border-left-width: 1px !important;padding-top: 10px !important;padding-right: 10px !important;padding-bottom: 10px !important;padding-left: 10px !important;border-left-color: #eeeeee !important;border-left-style: solid !important;border-right-color: #eeeeee !important;border-right-style: solid !important;border-top-color: #eeeeee !important;border-top-style: solid !important;border-bottom-color: #eeeeee !important;border-bottom-style: solid !important;border-radius: 4px !important;}&#8221;][vc_single_image image=&#8221;13007&#8243; img_size=&#8221;full&#8221; alignment=&#8221;center&#8221; onclick=&#8221;custom_link&#8221; css_animation=&#8221;fadeIn&#8221; link=&#8221;\/hu\/shop\/olajok\/english-maestro-freshness\/&#8221; el_class=&#8221;zoomimage&#8221;][vc_column_text css_animation=&#8221;none&#8221;]<\/p>\r\n<h4 class=\"product_title entry-title\"><a href=\"https:\/\/kruszwicapro.com\/hu\/shop\/olajok\/english-maestro-freshness\/\"><strong>Maestro frissess\u00e9g<\/strong><\/a><\/h4>\r\n<p>[\/vc_column_text][\/vc_column_inner][vc_column_inner width=&#8221;1\/4&#8243; css=&#8221;.vc_custom_1569333756314{margin-top: 10px !important;margin-right: 10px !important;margin-bottom: 10px !important;margin-left: 10px !important;border-top-width: 1px !important;border-right-width: 1px !important;border-bottom-width: 1px !important;border-left-width: 1px !important;padding-top: 10px !important;padding-right: 10px !important;padding-bottom: 10px !important;padding-left: 10px !important;border-left-color: #eeeeee !important;border-left-style: solid !important;border-right-color: #eeeeee !important;border-right-style: solid !important;border-top-color: #eeeeee !important;border-top-style: solid !important;border-bottom-color: #eeeeee !important;border-bottom-style: solid !important;border-radius: 4px !important;}&#8221;][vc_single_image image=&#8221;13664&#8243; img_size=&#8221;full&#8221; alignment=&#8221;center&#8221; onclick=&#8221;custom_link&#8221; css_animation=&#8221;fadeIn&#8221; link=&#8221;\/hu\/shop\/olajok\/olej-s-maslovou-esenci\/&#8221; el_class=&#8221;zoomimage&#8221;][vc_column_text css_animation=&#8221;none&#8221;]<\/p>\r\n<h4 class=\"product_title entry-title\"><a href=\"https:\/\/kruszwicapro.com\/hu\/shop\/olajok\/olej-s-maslovou-esenci\/\"><strong>Olaj vaj esszenci\u00e1b\u00f3l<\/strong><\/a><\/h4>\r\n<p>[\/vc_column_text][\/vc_column_inner][vc_column_inner width=&#8221;1\/4&#8243; css=&#8221;.vc_custom_1569333764901{margin-top: 10px !important;margin-right: 10px !important;margin-bottom: 10px !important;margin-left: 10px !important;border-top-width: 1px !important;border-right-width: 1px !important;border-bottom-width: 1px !important;border-left-width: 1px !important;padding-top: 10px !important;padding-right: 10px !important;padding-bottom: 10px !important;padding-left: 10px !important;border-left-color: #eeeeee !important;border-left-style: solid !important;border-right-color: #eeeeee !important;border-right-style: solid !important;border-top-color: #eeeeee !important;border-top-style: solid !important;border-bottom-color: #eeeeee !important;border-bottom-style: solid !important;border-radius: 4px !important;}&#8221;][vc_single_image image=&#8221;13670&#8243; img_size=&#8221;full&#8221; alignment=&#8221;center&#8221; onclick=&#8221;custom_link&#8221; css_animation=&#8221;fadeIn&#8221; link=&#8221;\/hu\/shop\/olajsutokbe-hasznalatos-olajok\/maestro-gold\/&#8221; el_class=&#8221;zoomimage&#8221; css=&#8221;.vc_custom_1670887370249{padding-bottom: 30px !important;}&#8221;][vc_column_text css_animation=&#8221;none&#8221;]<\/p>\r\n<h4 class=\"product_title entry-title\"><a href=\"https:\/\/kruszwicapro.com\/hu\/shop\/olajsutokbe-hasznalatos-olajok\/maestro-gold\/\"><strong>Maestro Gold<\/strong><\/a><\/h4>\r\n<p>[\/vc_column_text][\/vc_column_inner][\/vc_row_inner][\/vc_column][\/vc_row][vc_row content_placement=&#8221;middle&#8221; css=&#8221;.vc_custom_1522154575435{background-image: url(https:\/\/kruszwicapro.com\/wp-content\/uploads\/2017\/08\/bgimg_02.jpg?id=10701) !important;background-position: center !important;background-repeat: no-repeat !important;background-size: cover !important;}&#8221; el_class=&#8221;no-desktop-paddings&#8221;][vc_column css=&#8221;.vc_custom_1508433639363{padding-top: 0px !important;padding-right: 0px !important;padding-bottom: 0px !important;padding-left: 0px !important;}&#8221;][vc_row_inner content_placement=&#8221;middle&#8221; css=&#8221;.vc_custom_1516959069698{margin-top: 20px !important;margin-right: 20px !important;margin-bottom: 20px !important;margin-left: 20px !important;border-top-width: 2px !important;border-right-width: 2px !important;border-bottom-width: 2px !important;border-left-width: 2px !important;padding-top: 60px !important;padding-bottom: 60px !important;border-left-color: #ffffff !important;border-left-style: dotted !important;border-right-color: #ffffff !important;border-right-style: dotted !important;border-top-color: #ffffff !important;border-top-style: dotted !important;border-bottom-color: #ffffff !important;border-bottom-style: dotted !important;}&#8221;][vc_column_inner][vc_custom_heading text=&#8221;A csod\u00e1latosan k\u00f6nny\u0171 t\u00e9szt\u00e1hoz&#8221; font_container=&#8221;tag:h2|font_size:36|text_align:center|color:%23ffffff|line_height:1&#8243; google_fonts=&#8221;font_family:Merriweather%3A300%2C300italic%2Cregular%2Citalic%2C700%2C700italic%2C900%2C900italic|font_style:700%20bold%20regular%3A700%3Anormal&#8221;][vc_btn title=&#8221;Margarinok leveles t\u00e9szt\u00e1hoz&#8221; shape=&#8221;round&#8221; color=&#8221;white&#8221; align=&#8221;center&#8221; i_icon_fontawesome=&#8221;fas fa-play&#8221; css_animation=&#8221;fadeInUp&#8221; add_icon=&#8221;true&#8221; link=&#8221;url:%2Fhu%2Ffelhasznalas%2Fleveles-tesztakhoz-hu-2%2F|title:Margarinok%20leveles%20t%C3%A9szt%C3%A1hoz&#8221; css=&#8221;.vc_custom_1662989908844{padding-top: 30px !important;}&#8221;][\/vc_column_inner][\/vc_row_inner][\/vc_column][\/vc_row][\/vc_section][vc_row][vc_column][vc_row_inner equal_height=&#8221;yes&#8221; gap=&#8221;5&#8243; css=&#8221;.vc_custom_1569338257716{margin-bottom: 40px !important;}&#8221;][vc_column_inner width=&#8221;1\/3&#8243; css=&#8221;.vc_custom_1569333721494{margin-top: 10px !important;margin-right: 10px !important;margin-bottom: 10px !important;margin-left: 10px !important;border-top-width: 1px !important;border-right-width: 1px !important;border-bottom-width: 1px !important;border-left-width: 1px !important;padding-top: 10px !important;padding-right: 10px !important;padding-bottom: 10px !important;padding-left: 10px !important;border-left-color: #eeeeee !important;border-left-style: solid !important;border-right-color: #eeeeee !important;border-right-style: solid !important;border-top-color: #eeeeee !important;border-top-style: solid !important;border-bottom-color: #eeeeee !important;border-bottom-style: solid !important;border-radius: 4px !important;}&#8221;][vc_single_image image=&#8221;10164&#8243; img_size=&#8221;full&#8221; alignment=&#8221;center&#8221; onclick=&#8221;custom_link&#8221; css_animation=&#8221;fadeIn&#8221; link=&#8221;https:\/\/kruszwicapro.com\/en\/product\/maestra-delicate-with-a-butter-extract-puff-pastry-mb\/&#8221; el_class=&#8221;zoomimage&#8221;][vc_column_text css_animation=&#8221;none&#8221;]<\/p>\r\n<h4 class=\"product_title entry-title\"><a href=\"https:\/\/kruszwicapro.com\/en\/product\/maestra-delicate-with-a-butter-extract-puff-pastry-mb\/\"><strong>Maestra Delicate PP vaj esszenci\u00e1val MB leveles margarin 80%<\/strong><\/a><\/h4>\r\n<p>[\/vc_column_text][\/vc_column_inner][vc_column_inner width=&#8221;1\/3&#8243; css=&#8221;.vc_custom_1569333744629{margin-top: 10px !important;margin-right: 10px !important;margin-bottom: 10px !important;margin-left: 10px !important;border-top-width: 1px !important;border-right-width: 1px !important;border-bottom-width: 1px !important;border-left-width: 1px !important;padding-top: 10px !important;padding-right: 10px !important;padding-bottom: 10px !important;padding-left: 10px !important;border-left-color: #eeeeee !important;border-left-style: solid !important;border-right-color: #eeeeee !important;border-right-style: solid !important;border-top-color: #eeeeee !important;border-top-style: solid !important;border-bottom-color: #eeeeee !important;border-bottom-style: solid !important;border-radius: 4px !important;}&#8221;][vc_single_image image=&#8221;10184&#8243; img_size=&#8221;full&#8221; alignment=&#8221;center&#8221; onclick=&#8221;custom_link&#8221; css_animation=&#8221;fadeIn&#8221; link=&#8221;https:\/\/kruszwicapro.com\/en\/product\/maestra-puff-pastry-mb\/&#8221; el_class=&#8221;zoomimage&#8221;][vc_column_text css_animation=&#8221;none&#8221;]<\/p>\r\n<h4 class=\"product_title entry-title\"><a href=\"https:\/\/kruszwicapro.com\/en\/product\/maestra-puff-pastry-mb\/\"><strong>Maestra Puff Pastry MB<\/strong><\/a><\/h4>\r\n<p>[\/vc_column_text][\/vc_column_inner][vc_column_inner width=&#8221;1\/3&#8243; css=&#8221;.vc_custom_1569333756314{margin-top: 10px !important;margin-right: 10px !important;margin-bottom: 10px !important;margin-left: 10px !important;border-top-width: 1px !important;border-right-width: 1px !important;border-bottom-width: 1px !important;border-left-width: 1px !important;padding-top: 10px !important;padding-right: 10px !important;padding-bottom: 10px !important;padding-left: 10px !important;border-left-color: #eeeeee !important;border-left-style: solid !important;border-right-color: #eeeeee !important;border-right-style: solid !important;border-top-color: #eeeeee !important;border-top-style: solid !important;border-bottom-color: #eeeeee !important;border-bottom-style: solid !important;border-radius: 4px !important;}&#8221;][vc_single_image image=&#8221;10185&#8243; img_size=&#8221;full&#8221; alignment=&#8221;center&#8221; onclick=&#8221;custom_link&#8221; css_animation=&#8221;fadeIn&#8221; link=&#8221;https:\/\/kruszwicapro.com\/en\/product\/maestra-puff-pastry-nh-mb\/&#8221; el_class=&#8221;zoomimage&#8221;][vc_column_text css_animation=&#8221;none&#8221;]<\/p>\r\n<h4 class=\"product_title entry-title\"><a href=\"https:\/\/kruszwicapro.com\/en\/product\/maestra-puff-pastry-nh-mb\/\"><strong>Maestra Puff Pastry NH MB<\/strong><\/a><\/h4>\r\n<p>[\/vc_column_text][\/vc_column_inner][\/vc_row_inner][\/vc_column][\/vc_row]<\/p><\/div>","protected":false},"excerpt":{"rendered":"<p>[vc_column css=&#8221;.vc_custom_1508433817683{padding-top: 0px !important;padding-right: 0px !important;padding-bottom: 0px !important;padding-left: 0px !important;}&#8221;][\/vc_column][vc_section css=&#8221;.vc_custom_1508428845838{margin-top: 0px !important;margin-right: 0px !important;margin-bottom: 0px !important;margin-left: 0px !important;padding-top: 0px [&hellip;]<\/p>\n","protected":false},"author":1,"featured_media":0,"parent":0,"menu_order":35,"comment_status":"closed","ping_status":"closed","template":"template-homepage.php","meta":{"footnotes":""},"class_list":["post-13095","page","type-page","status-publish","hentry"],"_links":{"self":[{"href":"https:\/\/kruszwicapro.com\/hu\/wp-json\/wp\/v2\/pages\/13095","targetHints":{"allow":["GET"]}}],"collection":[{"href":"https:\/\/kruszwicapro.com\/hu\/wp-json\/wp\/v2\/pages"}],"about":[{"href":"https:\/\/kruszwicapro.com\/hu\/wp-json\/wp\/v2\/types\/page"}],"author":[{"embeddable":true,"href":"https:\/\/kruszwicapro.com\/hu\/wp-json\/wp\/v2\/users\/1"}],"replies":[{"embeddable":true,"href":"https:\/\/kruszwicapro.com\/hu\/wp-json\/wp\/v2\/comments?post=13095"}],"version-history":[{"count":7,"href":"https:\/\/kruszwicapro.com\/hu\/wp-json\/wp\/v2\/pages\/13095\/revisions"}],"predecessor-version":[{"id":13724,"href":"https:\/\/kruszwicapro.com\/hu\/wp-json\/wp\/v2\/pages\/13095\/revisions\/13724"}],"wp:attachment":[{"href":"https:\/\/kruszwicapro.com\/hu\/wp-json\/wp\/v2\/media?parent=13095"}],"curies":[{"name":"wp","href":"https:\/\/api.w.org\/{rel}","templated":true}]}}