{"id":435,"date":"2017-10-23T07:00:21","date_gmt":"2017-10-23T07:00:21","guid":{"rendered":"http:\/\/a-one.yumecommerce.com\/?post_type=product&#038;p=435"},"modified":"2026-01-14T13:57:39","modified_gmt":"2026-01-14T13:57:39","slug":"maestra-cukiernicza-nh-mb","status":"publish","type":"product","link":"https:\/\/kruszwicapro.com\/cs\/obchod\/margaryny\/maestra-cukiernicza-nh-mb\/","title":{"rendered":"Maestra Cukr\u00e1\u0159sk\u00e1 NH MB"},"content":{"rendered":"<div class=\"wpb-content-wrapper\"><p>[vc_row][vc_column][vc_column_text]<\/p>\r\n<p>Je nejkvalitn\u011bj\u0161\u00ed cukr\u00e1\u0159sk\u00fd margar\u00edn bez ztu\u017een\u00fdch tuk\u016f. M\u00e1 skv\u011blou konzistencci a schopnost d\u00e1vat v\u00fdrobk\u016fm vhodnou strukturu. Obohacen\u00e1 lecitinem a beta karotenem, bez obsahu ztu\u017een\u00fdch tuk\u016f, kter\u00fdm se vyh\u00fdbaj\u00ed spot\u0159ebitel\u00e9, kte\u0159\u00ed se stravuj\u00ed v\u011bdom\u011b. Zv\u011bt\u0161uje objem v\u00fdrobk\u016f a d\u00e1v\u00e1 jim jemnou strukturu, dob\u0159e se \u0161leh\u00e1.<\/p>\r\n<ul>\r\n\t<li><strong>Bez ztu\u017een\u00fdch tuk\u016f &#8211; NH<\/strong><\/li>\r\n\t<li><strong>Bez konzervant\u016f a um\u011bl\u00fdch aromat<\/strong><\/li>\r\n\t<li><strong>Skv\u011bl\u00e9 vlastnosti provzdu\u0161\u0148ov\u00e1n\u00ed (aerace)<\/strong><\/li>\r\n\t<li><strong>Vhodn\u00e1 struktura cukr\u00e1\u0159sk\u00fdch a peka\u0159sk\u00fdch v\u00fdrobk\u016f<\/strong><\/li>\r\n\t<li><strong>V\u00fdjime\u010dn\u00e9 vlastnosti chut\u011b a v\u016fn\u011b hotov\u00e9ho v\u00fdrobku<\/strong><\/li>\r\n<\/ul>\r\n<p>&nbsp;<\/p>\r\n<p class=\"p1\"><b><img loading=\"lazy\" decoding=\"async\" class=\"alignnone wp-image-10494 size-full\" src=\"https:\/\/kruszwicapro.com\/wp-content\/uploads\/2017\/09\/ico_nh.png\" alt=\"\" width=\"64\" height=\"64\" \/>NEZTU\u017dEN\u00c9 TUKY \u2013 NOV\u00c1 KVALITA TUK\u016e<\/b><\/p>\r\n<p class=\"p1\">V potravin\u00e1\u0159sk\u00e9m n\u00e1zvoslov\u00ed jsou \u010dasto paraleln\u011b pou\u017e\u00edv\u00e1ny v\u00fdrazy: ztu\u017een\u00e9, \u010d\u00e1ste\u010dn\u011b ztu\u017een\u00e9 nebo \u010d\u00e1ste\u010dn\u011b hydrogenovan\u00e9 tuky. V\u0161echny n\u00e1zvy se t\u00fdkaj\u00ed stejn\u00e9 ingredience \u2013 tuku, jen\u017e v procesu \u010d\u00e1ste\u010dn\u00e9ho ztu\u017eov\u00e1n\u00ed z\u00edsk\u00e1v\u00e1 pevnou texturu. D\u016fsledkem \u010d\u00e1ste\u010dn\u00e9ho ztu\u017eov\u00e1n\u00ed olej\u016f m\u016f\u017ee b\u00fdt tvorba transmastn\u00fdch kyselin nep\u0159\u00edzniv\u00fdch pro zdrav\u00ed.<\/p>\r\n<p class=\"p1\">Modern\u00ed metodou z\u00edsk\u00e1v\u00e1n\u00ed tuk\u016f s pevnou konzistenc\u00ed je esterifikace. B\u011bhem tohoto procesu nedoch\u00e1z\u00ed k negativn\u00edm prom\u011bn\u00e1m mastn\u00fdch kyselin na trans-izomery. Esterifikac\u00ed olej\u016f se vyr\u00e1b\u00ed kvalitn\u00ed tuky, obsahuj\u00edc\u00ed stopov\u00e9 mno\u017estv\u00ed trans-izomer\u016f (&lt; 1 %) a odpov\u00eddaj\u00edc\u00ed modern\u00edm nutri\u010dn\u00edm doporu\u010den\u00edm.<\/p>\r\n<p><strong><img loading=\"lazy\" decoding=\"async\" class=\"alignnone wp-image-10493 size-full\" src=\"https:\/\/kruszwicapro.com\/wp-content\/uploads\/2017\/09\/ico_mb.png\" alt=\"\" width=\"64\" height=\"64\" \/><\/strong><strong>MASS BALANCE <\/strong>Z\u00edsk\u00e1v\u00e1n\u00ed oleje z palmy je kontroverzn\u00ed z d\u016fvodu bl\u00edzk\u00e9ho spojen\u00ed s ileg\u00e1ln\u00edm k\u00e1cen\u00edm de\u0161tn\u00fdch prales\u016f pro p\u011bstov\u00e1n\u00ed olejn\u00fdch palem. Jsme l\u00eddrem na trhu olej\u016f a rostlinn\u00fdch tuk\u016f, proto c\u00edt\u00edme zodpov\u011bdnost za udr\u017eiteln\u00fd rozvoj zem\u011bd\u011blstv\u00ed. Spolupracujeme s dodavateli palmov\u00e9ho oleje z plant\u00e1\u017e\u00ed, kter\u00e9 nep\u0159isp\u00edvaj\u00ed k ni\u010den\u00ed p\u0159\u00edrodn\u00edch ekosyst\u00e9m\u016f a tak\u00e9 negativn\u011b neovliv\u0148uj\u00ed obyvatelstvo z dan\u00e9 oblasti. Podporujeme koncepci syst\u00e9mu certifikace v\u00fdrobk\u016f The Roundtable on Sustainable Palma Oil (RSPO). Dod\u00e1v\u00e1me v\u00fdrobky obsahuj\u00edc\u00ed palmov\u00fd olej v syst\u00e9mu Mass Balance a tak\u00e9 v syst\u00e9mu Segregate.<\/p>\r\n<p>[\/vc_column_text][\/vc_column][\/vc_row]<\/p><\/div>","protected":false},"excerpt":{"rendered":"<p>Je nejkvalitn\u011bj\u0161\u00ed cukr\u00e1\u0159sk\u00fd margar\u00edn bez ztu\u017een\u00fdch tuk\u016f. M\u00e1 skv\u011blou konzistencci a schopnost d\u00e1vat v\u00fdrobk\u016fm vhodnou strukturu.<\/p>\n[simple_tooltip content='V\u00fdrobek neobsahuje ztu\u017een\u00e9 tuky']<img loading=\"lazy\" decoding=\"async\" class=\"alignnone wp-image-10493 size-full\" src=\"https:\/\/kruszwicapro.com\/wp-content\/uploads\/2017\/09\/ico_nh.png\" alt=\"\" width=\"64\" height=\"64\" \/>[\/simple_tooltip]\n[simple_tooltip content='Pro v\u00fdrobu byl pou\u017eit\u00fd certifikovan\u00fd palmov\u00fd olej v syst\u00e9mu Mass Balance']<img loading=\"lazy\" decoding=\"async\" class=\"alignnone wp-image-10493 size-full\" src=\"https:\/\/kruszwicapro.com\/wp-content\/uploads\/2017\/09\/ico_mb.png\" alt=\"\" width=\"64\" height=\"64\" \/>[\/simple_tooltip]\n","protected":false},"featured_media":10163,"template":"","meta":[],"product_brand":[],"product_cat":[58],"product_tag":[371,368],"class_list":{"0":"post-435","1":"product","2":"type-product","3":"status-publish","4":"has-post-thumbnail","6":"product_cat-margaryny","7":"product_tag-do-kremu","8":"product_tag-na-peceni","9":"pa_clean-label-nie","10":"pa_consistency-stala","11":"pa_fat-content-tluszcz-80","12":"pa_fat-used-kokosowy","13":"pa_fat-used-rzepakowy","14":"pa_fat-used-palmowy","15":"pa_free-from-preservatives-tak","16":"pa_packaging-karton","17":"pa_quantity-kg-141","18":"pa_rspo-certificate-tak","19":"pa_segment-premium","20":"pa_tfa-tfa-1","21":"pa_with-added-butter-nie","22":"pa_with-colorant-tak","23":"pa_without-hydrogenated-fats-tak","25":"first","26":"instock","27":"shipping-taxable","28":"product-type-simple"},"_links":{"self":[{"href":"https:\/\/kruszwicapro.com\/cs\/wp-json\/wp\/v2\/product\/435","targetHints":{"allow":["GET"]}}],"collection":[{"href":"https:\/\/kruszwicapro.com\/cs\/wp-json\/wp\/v2\/product"}],"about":[{"href":"https:\/\/kruszwicapro.com\/cs\/wp-json\/wp\/v2\/types\/product"}],"wp:featuredmedia":[{"embeddable":true,"href":"https:\/\/kruszwicapro.com\/cs\/wp-json\/wp\/v2\/media\/10163"}],"wp:attachment":[{"href":"https:\/\/kruszwicapro.com\/cs\/wp-json\/wp\/v2\/media?parent=435"}],"wp:term":[{"taxonomy":"product_brand","embeddable":true,"href":"https:\/\/kruszwicapro.com\/cs\/wp-json\/wp\/v2\/product_brand?post=435"},{"taxonomy":"product_cat","embeddable":true,"href":"https:\/\/kruszwicapro.com\/cs\/wp-json\/wp\/v2\/product_cat?post=435"},{"taxonomy":"product_tag","embeddable":true,"href":"https:\/\/kruszwicapro.com\/cs\/wp-json\/wp\/v2\/product_tag?post=435"}],"curies":[{"name":"wp","href":"https:\/\/api.w.org\/{rel}","templated":true}]}}