{"id":14376,"date":"2026-03-06T18:32:19","date_gmt":"2026-03-06T18:32:19","guid":{"rendered":"https:\/\/kruszwicapro.com\/shop\/nezarazene\/trenn-pro-l50dt\/"},"modified":"2026-03-08T18:39:46","modified_gmt":"2026-03-08T18:39:46","slug":"trenn-pro-l50dt","status":"publish","type":"product","link":"https:\/\/kruszwicapro.com\/cs\/obchod\/oleje\/trenn-pro-l50dt\/","title":{"rendered":"Trenn Pro L50DT"},"content":{"rendered":"<div class=\"wpb-content-wrapper\">[vc_row content_placement=&#8220;middle&#8220; parallax=&#8220;content-moving&#8220; css=&#8220;.vc_custom_1772806326406{margin-top: 0px !important;margin-right: 0px !important;margin-bottom: 0px !important;margin-left: 0px !important;background: #FFFFFF url(http:\/\/kruszwica.b2bpowergroup.com\/wp-content\/uploads\/2017\/05\/cat_margaryny.jpg?id=10152);background-position: center;background-repeat: no-repeat !important;background-size: cover !important;}&#8220; el_class=&#8220;no-desktop-paddings&#8220;][vc_column css=&#8220;.vc_custom_1508433817683{padding-top: 0px !important;padding-right: 0px !important;padding-bottom: 0px !important;padding-left: 0px !important;}&#8220;][vc_row_inner content_placement=&#8220;middle&#8220; css=&#8220;.vc_custom_1772808706653{margin-top: 20px !important;margin-right: 20px !important;margin-bottom: 20px !important;margin-left: 20px !important;border-top-width: 2px !important;border-right-width: 2px !important;border-bottom-width: 2px !important;border-left-width: 2px !important;padding-top: 0px !important;padding-bottom: 0px !important;padding-left: 10px !important;border-left-style: dotted !important;border-right-style: dotted !important;border-top-style: dotted !important;border-bottom-style: dotted !important;border-color: #ffffff !important;}&#8220;][vc_column_inner css=&#8220;.vc_custom_1508433823874{padding-top: 0px !important;padding-right: 0px !important;padding-bottom: 0px !important;padding-left: 0px !important;}&#8220;][vc_column_text css=&#8220;&#8220;]<strong>VLASTNOSTI PRODUKTU<\/strong>\r\n<ul>\r\n \t<li>Ekonomick\u00e9 vyu\u017eit\u00ed ve srovn\u00e1n\u00ed s promaz\u00e1v\u00e1n\u00edm povrchu jin\u00fdmi metodami ne\u017e st\u0159\u00edk\u00e1n\u00edm.<\/li>\r\n \t<li>Aplikace je mo\u017en\u00e1 jak peka\u0159sk\u00fdm \u0161t\u011btcem, tak vzduchovou nebo elektrickou st\u0159\u00edkac\u00ed pistol\u00ed.<\/li>\r\n \t<li>Neutr\u00e1ln\u00ed v chuti, naprosto bezpe\u010dn\u00fd p\u0159i kontaktu s potravinami, neovliv\u0148uje chu\u0165 peka\u0159sk\u00fdch v\u00fdrobk\u016f.<\/li>\r\n \t<li>100% rostlinn\u00e9 slo\u017een\u00ed \u2013 vhodn\u00e9 pro vegansk\u00e9 produkty.<\/li>\r\n \t<li>Bez alergen\u016f.<\/li>\r\n<\/ul>\r\n<strong>POU\u017dIT\u00cd<\/strong>\r\nSpecializovan\u00fd separa\u010dn\u00ed prost\u0159edek pro cukr\u00e1\u0159sk\u00e9 formy a pe\u010dic\u00ed plechy, hn\u011btac\u00ed vany, o\u0161atky a dal\u0161\u00ed peka\u0159sk\u00e9 vybaven\u00ed, kter\u00fd zabra\u0148uje lepen\u00ed t\u011bsta. D\u00edky p\u0159\u00eddavku rostlinn\u00fdch vosk\u016f v receptu\u0159e tuk na form\u011b dob\u0159e dr\u017e\u00ed. Produkt je vhodn\u00fd zejm\u00e9na pro celozrnn\u00e9 a na cukr bohat\u00e9 peka\u0159sk\u00e9 v\u00fdrobky.  \r\n\r\n<strong>EFEKT<\/strong>\r\nZaji\u0161\u0165uje rovnom\u011brn\u00e9 promaz\u00e1n\u00ed povrchu a chr\u00e1n\u00ed formy p\u0159ed vznikem p\u0159ip\u00e1lenin. Usnad\u0148uje myt\u00ed a \u010di\u0161t\u011bn\u00ed pou\u017e\u00edvan\u00e9ho p\u0159\u00edslu\u0161enstv\u00ed a z\u00e1rove\u0148 zpomaluje jeho opot\u0159eben\u00ed.\r\n\r\nSkladujte na tmav\u00e9m, such\u00e9m a dob\u0159e v\u011btran\u00e9m m\u00edst\u011b p\u0159i teplot\u011b 2\u201318 \u00b0C.[\/vc_column_text][\/vc_column_inner][\/vc_row_inner][\/vc_column][\/vc_row]<\/div>","protected":false},"excerpt":{"rendered":"<p>Separa\u010dn\u00ed prost\u0159edek<\/p>\n<p>Specializovan\u00fd separa\u010dn\u00ed prost\u0159edek pro cukr\u00e1\u0159sk\u00e9 formy a pe\u010dic\u00ed plechy, hn\u011btac\u00ed vany, o\u0161atky a dal\u0161\u00ed peka\u0159sk\u00e9 vybaven\u00ed, kter\u00fd zabra\u0148uje lepen\u00ed t\u011bsta.<\/p>\n","protected":false},"featured_media":14377,"template":"","meta":[],"product_brand":[],"product_cat":[59],"product_tag":[],"class_list":{"0":"post-14376","1":"product","2":"type-product","3":"status-publish","4":"has-post-thumbnail","6":"product_cat-oleje","7":"pa_packaging-paletopojemnik","8":"pa_quantity-l-12l","10":"first","11":"instock","12":"shipping-taxable","13":"product-type-simple"},"_links":{"self":[{"href":"https:\/\/kruszwicapro.com\/cs\/wp-json\/wp\/v2\/product\/14376","targetHints":{"allow":["GET"]}}],"collection":[{"href":"https:\/\/kruszwicapro.com\/cs\/wp-json\/wp\/v2\/product"}],"about":[{"href":"https:\/\/kruszwicapro.com\/cs\/wp-json\/wp\/v2\/types\/product"}],"wp:featuredmedia":[{"embeddable":true,"href":"https:\/\/kruszwicapro.com\/cs\/wp-json\/wp\/v2\/media\/14377"}],"wp:attachment":[{"href":"https:\/\/kruszwicapro.com\/cs\/wp-json\/wp\/v2\/media?parent=14376"}],"wp:term":[{"taxonomy":"product_brand","embeddable":true,"href":"https:\/\/kruszwicapro.com\/cs\/wp-json\/wp\/v2\/product_brand?post=14376"},{"taxonomy":"product_cat","embeddable":true,"href":"https:\/\/kruszwicapro.com\/cs\/wp-json\/wp\/v2\/product_cat?post=14376"},{"taxonomy":"product_tag","embeddable":true,"href":"https:\/\/kruszwicapro.com\/cs\/wp-json\/wp\/v2\/product_tag?post=14376"}],"curies":[{"name":"wp","href":"https:\/\/api.w.org\/{rel}","templated":true}]}}