{"id":14374,"date":"2026-03-06T22:53:27","date_gmt":"2026-03-06T22:53:27","guid":{"rendered":"https:\/\/kruszwicapro.com\/shop\/nezarazene\/optima-trenn-spray\/"},"modified":"2026-03-08T18:39:25","modified_gmt":"2026-03-08T18:39:25","slug":"optima-trenn-spray","status":"publish","type":"product","link":"https:\/\/kruszwicapro.com\/cs\/obchod\/oleje\/optima-trenn-spray\/","title":{"rendered":"Optima Trenn Spray"},"content":{"rendered":"<div class=\"wpb-content-wrapper\">[vc_row content_placement=&#8220;middle&#8220; parallax=&#8220;content-moving&#8220; css=&#8220;.vc_custom_1772806326406{margin-top: 0px !important;margin-right: 0px !important;margin-bottom: 0px !important;margin-left: 0px !important;background: #FFFFFF url(http:\/\/kruszwica.b2bpowergroup.com\/wp-content\/uploads\/2017\/05\/cat_margaryny.jpg?id=10152);background-position: center;background-repeat: no-repeat !important;background-size: cover !important;}&#8220; el_class=&#8220;no-desktop-paddings&#8220;][vc_column css=&#8220;.vc_custom_1508433817683{padding-top: 0px !important;padding-right: 0px !important;padding-bottom: 0px !important;padding-left: 0px !important;}&#8220;][vc_row_inner content_placement=&#8220;middle&#8220; css=&#8220;.vc_custom_1772808706653{margin-top: 20px !important;margin-right: 20px !important;margin-bottom: 20px !important;margin-left: 20px !important;border-top-width: 2px !important;border-right-width: 2px !important;border-bottom-width: 2px !important;border-left-width: 2px !important;padding-top: 0px !important;padding-bottom: 0px !important;padding-left: 10px !important;border-left-style: dotted !important;border-right-style: dotted !important;border-top-style: dotted !important;border-bottom-style: dotted !important;border-color: #ffffff !important;}&#8220;][vc_column_inner css=&#8220;.vc_custom_1508433823874{padding-top: 0px !important;padding-right: 0px !important;padding-bottom: 0px !important;padding-left: 0px !important;}&#8220;][vc_column_text css=&#8220;&#8220;]<strong>VLASTNOSTI PRODUKTU<\/strong>\r\n<ul>\r\n \t<li>Vynikaj\u00edc\u00ed nep\u0159ilnav\u00e9 vlastnosti zabra\u0148uj\u00ed p\u0159ichycen\u00ed produkt\u016f k povrch\u016fm a zamezuj\u00ed vzniku p\u0159ip\u00e1lenin na spor\u00e1c\u00edch, p\u00e1nv\u00edch, grilech a pe\u010dic\u00edch form\u00e1ch.<\/li>\r\n \t<li>100% rostlinn\u00e9 slo\u017een\u00ed.<\/li>\r\n \t<li>Bez alergen\u016f.<\/li>\r\n \t<li>Slo\u017een\u00ed z \u0159epkov\u00e9ho oleje, palmov\u00e9ho oleje a slune\u010dnicov\u00e9ho lecithinu.<\/li>\r\n \t<li>Praktick\u00e9, p\u0159\u00edru\u010dn\u00ed 500ml balen\u00ed, snadno pou\u017eiteln\u00e9 za v\u0161ech podm\u00ednek.<\/li>\r\n \t<li>Ekonomick\u00e9 vyu\u017eit\u00ed ve srovn\u00e1n\u00ed s vymaz\u00e1v\u00e1n\u00edm povrchu jin\u00fdmi metodami ne\u017e st\u0159\u00edk\u00e1n\u00edm.<\/li>\r\n \t<li>Vysok\u00e1 n\u00e1kladov\u00e1 efektivita.<\/li>\r\n<\/ul>\r\n<strong>POU\u017dIT\u00cd<\/strong>\r\nSepara\u010dn\u00ed prost\u0159edek ve spreji pro kontaktn\u00ed sma\u017een\u00ed na rovn\u00fdch ploch\u00e1ch, jako jsou p\u00e1nve, plotny, ro\u0161ty, grily, vaflova\u010de, a tak\u00e9 pro v\u0161echny typy pe\u010dic\u00edch plech\u016f a forem.\r\n\r\n<strong>EFEKT<\/strong>\r\n\r\nRovnom\u011brn\u011b vyma\u0161t\u011bn\u00fd povrch, kter\u00fd chr\u00e1n\u00ed p\u0159ed vznikem p\u0159ip\u00e1lenin na sma\u017eic\u00edch ploch\u00e1ch a pe\u010dic\u00edch form\u00e1ch. Usnad\u0148uje myt\u00ed a \u010di\u0161t\u011bn\u00ed pou\u017e\u00edvan\u00e9ho vybaven\u00ed a zpomaluje jeho opot\u0159eben\u00ed. \r\n\r\nSkladujte na tmav\u00e9m, such\u00e9m a dob\u0159e v\u011btran\u00e9m m\u00edst\u011b p\u0159i teplot\u011b 2\u201318 \u00b0C.[\/vc_column_text][\/vc_column_inner][\/vc_row_inner][\/vc_column][\/vc_row]<\/div>","protected":false},"excerpt":{"rendered":"<p>Separa\u010dn\u00ed prost\u0159edek<\/p>\n<p>Separa\u010dn\u00ed prost\u0159edek ve spreji pro kontaktn\u00ed sma\u017een\u00ed na rovn\u00fdch ploch\u00e1ch, jako jsou p\u00e1nve, plotny, ro\u0161ty, grily, vaflova\u010de, a tak\u00e9 pro v\u0161echny typy pe\u010dic\u00edch plech\u016f a forem.<\/p>\n","protected":false},"featured_media":14375,"template":"","meta":[],"product_brand":[],"product_cat":[59],"product_tag":[],"class_list":{"0":"post-14374","1":"product","2":"type-product","3":"status-publish","4":"has-post-thumbnail","6":"product_cat-oleje","7":"pa_fat-content-730","8":"pa_packaging-paletopojemnik","9":"pa_quantity-l-12x500ml","10":"pa_quantity-l-6000ml","12":"first","13":"instock","14":"shipping-taxable","15":"product-type-simple"},"_links":{"self":[{"href":"https:\/\/kruszwicapro.com\/cs\/wp-json\/wp\/v2\/product\/14374","targetHints":{"allow":["GET"]}}],"collection":[{"href":"https:\/\/kruszwicapro.com\/cs\/wp-json\/wp\/v2\/product"}],"about":[{"href":"https:\/\/kruszwicapro.com\/cs\/wp-json\/wp\/v2\/types\/product"}],"wp:featuredmedia":[{"embeddable":true,"href":"https:\/\/kruszwicapro.com\/cs\/wp-json\/wp\/v2\/media\/14375"}],"wp:attachment":[{"href":"https:\/\/kruszwicapro.com\/cs\/wp-json\/wp\/v2\/media?parent=14374"}],"wp:term":[{"taxonomy":"product_brand","embeddable":true,"href":"https:\/\/kruszwicapro.com\/cs\/wp-json\/wp\/v2\/product_brand?post=14374"},{"taxonomy":"product_cat","embeddable":true,"href":"https:\/\/kruszwicapro.com\/cs\/wp-json\/wp\/v2\/product_cat?post=14374"},{"taxonomy":"product_tag","embeddable":true,"href":"https:\/\/kruszwicapro.com\/cs\/wp-json\/wp\/v2\/product_tag?post=14374"}],"curies":[{"name":"wp","href":"https:\/\/api.w.org\/{rel}","templated":true}]}}