{"id":14372,"date":"2026-03-06T22:46:29","date_gmt":"2026-03-06T22:46:29","guid":{"rendered":"https:\/\/kruszwicapro.com\/shop\/nezarazene\/beleaf-plantbetter\/"},"modified":"2026-03-08T18:38:38","modified_gmt":"2026-03-08T18:38:38","slug":"beleaf-plantbetter","status":"publish","type":"product","link":"https:\/\/kruszwicapro.com\/cs\/obchod\/margaryny\/beleaf-plantbetter\/","title":{"rendered":"Beleaf PlantBetter"},"content":{"rendered":"<div class=\"wpb-content-wrapper\">[vc_row content_placement=&#8220;middle&#8220; parallax=&#8220;content-moving&#8220; css=&#8220;.vc_custom_1772806326406{margin-top: 0px !important;margin-right: 0px !important;margin-bottom: 0px !important;margin-left: 0px !important;background: #FFFFFF url(http:\/\/kruszwica.b2bpowergroup.com\/wp-content\/uploads\/2017\/05\/cat_margaryny.jpg?id=10152);background-position: center;background-repeat: no-repeat !important;background-size: cover !important;}&#8220; el_class=&#8220;no-desktop-paddings&#8220;][vc_column css=&#8220;.vc_custom_1508433817683{padding-top: 0px !important;padding-right: 0px !important;padding-bottom: 0px !important;padding-left: 0px !important;}&#8220;][vc_row_inner content_placement=&#8220;middle&#8220; css=&#8220;.vc_custom_1772808706653{margin-top: 20px !important;margin-right: 20px !important;margin-bottom: 20px !important;margin-left: 20px !important;border-top-width: 2px !important;border-right-width: 2px !important;border-bottom-width: 2px !important;border-left-width: 2px !important;padding-top: 0px !important;padding-bottom: 0px !important;padding-left: 10px !important;border-left-style: dotted !important;border-right-style: dotted !important;border-top-style: dotted !important;border-bottom-style: dotted !important;border-color: #ffffff !important;}&#8220;][vc_column_inner css=&#8220;.vc_custom_1508433823874{padding-top: 0px !important;padding-right: 0px !important;padding-bottom: 0px !important;padding-left: 0px !important;}&#8220;][vc_column_text css=&#8220;&#8220;]<strong>VLASTNOSTI PRODUKTU<\/strong>\r\n<ul>\r\n \t<li>100% rostlinn\u00e9 suroviny bez palmov\u00e9ho oleje.<\/li>\r\n \t<li>Obsah tuku 82 %.<\/li>\r\n \t<li>Bez lakt\u00f3zy.<\/li>\r\n \t<li>Zaji\u0161\u0165uje kr\u00e9movou konzistenci.<\/li>\r\n \t<li>Dokonal\u00e9 provzdu\u0161n\u011bn\u00ed.<\/li>\r\n \t<li>Dod\u00e1v\u00e1 pe\u010divu m\u00e1slovou chu\u0165 a k\u0159upavost.<\/li>\r\n \t<li>P\u0159i jeho v\u00fdrob\u011b je uhl\u00edkov\u00e1 stopa dvakr\u00e1t ni\u017e\u0161\u00ed ne\u017e p\u0159i v\u00fdrob\u011b tradi\u010dn\u00edho m\u00e1sla.<\/li>\r\n \t<li>Uhl\u00edkov\u00e1 stopa je o 50 % ni\u017e\u0161\u00ed ne\u017e u tradi\u010dn\u00edho m\u00e1sla.<\/li>\r\n<\/ul>\r\n<strong>POU\u017dIT\u00cd<\/strong>\r\nBeleaf PlantBetter je inovativn\u00ed, pln\u011b rostlinn\u00fd tuk, kter\u00fd dok\u00e1\u017ee nahradit ml\u00e9\u010dn\u00fd tuk p\u0159i zachov\u00e1n\u00ed charakteristick\u00fdch vlastnost\u00ed m\u00e1sla. Je ide\u00e1ln\u00ed pro cukr\u00e1\u0159sk\u00e9 a peka\u0159sk\u00e9 vyu\u017eit\u00ed, a to jak pro pe\u010den\u00ed kol\u00e1\u010d\u016f a su\u0161enek, tak pro v\u00fdrobu kr\u00e9m\u016f a n\u00e1pln\u00ed. Beleaf PlantBetter je odpov\u011bd\u00ed na rostouc\u00ed o\u010dek\u00e1v\u00e1n\u00ed a pot\u0159eby uv\u011bdom\u011bl\u00e9ho spot\u0159ebitele. \r\n\r\n<strong>V\u00ddSLEDKY<\/strong>\r\n\r\nBeleaf PlantBetter napodobuje funk\u010dnost m\u00e1sla, p\u0159i\u010dem\u017e si zachov\u00e1v\u00e1 srovnateln\u00e9 nutri\u010dn\u00ed hodnoty a poskytuje podobn\u00fd senzorick\u00fd z\u00e1\u017eitek. Dod\u00e1v\u00e1 pe\u010divu m\u00e1slovou chu\u0165 a zaji\u0161\u0165uje spr\u00e1vn\u00e9 vy\u0161leh\u00e1n\u00ed kr\u00e9m\u016f. \r\n\r\nSkladujte na tmav\u00e9m, such\u00e9m a dob\u0159e v\u011btran\u00e9m m\u00edst\u011b p\u0159i teplot\u011b 2\u201318 \u00b0C.\r\n\r\n<img loading=\"lazy\" decoding=\"async\" class=\"alignnone size-full wp-image-14316\" style=\"padding-right: 10px; vertical-align: top;\" src=\"https:\/\/kruszwicapro.com\/wp-content\/uploads\/2026\/03\/icon-np.png\" alt=\"\" width=\"65\" height=\"64\"><img loading=\"lazy\" decoding=\"async\" class=\"alignnone size-full wp-image-14314\" style=\"padding-right: 10px; vertical-align: top;\" src=\"https:\/\/kruszwicapro.com\/wp-content\/uploads\/2026\/03\/icon-nh.png\" alt=\"\" width=\"65\" height=\"64\"><img loading=\"lazy\" decoding=\"async\" class=\"alignnone size-full wp-image-14315\" style=\"padding-right: 10px; vertical-align: top;\" src=\"https:\/\/kruszwicapro.com\/wp-content\/uploads\/2026\/03\/icon-no-lactose.png\" alt=\"\" width=\"65\" height=\"64\">[\/vc_column_text][\/vc_column_inner][\/vc_row_inner][\/vc_column][\/vc_row]<\/div>","protected":false},"excerpt":{"rendered":"<p>Rostlinn\u00fd tuk<br \/>Beleaf PlantBetter je inovativn\u00ed, pln\u011b rostlinn\u00fd tuk, kter\u00fd dok\u00e1\u017ee nahradit ml\u00e9\u010dn\u00fd tuk p\u0159i zachov\u00e1n\u00ed vlastnost\u00ed m\u00e1sla. Je ide\u00e1ln\u00ed pro cukr\u00e1\u0159sk\u00e9 a peka\u0159sk\u00e9 vyu\u017eit\u00ed, a to jak pro pe\u010den\u00ed kol\u00e1\u010d\u016f a su\u0161enek, tak pro v\u00fdrobu kr\u00e9m\u016f a n\u00e1pln\u00ed.<br \/>\n[simple_tooltip]<img loading=\"lazy\" decoding=\"async\" class=\"alignnone size-full wp-image-14316\" style=\"padding-right: 10px; vertical-align: top;\" src=\"https:\/\/kruszwicapro.com\/wp-content\/uploads\/2026\/03\/icon-np.png\" alt=\"\" width=\"65\" height=\"64\"><img loading=\"lazy\" decoding=\"async\" class=\"alignnone size-full wp-image-14314\" style=\"padding-right: 10px; vertical-align: top;\" src=\"https:\/\/kruszwicapro.com\/wp-content\/uploads\/2026\/03\/icon-nh.png\" alt=\"\" width=\"65\" height=\"64\"><img loading=\"lazy\" decoding=\"async\" class=\"alignnone size-full wp-image-14315\" style=\"padding-right: 10px; vertical-align: top;\" src=\"https:\/\/kruszwicapro.com\/wp-content\/uploads\/2026\/03\/icon-no-lactose.png\" alt=\"\" width=\"65\" height=\"64\">[\/simple_tooltip]<\/p>\n","protected":false},"featured_media":14373,"template":"","meta":[],"product_brand":[],"product_cat":[58],"product_tag":[],"class_list":{"0":"post-14372","1":"product","2":"type-product","3":"status-publish","4":"has-post-thumbnail","6":"product_cat-margaryny","7":"pa_fat-content-730","8":"pa_packaging-paletopojemnik","9":"pa_quantity-kg-141","10":"pa_quantity-kg-4x2-5kg","12":"first","13":"instock","14":"shipping-taxable","15":"product-type-simple"},"_links":{"self":[{"href":"https:\/\/kruszwicapro.com\/cs\/wp-json\/wp\/v2\/product\/14372","targetHints":{"allow":["GET"]}}],"collection":[{"href":"https:\/\/kruszwicapro.com\/cs\/wp-json\/wp\/v2\/product"}],"about":[{"href":"https:\/\/kruszwicapro.com\/cs\/wp-json\/wp\/v2\/types\/product"}],"wp:featuredmedia":[{"embeddable":true,"href":"https:\/\/kruszwicapro.com\/cs\/wp-json\/wp\/v2\/media\/14373"}],"wp:attachment":[{"href":"https:\/\/kruszwicapro.com\/cs\/wp-json\/wp\/v2\/media?parent=14372"}],"wp:term":[{"taxonomy":"product_brand","embeddable":true,"href":"https:\/\/kruszwicapro.com\/cs\/wp-json\/wp\/v2\/product_brand?post=14372"},{"taxonomy":"product_cat","embeddable":true,"href":"https:\/\/kruszwicapro.com\/cs\/wp-json\/wp\/v2\/product_cat?post=14372"},{"taxonomy":"product_tag","embeddable":true,"href":"https:\/\/kruszwicapro.com\/cs\/wp-json\/wp\/v2\/product_tag?post=14372"}],"curies":[{"name":"wp","href":"https:\/\/api.w.org\/{rel}","templated":true}]}}