{"id":14370,"date":"2026-03-06T22:37:28","date_gmt":"2026-03-06T22:37:28","guid":{"rendered":"https:\/\/kruszwicapro.com\/shop\/nezarazene\/eleplant\/"},"modified":"2026-03-08T18:37:53","modified_gmt":"2026-03-08T18:37:53","slug":"eleplant","status":"publish","type":"product","link":"https:\/\/kruszwicapro.com\/cs\/obchod\/margaryny\/eleplant\/","title":{"rendered":"Eleplant"},"content":{"rendered":"<div class=\"wpb-content-wrapper\">[vc_row content_placement=&#8220;middle&#8220; parallax=&#8220;content-moving&#8220; css=&#8220;.vc_custom_1772806326406{margin-top: 0px !important;margin-right: 0px !important;margin-bottom: 0px !important;margin-left: 0px !important;background: #FFFFFF url(http:\/\/kruszwica.b2bpowergroup.com\/wp-content\/uploads\/2017\/05\/cat_margaryny.jpg?id=10152);background-position: center;background-repeat: no-repeat !important;background-size: cover !important;}&#8220; el_class=&#8220;no-desktop-paddings&#8220;][vc_column css=&#8220;.vc_custom_1508433817683{padding-top: 0px !important;padding-right: 0px !important;padding-bottom: 0px !important;padding-left: 0px !important;}&#8220;][vc_row_inner content_placement=&#8220;middle&#8220; css=&#8220;.vc_custom_1772808706653{margin-top: 20px !important;margin-right: 20px !important;margin-bottom: 20px !important;margin-left: 20px !important;border-top-width: 2px !important;border-right-width: 2px !important;border-bottom-width: 2px !important;border-left-width: 2px !important;padding-top: 0px !important;padding-bottom: 0px !important;padding-left: 10px !important;border-left-style: dotted !important;border-right-style: dotted !important;border-top-style: dotted !important;border-bottom-style: dotted !important;border-color: #ffffff !important;}&#8220;][vc_column_inner css=&#8220;.vc_custom_1508433823874{padding-top: 0px !important;padding-right: 0px !important;padding-bottom: 0px !important;padding-left: 0px !important;}&#8220;][vc_column_text css=&#8220;&#8220;]<strong>VLASTNOSTI PRODUKTU<\/strong>\r\n<ul>\r\n \t<li>100% rostlinn\u00e9 suroviny.<\/li>\r\n \t<li>Obsah tuku 79 %.<\/li>\r\n \t<li>Bez palmov\u00e9ho oleje.<\/li>\r\n \t<li>Bez lakt\u00f3zy.<\/li>\r\n \t<li>Zaji\u0161\u0165uje kr\u00e9movou konzistenci.<\/li>\r\n \t<li>Skv\u011ble se \u0161leh\u00e1.<\/li>\r\n \t<li>Dod\u00e1v\u00e1 pokrm\u016fm m\u00e1slovou chu\u0165.<\/li>\r\n \t<li>P\u0159i jeho v\u00fdrob\u011b je uhl\u00edkov\u00e1 stopa dvakr\u00e1t ni\u017e\u0161\u00ed ne\u017e p\u0159i v\u00fdrob\u011b tradi\u010dn\u00edho m\u00e1sla.<\/li>\r\n<\/ul>\r\n<strong>POU\u017dIT\u00cd<\/strong>\r\nInovativn\u00ed, univerz\u00e1ln\u00ed rostlinn\u00fd tuk, kter\u00fd v kuchyni funguje jako tradi\u010dn\u00ed m\u00e1slo. Ide\u00e1ln\u00ed pro va\u0159en\u00ed, pe\u010den\u00ed, sma\u017een\u00ed, konfitov\u00e1n\u00ed i studenou kuchyni. Skv\u011ble se hod\u00ed pro tradi\u010dn\u00ed i veganskou gastronomii.  \r\n\r\n<strong>V\u00ddSLEDKY<\/strong>\r\n\r\nM\u00e1slov\u00fd, ale bez m\u00e1sla!\r\nEleplant zaji\u0161\u0165uje opakovatelnost a snadnost procesu a podporuje udr\u017eiteln\u00fd rozvoj. Dod\u00e1v\u00e1 chuti nov\u00fd rozm\u011br. Pokrmy s Eleplantem jsou kr\u00e9mov\u00e9 a sametov\u00e9.  \r\n\r\nSkladujte na chladn\u00e9m a such\u00e9m m\u00edst\u011b.\r\n\r\n<img loading=\"lazy\" decoding=\"async\" class=\"alignnone size-full wp-image-14316\" style=\"padding-right: 10px; vertical-align: top;\" src=\"https:\/\/kruszwicapro.com\/wp-content\/uploads\/2026\/03\/icon-np.png\" alt=\"\" width=\"65\" height=\"64\"><img loading=\"lazy\" decoding=\"async\" class=\"alignnone size-full wp-image-14314\" style=\"padding-right: 10px; vertical-align: top;\" src=\"https:\/\/kruszwicapro.com\/wp-content\/uploads\/2026\/03\/icon-nh.png\" alt=\"\" width=\"65\" height=\"64\"><img loading=\"lazy\" decoding=\"async\" class=\"alignnone size-full wp-image-14318\" style=\"padding-right: 10px; vertical-align: top;\" src=\"https:\/\/kruszwicapro.com\/wp-content\/uploads\/2026\/03\/icon-vegan.png\" alt=\"\" width=\"64\" height=\"79\"><img loading=\"lazy\" decoding=\"async\" class=\"alignnone size-full wp-image-14315\" style=\"padding-right: 10px; vertical-align: top;\" src=\"https:\/\/kruszwicapro.com\/wp-content\/uploads\/2026\/03\/icon-no-lactose.png\" alt=\"\" width=\"65\" height=\"64\">[\/vc_column_text][\/vc_column_inner][\/vc_row_inner][\/vc_column][\/vc_row]<\/div>","protected":false},"excerpt":{"rendered":"<p>Rostlinn\u00fd tuk<\/p>\n<p>Inovativn\u00ed, univerz\u00e1ln\u00ed rostlinn\u00fd tuk, kter\u00fd v kuchyni funguje jako tradi\u010dn\u00ed m\u00e1slo. Ide\u00e1ln\u00ed pro va\u0159en\u00ed, pe\u010den\u00ed, sma\u017een\u00ed, konfitov\u00e1n\u00ed i studenou kuchyni. Skv\u011ble se hod\u00ed pro tradi\u010dn\u00ed i veganskou gastronomii.  <\/p>\n[simple_tooltip]<img loading=\"lazy\" decoding=\"async\" class=\"alignnone size-full wp-image-14316\" style=\"padding-right: 10px; vertical-align: top;\" src=\"https:\/\/kruszwicapro.com\/wp-content\/uploads\/2026\/03\/icon-np.png\" alt=\"\" width=\"65\" height=\"64\"><img loading=\"lazy\" decoding=\"async\" class=\"alignnone size-full wp-image-14314\" style=\"padding-right: 10px; vertical-align: top;\" src=\"https:\/\/kruszwicapro.com\/wp-content\/uploads\/2026\/03\/icon-nh.png\" alt=\"\" width=\"65\" height=\"64\"><img loading=\"lazy\" decoding=\"async\" class=\"alignnone size-full wp-image-14318\" style=\"padding-right: 10px; vertical-align: top;\" src=\"https:\/\/kruszwicapro.com\/wp-content\/uploads\/2026\/03\/icon-vegan.png\" alt=\"\" width=\"64\" height=\"79\"><img loading=\"lazy\" decoding=\"async\" class=\"alignnone size-full wp-image-14315\" style=\"padding-right: 10px; vertical-align: top;\" src=\"https:\/\/kruszwicapro.com\/wp-content\/uploads\/2026\/03\/icon-no-lactose.png\" alt=\"\" width=\"65\" height=\"64\">[\/simple_tooltip]\n","protected":false},"featured_media":14371,"template":"","meta":[],"product_brand":[],"product_cat":[58],"product_tag":[],"class_list":{"0":"post-14370","1":"product","2":"type-product","3":"status-publish","4":"has-post-thumbnail","6":"product_cat-margaryny","7":"pa_fat-content-tluszcz-80","8":"pa_packaging-paletopojemnik","9":"pa_quantity-kg-16x200g","10":"pa_quantity-kg-32-kg","12":"first","13":"instock","14":"shipping-taxable","15":"product-type-simple"},"_links":{"self":[{"href":"https:\/\/kruszwicapro.com\/cs\/wp-json\/wp\/v2\/product\/14370","targetHints":{"allow":["GET"]}}],"collection":[{"href":"https:\/\/kruszwicapro.com\/cs\/wp-json\/wp\/v2\/product"}],"about":[{"href":"https:\/\/kruszwicapro.com\/cs\/wp-json\/wp\/v2\/types\/product"}],"wp:featuredmedia":[{"embeddable":true,"href":"https:\/\/kruszwicapro.com\/cs\/wp-json\/wp\/v2\/media\/14371"}],"wp:attachment":[{"href":"https:\/\/kruszwicapro.com\/cs\/wp-json\/wp\/v2\/media?parent=14370"}],"wp:term":[{"taxonomy":"product_brand","embeddable":true,"href":"https:\/\/kruszwicapro.com\/cs\/wp-json\/wp\/v2\/product_brand?post=14370"},{"taxonomy":"product_cat","embeddable":true,"href":"https:\/\/kruszwicapro.com\/cs\/wp-json\/wp\/v2\/product_cat?post=14370"},{"taxonomy":"product_tag","embeddable":true,"href":"https:\/\/kruszwicapro.com\/cs\/wp-json\/wp\/v2\/product_tag?post=14370"}],"curies":[{"name":"wp","href":"https:\/\/api.w.org\/{rel}","templated":true}]}}