{"id":14369,"date":"2026-03-06T21:49:20","date_gmt":"2026-03-06T21:49:20","guid":{"rendered":"https:\/\/kruszwicapro.com\/shop\/nezarazene\/westfalia-feinste-25\/"},"modified":"2026-03-08T18:54:20","modified_gmt":"2026-03-08T18:54:20","slug":"westfalia-feinste-25","status":"publish","type":"product","link":"https:\/\/kruszwicapro.com\/cs\/obchod\/margaryny\/westfalia-feinste-25\/","title":{"rendered":"Westfalia Feinste 25%"},"content":{"rendered":"<div class=\"wpb-content-wrapper\">[vc_row content_placement=&#8220;middle&#8220; parallax=&#8220;content-moving&#8220; css=&#8220;.vc_custom_1772806326406{margin-top: 0px !important;margin-right: 0px !important;margin-bottom: 0px !important;margin-left: 0px !important;background: #FFFFFF url(http:\/\/kruszwica.b2bpowergroup.com\/wp-content\/uploads\/2017\/05\/cat_margaryny.jpg?id=10152);background-position: center;background-repeat: no-repeat !important;background-size: cover !important;}&#8220; el_class=&#8220;no-desktop-paddings&#8220;][vc_column css=&#8220;.vc_custom_1508433817683{padding-top: 0px !important;padding-right: 0px !important;padding-bottom: 0px !important;padding-left: 0px !important;}&#8220;][vc_row_inner content_placement=&#8220;middle&#8220; css=&#8220;.vc_custom_1772808706653{margin-top: 20px !important;margin-right: 20px !important;margin-bottom: 20px !important;margin-left: 20px !important;border-top-width: 2px !important;border-right-width: 2px !important;border-bottom-width: 2px !important;border-left-width: 2px !important;padding-top: 0px !important;padding-bottom: 0px !important;padding-left: 10px !important;border-left-style: dotted !important;border-right-style: dotted !important;border-top-style: dotted !important;border-bottom-style: dotted !important;border-color: #ffffff !important;}&#8220;][vc_column_inner css=&#8220;.vc_custom_1508433823874{padding-top: 0px !important;padding-right: 0px !important;padding-bottom: 0px !important;padding-left: 0px !important;}&#8220;][vc_column_text css=&#8220;&#8220;]<strong>VLASTNOSTI PRODUKTU<\/strong>\r\n<ul>\r\n \t<li>Dod\u00e1v\u00e1 pe\u010divu bohatou, hlubokou m\u00e1slovou chu\u0165 a aroma.<\/li>\r\n \t<li>Certifikovan\u00fd palmov\u00fd tuk v syst\u00e9mu Segregated (SG).<\/li>\r\n \t<li>Bez obsahu ztu\u017een\u00fdch tuk\u016f.<\/li>\r\n \t<li>Zaru\u010duje ide\u00e1ln\u00ed laminaci t\u011bsta a vynikaj\u00edc\u00ed v\u00fdsledn\u00fd produkt.<\/li>\r\n \t<li>Vynikaj\u00edc\u00ed plasticita. Umo\u017e\u0148uje v\u00e1len\u00ed a skl\u00e1d\u00e1n\u00ed bez l\u00e1m\u00e1n\u00ed nebo prask\u00e1n\u00ed vrstev t\u011bsta. <\/li>\r\n \t<li>Zaji\u0161\u0165uje spr\u00e1vn\u00e9 kynut\u00ed a tvar pe\u010den\u00fdch v\u00fdrobk\u016f.<\/li>\r\n \t<li>Vhodn\u00fd pro ru\u010dn\u00ed i strojn\u00ed zpracov\u00e1n\u00ed.<\/li>\r\n<\/ul>\r\n<strong>APLIKACE<\/strong>\r\nPro v\u00fdrobu jemn\u00e9ho a lehk\u00e9ho listov\u00e9ho t\u011bsta, plundrov\u00e9ho t\u011bsta a croissant\u016f.\r\n\r\n<strong>SLO\u017dEN\u00cd<\/strong>\r\nObsahuje 20,5 % koncentrovan\u00e9ho m\u00e1sla (odpov\u00edd\u00e1 25% obsahu m\u00e1sla). Kombinuje funk\u010dn\u00ed vlastnosti laminovac\u00edho margar\u00ednu s chut\u00ed a aromatem m\u00e1sla. \r\n\r\n<strong>V\u00ddSLEDKY<\/strong>\r\n<strong>Jemn\u00e1 m\u00e1slov\u00e1 chu\u0165 a aroma v pe\u010divu, vynikaj\u00edc\u00ed efekt laminov\u00e1n\u00ed t\u011bsta a spr\u00e1vn\u00e9 vykynut\u00ed a tvar pe\u010diva po upe\u010den\u00ed.<\/strong>\r\n\r\nSkladujte na chladn\u00e9m a such\u00e9m m\u00edst\u011b.\r\n\r\n<img loading=\"lazy\" decoding=\"async\" class=\"alignnone size-full wp-image-14317 alignleft\" style=\"padding-right: 10px;\" src=\"https:\/\/kruszwicapro.com\/wp-content\/uploads\/2026\/03\/icon-sg.png\" alt=\"\" width=\"65\" height=\"64\">   <img loading=\"lazy\" decoding=\"async\" class=\"alignnone size-medium wp-image-14314 alignleft\" style=\"padding-right: 10px;\" src=\"https:\/\/kruszwicapro.com\/wp-content\/uploads\/2026\/03\/icon-nh.png\" alt=\"\" width=\"65\" height=\"64\">   <img loading=\"lazy\" decoding=\"async\" class=\"alignnone size-medium wp-image-14313 alignleft\" src=\"https:\/\/kruszwicapro.com\/wp-content\/uploads\/2026\/03\/icon-butter.png\" alt=\"\" width=\"65\" height=\"64\">\r\n\r\n&nbsp;\r\n\r\n&nbsp;\r\n\r\n<strong>KULAT\u00dd ST\u016eL O UDR\u017dITELN\u00c9M PALMOV\u00c9M OLEJI (RSPO)<\/strong>\r\nT\u011b\u017eba palmov\u00e9ho oleje je kontroverzn\u00ed kv\u016fli tomu, \u017ee m\u00e1 bl\u00edzko k neleg\u00e1ln\u00edmu k\u00e1cen\u00ed de\u0161tn\u00fdch prales\u016f za \u00fa\u010delem p\u011bstov\u00e1n\u00ed palmy olejn\u00e9, co\u017e vede k v\u00fdrazn\u00e9mu zhor\u0161ov\u00e1n\u00ed \u017eivotn\u00edho prost\u0159ed\u00ed a p\u0159isp\u00edv\u00e1 k negativn\u00edm zm\u011bn\u00e1m klimatu. Jako vedouc\u00ed spole\u010dnost na trhu s rostlinn\u00fdmi oleji a tuky jsme zodpov\u011bdn\u00ed za zaji\u0161t\u011bn\u00ed udr\u017eitelnosti zem\u011bd\u011blstv\u00ed, budoucnosti na\u0161\u00ed planety a podporu m\u00edstn\u00edch komunit. Na\u0161i partne\u0159i jsou dodavateli palmov\u00e9ho oleje z plant\u00e1\u017e\u00ed, kter\u00e9 nep\u0159isp\u00edvaj\u00ed k ni\u010den\u00ed p\u0159\u00edrodn\u00edch ekosyst\u00e9m\u016f a nemaj\u00ed negativn\u00ed dopad na obyvatelstvo \u017eij\u00edc\u00ed v dan\u00e9 oblasti.   Kulat\u00fd st\u016fl pro udr\u017eiteln\u00fd palmov\u00fd olej (RSPO). Na\u0161e v\u00fdrobky obsahuj\u00edc\u00ed palmov\u00fd olej jsou dod\u00e1v\u00e1ny v syst\u00e9mu Mass Balance a Segregated.\r\nViz \u0159ady Maestra a Maestro.\r\n\r\n<strong>MELANGE<\/strong>\r\nProdukty obsahuj\u00edc\u00ed koncentrovan\u00fd ml\u00e9\u010dn\u00fd tuk.\r\nViz \u0159ada Maestra.[\/vc_column_text][\/vc_column_inner][\/vc_row_inner][\/vc_column][\/vc_row]<\/div>","protected":false},"excerpt":{"rendered":"<p>Laminovac\u00ed margar\u00edn s m\u00e1slem<\/p>\n<p>Pro v\u00fdrobu jemn\u00e9ho a lehk\u00e9ho l\u00edstkov\u00e9ho t\u011bsta, plundrov\u00e9ho t\u011bsta a croissant\u016f.<\/p>\n<p>Obsahuje 20,5 % koncentrovan\u00e9ho m\u00e1sla (odpov\u00edd\u00e1 25% obsahu m\u00e1sla). Kombinuje funk\u010dn\u00ed vlastnosti laminovac\u00edho margar\u00ednu s chut\u00ed a aromatem m\u00e1sla. <\/p>\n[simple_tooltip]<img loading=\"lazy\" decoding=\"async\" class=\"alignnone size-full wp-image-14317 alignleft\" style=\"padding-right: 10px;\" src=\"https:\/\/kruszwicapro.com\/wp-content\/uploads\/2026\/03\/icon-sg.png\" alt=\"\" width=\"65\" height=\"64\">   <img loading=\"lazy\" decoding=\"async\" class=\"alignnone size-medium wp-image-14314 alignleft\" style=\"padding-right: 10px;\" src=\"https:\/\/kruszwicapro.com\/wp-content\/uploads\/2026\/03\/icon-nh.png\" alt=\"\" width=\"65\" height=\"64\">   <img loading=\"lazy\" decoding=\"async\" class=\"alignnone size-medium wp-image-14313 alignleft\" src=\"https:\/\/kruszwicapro.com\/wp-content\/uploads\/2026\/03\/icon-butter.png\" alt=\"\" width=\"65\" height=\"64\">[\/simple_tooltip]\n","protected":false},"featured_media":14354,"template":"","meta":[],"product_brand":[],"product_cat":[58],"product_tag":[],"class_list":{"0":"post-14369","1":"product","2":"type-product","3":"status-publish","4":"has-post-thumbnail","6":"product_cat-margaryny","7":"pa_fat-content-tluszcz-80","8":"pa_packaging-paletopojemnik","9":"pa_quantity-kg-141","10":"pa_quantity-kg-5x2","12":"first","13":"instock","14":"shipping-taxable","15":"product-type-simple"},"_links":{"self":[{"href":"https:\/\/kruszwicapro.com\/cs\/wp-json\/wp\/v2\/product\/14369","targetHints":{"allow":["GET"]}}],"collection":[{"href":"https:\/\/kruszwicapro.com\/cs\/wp-json\/wp\/v2\/product"}],"about":[{"href":"https:\/\/kruszwicapro.com\/cs\/wp-json\/wp\/v2\/types\/product"}],"wp:featuredmedia":[{"embeddable":true,"href":"https:\/\/kruszwicapro.com\/cs\/wp-json\/wp\/v2\/media\/14354"}],"wp:attachment":[{"href":"https:\/\/kruszwicapro.com\/cs\/wp-json\/wp\/v2\/media?parent=14369"}],"wp:term":[{"taxonomy":"product_brand","embeddable":true,"href":"https:\/\/kruszwicapro.com\/cs\/wp-json\/wp\/v2\/product_brand?post=14369"},{"taxonomy":"product_cat","embeddable":true,"href":"https:\/\/kruszwicapro.com\/cs\/wp-json\/wp\/v2\/product_cat?post=14369"},{"taxonomy":"product_tag","embeddable":true,"href":"https:\/\/kruszwicapro.com\/cs\/wp-json\/wp\/v2\/product_tag?post=14369"}],"curies":[{"name":"wp","href":"https:\/\/api.w.org\/{rel}","templated":true}]}}