{"id":14350,"date":"2026-03-06T18:42:06","date_gmt":"2026-03-06T18:42:06","guid":{"rendered":"https:\/\/kruszwicapro.com\/shop\/nezarazene\/westfalia-feinste-50\/"},"modified":"2026-03-06T18:42:06","modified_gmt":"2026-03-06T18:42:06","slug":"westfalia-feinste-50","status":"publish","type":"product","link":"https:\/\/kruszwicapro.com\/cs\/obchod\/margaryny\/westfalia-feinste-50\/","title":{"rendered":"Westfalia Feinste 50%"},"content":{"rendered":"<div class=\"wpb-content-wrapper\">[vc_row content_placement=&#8220;middle&#8220; parallax=&#8220;content-moving&#8220; css=&#8220;.vc_custom_1772806326406{margin-top: 0px !important;margin-right: 0px !important;margin-bottom: 0px !important;margin-left: 0px !important;background: #FFFFFF url(http:\/\/kruszwica.b2bpowergroup.com\/wp-content\/uploads\/2017\/05\/cat_margaryny.jpg?id=10152);background-position: center;background-repeat: no-repeat !important;background-size: cover !important;}&#8220; el_class=&#8220;no-desktop-paddings&#8220;][vc_column css=&#8220;.vc_custom_1508433817683{padding-top: 0px !important;padding-right: 0px !important;padding-bottom: 0px !important;padding-left: 0px !important;}&#8220;][vc_row_inner content_placement=&#8220;middle&#8220; css=&#8220;.vc_custom_1772808706653{margin-top: 20px !important;margin-right: 20px !important;margin-bottom: 20px !important;margin-left: 20px !important;border-top-width: 2px !important;border-right-width: 2px !important;border-bottom-width: 2px !important;border-left-width: 2px !important;padding-top: 0px !important;padding-bottom: 0px !important;padding-left: 10px !important;border-left-style: dotted !important;border-right-style: dotted !important;border-top-style: dotted !important;border-bottom-style: dotted !important;border-color: #ffffff !important;}&#8220;][vc_column_inner css=&#8220;.vc_custom_1508433823874{padding-top: 0px !important;padding-right: 0px !important;padding-bottom: 0px !important;padding-left: 0px !important;}&#8220;][vc_column_text css=&#8220;&#8220;]<strong>VLASTNOSTI V\u00ddROBKU<\/strong>\r\n&#8211; Hlubok\u00fd, m\u00e1slov\u00fd chu\u0165ov\u00fd profil.\r\n&#8211; Poskytuje jemnou drobenku pe\u010divu.\r\n&#8211; Zaji\u0161\u0165uje v\u00fdjime\u010dnou vlhkost a prodlou\u017eenou trvanlivost, zachov\u00e1v\u00e1 ide\u00e1ln\u00ed strukturu.\r\n&#8211; Palmov\u00fd tuk s certifikac\u00ed SG (Segregated).\r\n&#8211; Neobsahuje hydrogenovan\u00e9 tuky.\r\n&#8211; Vynikaj\u00edc\u00ed provzdu\u0161\u0148ovac\u00ed vlastnosti.\r\n&#8211; Snadno se za\u010dle\u0148uje s ostatn\u00edmi p\u0159\u00edsadami.\r\n&#8211; Poskytuje spr\u00e1vnou strukturu v\u00fdrobku a v\u00fdjime\u010dn\u00e9 organoleptick\u00e9 vlastnosti hotov\u00fdch v\u00fdrobk\u016f.\r\n\r\n<strong>POU\u017dIT\u00cd<\/strong>\r\nPro pe\u010den\u00ed dort\u016f, su\u0161enek a v\u00fdrobu kr\u00e9m\u016f.\r\n\r\n<strong>Slo\u017een\u00ed<\/strong>\r\nObsahuje 41 % zahu\u0161t\u011bn\u00e9ho m\u00e1sla (odpov\u00edd\u00e1 50 % obsahu m\u00e1sla). Kombinuje funk\u010dn\u00ed vlastnosti margar\u00ednu s chut\u00ed a v\u016fn\u00ed m\u00e1sla. \r\n\r\n<strong>V\u00ddSLEDEK<\/strong>\r\n<strong>Dod\u00e1v\u00e1 hotov\u00fdm v\u00fdrobk\u016fm bohatou, intenzivn\u00ed m\u00e1slovou v\u016fni a chu\u0165.<\/strong>\r\n\r\nSkladujte na chladn\u00e9m a such\u00e9m m\u00edst\u011b.\r\n\r\n<img loading=\"lazy\" decoding=\"async\" class=\"alignnone size-full wp-image-14317 alignleft\" style=\"padding-right: 10px;\" src=\"https:\/\/kruszwicapro.com\/wp-content\/uploads\/2026\/03\/icon-sg.png\" alt=\"\" width=\"65\" height=\"64\">   <img loading=\"lazy\" decoding=\"async\" class=\"alignnone size-medium wp-image-14314 alignleft\" style=\"padding-right: 10px;\" src=\"https:\/\/kruszwicapro.com\/wp-content\/uploads\/2026\/03\/icon-nh.png\" alt=\"\" width=\"65\" height=\"64\">   <img loading=\"lazy\" decoding=\"async\" class=\"alignnone size-medium wp-image-14313 alignleft\" src=\"https:\/\/kruszwicapro.com\/wp-content\/uploads\/2026\/03\/icon-butter.png\" alt=\"\" width=\"65\" height=\"64\">\r\n\r\n&nbsp;\r\n\r\n&nbsp;\r\n\r\n<strong>KULAT\u00dd ST\u016eL O UDR\u017dITELN\u00c9M PALMOV\u00c9M OLEJI (RSPO)<\/strong>\r\nT\u011b\u017eba palmov\u00e9ho oleje je kontroverzn\u00ed kv\u016fli tomu, \u017ee m\u00e1 bl\u00edzko k neleg\u00e1ln\u00edmu k\u00e1cen\u00ed de\u0161tn\u00fdch prales\u016f za \u00fa\u010delem p\u011bstov\u00e1n\u00ed palmy olejn\u00e9, co\u017e vede k v\u00fdrazn\u00e9mu zhor\u0161ov\u00e1n\u00ed \u017eivotn\u00edho prost\u0159ed\u00ed a p\u0159isp\u00edv\u00e1 k negativn\u00edm zm\u011bn\u00e1m klimatu. Jako vedouc\u00ed spole\u010dnost na trhu s rostlinn\u00fdmi oleji a tuky jsme zodpov\u011bdn\u00ed za zaji\u0161t\u011bn\u00ed udr\u017eitelnosti zem\u011bd\u011blstv\u00ed, budoucnosti na\u0161\u00ed planety a podporu m\u00edstn\u00edch komunit. Na\u0161i partne\u0159i jsou dodavateli palmov\u00e9ho oleje z plant\u00e1\u017e\u00ed, kter\u00e9 nep\u0159isp\u00edvaj\u00ed k ni\u010den\u00ed p\u0159\u00edrodn\u00edch ekosyst\u00e9m\u016f a nemaj\u00ed negativn\u00ed dopad na obyvatelstvo \u017eij\u00edc\u00ed v dan\u00e9 oblasti.   Kulat\u00fd st\u016fl pro udr\u017eiteln\u00fd palmov\u00fd olej (RSPO). Na\u0161e v\u00fdrobky obsahuj\u00edc\u00ed palmov\u00fd olej jsou dod\u00e1v\u00e1ny v syst\u00e9mu Mass Balance a Segregated.\r\nViz \u0159ady Maestra a Maestro.\r\n\r\n<strong>MELANGE<\/strong>\r\nV\u00fdrobky obsahuj\u00edc\u00ed koncentrovan\u00fd ml\u00e9\u010dn\u00fd tuk.\r\nViz \u0159ada Maestra.[\/vc_column_text][\/vc_column_inner][\/vc_row_inner][\/vc_column][\/vc_row]<\/div>","protected":false},"excerpt":{"rendered":"<p>Na pe\u010den\u00ed dort\u016f, su\u0161enek a v\u00fdrobu kr\u00e9m\u016f.<\/p>\n<p>Obsahuje 41 % zahu\u0161t\u011bn\u00e9ho m\u00e1sla (odpov\u00edd\u00e1 50 % obsahu m\u00e1sla). Kombinuje funk\u010dn\u00ed vlastnosti margar\u00ednu s chut\u00ed a v\u016fn\u00ed m\u00e1sla. <\/p>\n[simple_tooltip]<img loading=\"lazy\" decoding=\"async\" class=\"alignnone size-full wp-image-14317 alignleft\" style=\"padding-right: 10px;\" src=\"https:\/\/kruszwicapro.com\/wp-content\/uploads\/2026\/03\/icon-sg.png\" alt=\"\" width=\"65\" height=\"64\">   <img loading=\"lazy\" decoding=\"async\" class=\"alignnone size-medium wp-image-14314 alignleft\" style=\"padding-right: 10px;\" src=\"https:\/\/kruszwicapro.com\/wp-content\/uploads\/2026\/03\/icon-nh.png\" alt=\"\" width=\"65\" height=\"64\">   <img loading=\"lazy\" decoding=\"async\" class=\"alignnone size-medium wp-image-14313 alignleft\" src=\"https:\/\/kruszwicapro.com\/wp-content\/uploads\/2026\/03\/icon-butter.png\" alt=\"\" width=\"65\" height=\"64\">[\/simple_tooltip]\n","protected":false},"featured_media":14355,"template":"","meta":[],"product_brand":[],"product_cat":[58],"product_tag":[],"class_list":{"0":"post-14350","1":"product","2":"type-product","3":"status-publish","4":"has-post-thumbnail","6":"product_cat-margaryny","7":"pa_fat-content-tluszcz-80","8":"pa_packaging-paletopojemnik","9":"pa_quantity-kg-141","10":"pa_quantity-kg-5x2","12":"first","13":"instock","14":"shipping-taxable","15":"product-type-simple"},"_links":{"self":[{"href":"https:\/\/kruszwicapro.com\/cs\/wp-json\/wp\/v2\/product\/14350","targetHints":{"allow":["GET"]}}],"collection":[{"href":"https:\/\/kruszwicapro.com\/cs\/wp-json\/wp\/v2\/product"}],"about":[{"href":"https:\/\/kruszwicapro.com\/cs\/wp-json\/wp\/v2\/types\/product"}],"wp:featuredmedia":[{"embeddable":true,"href":"https:\/\/kruszwicapro.com\/cs\/wp-json\/wp\/v2\/media\/14355"}],"wp:attachment":[{"href":"https:\/\/kruszwicapro.com\/cs\/wp-json\/wp\/v2\/media?parent=14350"}],"wp:term":[{"taxonomy":"product_brand","embeddable":true,"href":"https:\/\/kruszwicapro.com\/cs\/wp-json\/wp\/v2\/product_brand?post=14350"},{"taxonomy":"product_cat","embeddable":true,"href":"https:\/\/kruszwicapro.com\/cs\/wp-json\/wp\/v2\/product_cat?post=14350"},{"taxonomy":"product_tag","embeddable":true,"href":"https:\/\/kruszwicapro.com\/cs\/wp-json\/wp\/v2\/product_tag?post=14350"}],"curies":[{"name":"wp","href":"https:\/\/api.w.org\/{rel}","templated":true}]}}