{"id":13855,"date":"2023-04-06T11:20:15","date_gmt":"2023-04-06T11:20:15","guid":{"rendered":"https:\/\/kruszwicapro.com\/shop\/nezarazene\/prima-kreemi-white-sg\/"},"modified":"2023-04-07T11:43:23","modified_gmt":"2023-04-07T11:43:23","slug":"prima-kreemi-white-sg","status":"publish","type":"product","link":"https:\/\/kruszwicapro.com\/cs\/obchod\/tluszcze\/prima-kreemi-white-sg\/","title":{"rendered":"Prima Kreemi White SG"},"content":{"rendered":"<div class=\"wpb-content-wrapper\"><p>[vc_row][vc_column][vc_column_text]<\/p>\r\n<h4><strong>POU\u017dIT\u00cd<\/strong><\/h4>\r\n<p>Dokonal\u00fd pro aran\u017eov\u00e1n\u00ed z\u00e1kusk\u016f na tal\u00ed\u0159i, studenou p\u0159\u00edpravu kr\u00e9m\u016f (m\u00e1slov\u00fd, \u0161lehan\u00fd nebo pudinkov\u00fd), cukr\u00e1\u0159sk\u00fdch hmot a\u00a0n\u00e1pln\u00ed do\u00a0dort\u016f, rol\u00e1d, rohl\u00ed\u010dk\u016f, buchti\u010dek, muffin\u016f, k\u0159ehk\u00fdch z\u00e1kusk\u016f, dezert\u016f eclairs, omelet a tak\u00e9 pro tvorbu povrch\u016f dort\u016f a\u00a0ozdobu kol\u00e1\u010d\u016f.<\/p>\r\n<h4>\u00a0<\/h4>\r\n<h4><strong>JEDINE\u010cN\u00c1 RECEPTURA<\/strong><\/h4>\r\n<p>V\u00fdjime\u010dn\u00e1 sm\u011bs tuku a cukru s neutr\u00e1ln\u00edm aroma a barvou, k\u00a0pou\u017eit\u00ed jako z\u00e1klad do nejr\u016fzn\u011bj\u0161\u00edch kr\u00e9m\u016f, cukr\u00e1\u0159sk\u00fdch hmot a\u00a0n\u00e1pln\u00ed na\u00a0b\u00e1zi tuku. P\u0159ipraven\u00e1 pro p\u0159\u00edm\u00e9 pou\u017eit\u00ed ihned po vyt\u00e1hnut\u00ed z ledni\u010dky, vy\u0161leh\u00e1n\u00ed a\u00a0p\u0159id\u00e1n\u00ed chu\u0165ov\u00fdch a aromatick\u00fdch slo\u017eek.<\/p>\r\n<p>&nbsp;<\/p>\r\n<h4><strong>VLASTNOSTI V\u00ddROBKU<\/strong><\/h4>\r\n<ol>\r\n\t<li>Zaji\u0161\u0165uje rychl\u00e9 a snadn\u00e9 pou\u017eit\u00ed.<\/li>\r\n\t<li>Zaru\u010duje opakovatelnost procesu a kone\u010dn\u00fdch v\u00fdsledk\u016f.<\/li>\r\n\t<li>Dob\u0159e se \u0161leh\u00e1.<\/li>\r\n\t<li>Skv\u011ble se poj\u00ed s ostatn\u00edmi slo\u017ekami, jako jsou: \u010dokol\u00e1da, ovoce, alkohol a ml\u00e9\u010dn\u00e9 v\u00fdrobky.<\/li>\r\n\t<li>Zaru\u010duje vysokou stabilitu p\u0159ipravovan\u00fdch kr\u00e9m\u016f.<\/li>\r\n\t<li>V\u00fdrobek je vhodn\u00fd pro vegany.<\/li>\r\n\t<li>Hotov\u00e9 kr\u00e9my, cukr\u00e1\u0159sk\u00e9 hmoty a n\u00e1pln\u011b na b\u00e1zi cukr\u00e1\u0159sk\u00e9ho kr\u00e9mu Prima Kreemi White SG lze mrazit bez ztr\u00e1ty jejich kvality, tvaru nebo struktury.<\/li>\r\n<\/ol>\r\n<p>Skladujte na such\u00e9m a chladn\u00e9m m\u00edst\u011b v teplot\u011b od +4\u00a0\u00b0C do\u00a0+15\u00a0\u00b0C, nevystavujte sv\u011btlu a intenzivn\u00edm v\u016fn\u00edm.<\/p>\r\n<table style=\"border-collapse: collapse; width: 100%;\">\r\n<tbody>\r\n<tr>\r\n<td style=\"width: 25%;\">Jednotkov\u00e9 balen\u00ed<\/td>\r\n<td style=\"width: 25%;\">Euro paleta<\/td>\r\n<td style=\"width: 25%;\">Doba pou\u017eitelnosti<\/td>\r\n<td style=\"width: 25%;\">Obsah tuku<\/td>\r\n<\/tr>\r\n<tr>\r\n<td style=\"width: 25%;\">5\u00a0kg<\/td>\r\n<td style=\"width: 25%;\">600\u00a0kg (120\u00a0x\u00a05\u00a0kg)<\/td>\r\n<td style=\"width: 25%;\">156\u00a0dn\u016f<\/td>\r\n<td style=\"width: 25%;\">60\u00a0%<\/td>\r\n<\/tr>\r\n<\/tbody>\r\n<\/table>\r\n<p>&nbsp;<\/p>\r\n<p>P\u0159i zvolen\u00ed tohoto v\u00fdrobk\u016f z\u00edsk\u00e1v\u00e1te jistotu, \u017ee obsahuje palmov\u00fd olej s\u00a0certifik\u00e1tem RSPO, kter\u00fd byl vyroben v souladu s p\u0159\u00edsn\u00fdmi environment\u00e1ln\u00edmi a\u00a0soci\u00e1ln\u00edmi krit\u00e9rii.<\/p>\r\n<p>[\/vc_column_text][\/vc_column][\/vc_row]<\/p><\/div>","protected":false},"excerpt":{"rendered":"<p>Dokonal\u00fd pro aran\u017eov\u00e1n\u00ed z\u00e1kusk\u016f na tal\u00ed\u0159i, studenou p\u0159\u00edpravu kr\u00e9m\u016f (m\u00e1slov\u00fd, \u0161lehan\u00fd nebo pudinkov\u00fd), cukr\u00e1\u0159sk\u00fdch hmot a\u00a0n\u00e1pln\u00ed do\u00a0dort\u016f, rol\u00e1d, rohl\u00ed\u010dk\u016f, buchti\u010dek, muffin\u016f, k\u0159ehk\u00fdch z\u00e1kusk\u016f, dezert\u016f eclairs, omelet a tak\u00e9 pro tvorbu povrch\u016f dort\u016f a\u00a0ozdobu kol\u00e1\u010d\u016f.<\/p>\n","protected":false},"featured_media":13852,"template":"","meta":[],"product_brand":[],"product_cat":[68],"product_tag":[],"class_list":{"0":"post-13855","1":"product","2":"type-product","3":"status-publish","4":"has-post-thumbnail","6":"product_cat-tluszcze","8":"first","9":"instock","10":"shipping-taxable","11":"product-type-simple"},"_links":{"self":[{"href":"https:\/\/kruszwicapro.com\/cs\/wp-json\/wp\/v2\/product\/13855","targetHints":{"allow":["GET"]}}],"collection":[{"href":"https:\/\/kruszwicapro.com\/cs\/wp-json\/wp\/v2\/product"}],"about":[{"href":"https:\/\/kruszwicapro.com\/cs\/wp-json\/wp\/v2\/types\/product"}],"wp:featuredmedia":[{"embeddable":true,"href":"https:\/\/kruszwicapro.com\/cs\/wp-json\/wp\/v2\/media\/13852"}],"wp:attachment":[{"href":"https:\/\/kruszwicapro.com\/cs\/wp-json\/wp\/v2\/media?parent=13855"}],"wp:term":[{"taxonomy":"product_brand","embeddable":true,"href":"https:\/\/kruszwicapro.com\/cs\/wp-json\/wp\/v2\/product_brand?post=13855"},{"taxonomy":"product_cat","embeddable":true,"href":"https:\/\/kruszwicapro.com\/cs\/wp-json\/wp\/v2\/product_cat?post=13855"},{"taxonomy":"product_tag","embeddable":true,"href":"https:\/\/kruszwicapro.com\/cs\/wp-json\/wp\/v2\/product_tag?post=13855"}],"curies":[{"name":"wp","href":"https:\/\/api.w.org\/{rel}","templated":true}]}}