{"id":12219,"date":"2022-06-28T11:40:16","date_gmt":"2022-06-28T11:40:16","guid":{"rendered":"https:\/\/kruszwicapro.com\/en\/?post_type=product&#038;p=12219"},"modified":"2022-07-26T11:00:00","modified_gmt":"2022-07-26T11:00:00","slug":"top-q-sun-slunecnicovy-olej-1000-l","status":"publish","type":"product","link":"https:\/\/kruszwicapro.com\/cs\/obchod\/oleje\/top-q-sun-slunecnicovy-olej-1000-l\/","title":{"rendered":"Top Q Sun slune\u010dnicov\u00fd olej (1000 L)"},"content":{"rendered":"<div class=\"wpb-content-wrapper\"><p>[vc_row][vc_column][vc_column_text]Olej Top\u00a0Q sun je vyroben z pe\u010dliv\u011b vyt\u0159\u00edd\u011bn\u00fdch semen slune\u010dnice. Pro pou\u017eit\u00ed v gastronomii, cukr\u00e1\u0159stv\u00ed a\u00a0pek\u00e1renstv\u00ed. Doporu\u010dovan\u00fd zejm\u00e9na pro takov\u00e9 pokrmy p\u0159ipravovan\u00e9 zastudena, jako: sal\u00e1ty, om\u00e1\u010dky a\u00a0dresinky. Skv\u011ble se osv\u011bd\u010d\u00ed p\u0159i p\u0159\u00edprav\u011b marin\u00e1d. Osv\u011bd\u010d\u00ed se zejm\u00e9na na pe\u010den\u00ed tukov\u00fdch a pi\u0161kotov\u00fdch v\u00fdrobk\u016f, dro\u017e\u010fov\u00e9ho pe\u010diva s n\u00e1pln\u00ed a tak\u00e9 pro p\u0159\u00edpravu cukr\u00e1\u0159sk\u00fdch a peka\u0159sk\u00fdch sm\u011bs\u00ed.<\/p>\r\n<p>VLASTNOSTI:<\/p>\r\n<ul>\r\n\t<li><strong>Jemn\u00e1, lehk\u00e1 chu\u0165.<\/strong><\/li>\r\n\t<li><strong>Optim\u00e1ln\u00ed slo\u017een\u00ed omega-3 a omega-6 mastn\u00fdch kyselin.<\/strong><\/li>\r\n<\/ul>\r\n<p>[\/vc_column_text][\/vc_column][\/vc_row]<\/p><\/div>","protected":false},"excerpt":{"rendered":"<\/p>\n<p>Slune\u010dnicov\u00fd olej ur\u010den\u00fd na v\u00fdrobu cukr\u00e1\u0159sk\u00fdch a peka\u0159sk\u00fdch v\u00fdrobk\u016f, zvl\u00e1\u0161t\u011b na sal\u00e1ty, om\u00e1\u010dky a dresinky.<\/p><\/p>\n","protected":false},"featured_media":11193,"template":"","meta":[],"product_brand":[],"product_cat":[59],"product_tag":[368],"class_list":{"0":"post-12219","1":"product","2":"type-product","3":"status-publish","4":"has-post-thumbnail","6":"product_cat-oleje","7":"product_tag-na-peceni","8":"pa_consistency-plynna","9":"pa_fat-content-tluszcz-100","10":"pa_fat-used-slonecznikowy","11":"pa_packaging-butelka","12":"pa_quantity-l-143","13":"pa_quantity-l-146","14":"pa_quantity-l-145","15":"pa_segment-ekonomiczny","16":"pa_without-hydrogenated-fats-tak","18":"first","19":"instock","20":"shipping-taxable","21":"product-type-simple"},"_links":{"self":[{"href":"https:\/\/kruszwicapro.com\/cs\/wp-json\/wp\/v2\/product\/12219","targetHints":{"allow":["GET"]}}],"collection":[{"href":"https:\/\/kruszwicapro.com\/cs\/wp-json\/wp\/v2\/product"}],"about":[{"href":"https:\/\/kruszwicapro.com\/cs\/wp-json\/wp\/v2\/types\/product"}],"wp:featuredmedia":[{"embeddable":true,"href":"https:\/\/kruszwicapro.com\/cs\/wp-json\/wp\/v2\/media\/11193"}],"wp:attachment":[{"href":"https:\/\/kruszwicapro.com\/cs\/wp-json\/wp\/v2\/media?parent=12219"}],"wp:term":[{"taxonomy":"product_brand","embeddable":true,"href":"https:\/\/kruszwicapro.com\/cs\/wp-json\/wp\/v2\/product_brand?post=12219"},{"taxonomy":"product_cat","embeddable":true,"href":"https:\/\/kruszwicapro.com\/cs\/wp-json\/wp\/v2\/product_cat?post=12219"},{"taxonomy":"product_tag","embeddable":true,"href":"https:\/\/kruszwicapro.com\/cs\/wp-json\/wp\/v2\/product_tag?post=12219"}],"curies":[{"name":"wp","href":"https:\/\/api.w.org\/{rel}","templated":true}]}}