{"id":12207,"date":"2022-06-13T12:24:39","date_gmt":"2022-06-13T12:24:39","guid":{"rendered":"https:\/\/kruszwicapro.com\/en\/?post_type=product&#038;p=12207"},"modified":"2022-08-08T13:13:10","modified_gmt":"2022-08-08T13:13:10","slug":"qualita-70","status":"publish","type":"product","link":"https:\/\/kruszwicapro.com\/cs\/obchod\/margaryny\/qualita-70\/","title":{"rendered":"Qualita 70%"},"content":{"rendered":"<div class=\"wpb-content-wrapper\"><p>[vc_row][vc_column][vc_column_text]Combines well with other ingredients. Gives the final products the proper texture. Intended for yeast dough, challahs, cookies, sweet buns, and numerous other similar bakery goods.<\/p>\r\n<p>CHARACTERISTICS:<\/p>\r\n<ul>\r\n\t<li><strong>Good aerating properties (creaming).<\/strong><\/li>\r\n\t<li><strong>Combines easily with other ingredients.<\/strong><\/li>\r\n\t<li><strong>Proper texture for bakery products.<\/strong><\/li>\r\n<\/ul>\r\n<p>Store in a dry cool place, at: 4-15 Celsius degrees.<\/p>\r\n<p>[\/vc_column_text][\/vc_column][\/vc_row]<\/p><\/div>","protected":false},"excerpt":{"rendered":"<p>Dob\u0159e se spojuje s ostatn\u00edmi slo\u017ekami v\u00fdrobk\u016f. Dod\u00e1v\u00e1 kone\u010dn\u00fdm, peka\u0159sk\u00fdm v\u00fdrobk\u016fm spr\u00e1vnou strukturu.[:hu]<\/p>\n<p>J\u00f3l kombin\u00e1l\u00f3dik a term\u00e9kek t\u00f6bbi \u00f6sszetev\u0151j\u00e9vel. Ez adja meg a megfelel\u0151 szerkezetet a s\u00fclt k\u00e9szterm\u00e9knek. Alkalmas \u00e9leszt\u0151s t\u00e9szta, halva, kekszek, \u00e9des zseml\u00e9k \u00e9s sz\u00e1mos hasonl\u00f3 cukr\u00e1szati \u00e9s p\u00e9k\u00e1ru el\u0151\u00e1ll\u00edt\u00e1s\u00e1ra.<\/p>\n","protected":false},"featured_media":12205,"template":"","meta":[],"product_brand":[],"product_cat":[58],"product_tag":[368],"class_list":{"0":"post-12207","1":"product","2":"type-product","3":"status-publish","4":"has-post-thumbnail","6":"product_cat-margaryny","7":"product_tag-na-peceni","8":"pa_consistency-stala","9":"pa_fat-used-kokosowy","10":"pa_fat-used-rzepakowy","11":"pa_fat-used-palmowy","12":"pa_packaging-karton","13":"pa_quantity-kg-141","14":"pa_quantity-kg-2x5","15":"pa_segment-standard","16":"pa_tfa-388","17":"pa_without-hydrogenated-fats-nie","19":"first","20":"instock","21":"shipping-taxable","22":"product-type-simple"},"_links":{"self":[{"href":"https:\/\/kruszwicapro.com\/cs\/wp-json\/wp\/v2\/product\/12207","targetHints":{"allow":["GET"]}}],"collection":[{"href":"https:\/\/kruszwicapro.com\/cs\/wp-json\/wp\/v2\/product"}],"about":[{"href":"https:\/\/kruszwicapro.com\/cs\/wp-json\/wp\/v2\/types\/product"}],"wp:featuredmedia":[{"embeddable":true,"href":"https:\/\/kruszwicapro.com\/cs\/wp-json\/wp\/v2\/media\/12205"}],"wp:attachment":[{"href":"https:\/\/kruszwicapro.com\/cs\/wp-json\/wp\/v2\/media?parent=12207"}],"wp:term":[{"taxonomy":"product_brand","embeddable":true,"href":"https:\/\/kruszwicapro.com\/cs\/wp-json\/wp\/v2\/product_brand?post=12207"},{"taxonomy":"product_cat","embeddable":true,"href":"https:\/\/kruszwicapro.com\/cs\/wp-json\/wp\/v2\/product_cat?post=12207"},{"taxonomy":"product_tag","embeddable":true,"href":"https:\/\/kruszwicapro.com\/cs\/wp-json\/wp\/v2\/product_tag?post=12207"}],"curies":[{"name":"wp","href":"https:\/\/api.w.org\/{rel}","templated":true}]}}