{"id":12204,"date":"2022-06-13T11:57:37","date_gmt":"2022-06-13T11:57:37","guid":{"rendered":"https:\/\/kruszwicapro.com\/en\/?post_type=product&#038;p=12204"},"modified":"2022-07-27T10:58:22","modified_gmt":"2022-07-27T10:58:22","slug":"qualita-80","status":"publish","type":"product","link":"https:\/\/kruszwicapro.com\/cs\/obchod\/margaryny\/qualita-80\/","title":{"rendered":"Qualita 80%"},"content":{"rendered":"<div class=\"wpb-content-wrapper\"><p>[vc_row][vc_column][vc_column_text]Dob\u0159e provzdu\u0161\u0148uje kol\u00e1\u010de, \u010d\u00edm\u017e jim zaji\u0161\u0165uje objem a tak\u00e9 spr\u00e1vnou strukturu. Nav\u00edc podporuje spojov\u00e1n\u00ed jednotliv\u00fdch slo\u017eek t\u011bsta.<\/p>\r\n<p>VLASTNOSTI :<\/p>\r\n<ul>\r\n\t<li><strong>Dobr\u00e9 vlastnosti provzdu\u0161\u0148ov\u00e1n\u00ed (m\u00edch\u00e1n\u00ed slo\u017eek).<\/strong><\/li>\r\n\t<li><strong>Snadn\u00e9 spojov\u00e1n\u00ed se s ostatn\u00edmi slo\u017ekami t\u011bsta.<\/strong><\/li>\r\n\t<li><strong>Spr\u00e1vn\u00e1 struktura cukr\u00e1\u0159sk\u00fdch a peka\u0159sk\u00fdch v\u00fdrobk\u016f.<\/strong><\/li>\r\n<\/ul>\r\n<p>Uchov\u00e1vejte na such\u00e9m m\u00edst\u011b, v teplot\u011b: 4\u201315 stup\u0148\u016f Celsia.<\/p>\r\n<p>[\/vc_column_text][\/vc_column][\/vc_row]<\/p><\/div>","protected":false},"excerpt":{"rendered":"<p>Dob\u0159e provzdu\u0161\u0148uje kol\u00e1\u010de, \u010d\u00edm\u017e jim zaji\u0161\u0165uje objem a tak\u00e9 spr\u00e1vnou strukturu. Nav\u00edc podporuje spojov\u00e1n\u00ed jednotliv\u00fdch slo\u017eek t\u011bsta.<\/p>\n","protected":false},"featured_media":12206,"template":"","meta":[],"product_brand":[],"product_cat":[58],"product_tag":[368],"class_list":{"0":"post-12204","1":"product","2":"type-product","3":"status-publish","4":"has-post-thumbnail","6":"product_cat-margaryny","7":"product_tag-na-peceni","8":"pa_consistency-stala","9":"pa_fat-content-tluszcz-80","10":"pa_fat-used-kokosowy","11":"pa_fat-used-rzepakowy","12":"pa_fat-used-palmowy","13":"pa_packaging-cardboard","14":"pa_quantity-kg-141","15":"pa_quantity-kg-2x5","16":"pa_segment-standard","17":"pa_with-colorant-tak","18":"pa_without-hydrogenated-fats-nie","20":"first","21":"instock","22":"shipping-taxable","23":"product-type-simple"},"_links":{"self":[{"href":"https:\/\/kruszwicapro.com\/cs\/wp-json\/wp\/v2\/product\/12204","targetHints":{"allow":["GET"]}}],"collection":[{"href":"https:\/\/kruszwicapro.com\/cs\/wp-json\/wp\/v2\/product"}],"about":[{"href":"https:\/\/kruszwicapro.com\/cs\/wp-json\/wp\/v2\/types\/product"}],"wp:featuredmedia":[{"embeddable":true,"href":"https:\/\/kruszwicapro.com\/cs\/wp-json\/wp\/v2\/media\/12206"}],"wp:attachment":[{"href":"https:\/\/kruszwicapro.com\/cs\/wp-json\/wp\/v2\/media?parent=12204"}],"wp:term":[{"taxonomy":"product_brand","embeddable":true,"href":"https:\/\/kruszwicapro.com\/cs\/wp-json\/wp\/v2\/product_brand?post=12204"},{"taxonomy":"product_cat","embeddable":true,"href":"https:\/\/kruszwicapro.com\/cs\/wp-json\/wp\/v2\/product_cat?post=12204"},{"taxonomy":"product_tag","embeddable":true,"href":"https:\/\/kruszwicapro.com\/cs\/wp-json\/wp\/v2\/product_tag?post=12204"}],"curies":[{"name":"wp","href":"https:\/\/api.w.org\/{rel}","templated":true}]}}