{"id":12201,"date":"2022-06-13T11:09:28","date_gmt":"2022-06-13T11:09:28","guid":{"rendered":"https:\/\/kruszwicapro.com\/en\/?post_type=product&#038;p=12201"},"modified":"2022-12-12T14:19:25","modified_gmt":"2022-12-12T14:19:25","slug":"pan-max","status":"publish","type":"product","link":"https:\/\/kruszwicapro.com\/cs\/obchod\/fritovaci-tuky\/pan-max\/","title":{"rendered":"PAN MAX"},"content":{"rendered":"<div class=\"wpb-content-wrapper\"><p>[vc_row][vc_column][vc_column_text]Zesiluje intenzitu barvy sv\u011btl\u00e9ho a tmav\u00e9ho pe\u010diva. Podtrhuje chutn\u00fd vzhled a dod\u00e1v\u00e1 t\u011bstu pru\u017e.<\/p>\r\n<p>VLASTNOSTI :<\/p>\r\n<ul>\r\n\t<li><strong>V\u00fdrazn\u011bj\u0161\u00ed odst\u00edn pe\u010diva \u2013 jak sv\u011btl\u00e9ho, tak tmav\u00e9ho.<\/strong><\/li>\r\n\t<li><strong>V\u00fdjime\u010dn\u00e1 pru\u017enost st\u0159\u00eddky.<\/strong><\/li>\r\n\t<li><strong>Lep\u0161\u00ed spojov\u00e1n\u00ed slo\u017eek.<\/strong><\/li>\r\n\t<li><strong>Spr\u00e1vn\u00e1 vlhkost t\u011bsta.<\/strong><\/li>\r\n<\/ul>\r\n<p>Uchov\u00e1vejte na such\u00e9m m\u00edst\u011b, v teplot\u011b: 4\u201315 stup\u0148\u016f Celsia.<\/p>\r\n<p>[\/vc_column_text][\/vc_column][\/vc_row]<\/p><\/div>","protected":false},"excerpt":{"rendered":"<p>Olej na hlubok\u00e9 sma\u017een\u00ed ryb, mo\u0159sk\u00fdch plod\u016f, dr\u016fbe\u017ee, hranolk\u016f, zeleniny v\u00a0trojobalu, koblih, favork\u016f [sladk\u00e9 sma\u017een\u00e9 t\u011bsto ve tvaru slo\u017een\u00e9 ma\u0161le].<\/p>\n","protected":false},"featured_media":13703,"template":"","meta":[],"product_brand":[],"product_cat":[147],"product_tag":[],"class_list":{"0":"post-12201","1":"product","2":"type-product","3":"status-publish","4":"has-post-thumbnail","6":"product_cat-fritovaci-tuky","7":"pa_consistency-plynna","8":"pa_fat-content-tluszcz-100","9":"pa_fat-used-rzepakowy","10":"pa_fat-used-palmowy","11":"pa_packaging-butelka","12":"pa_quantity-kg-5-kg","13":"pa_quantity-l-145","14":"pa_segment-ekonomiczny","15":"pa_tfa-0-4","16":"pa_without-hydrogenated-fats-nie","18":"first","19":"instock","20":"shipping-taxable","21":"product-type-simple"},"_links":{"self":[{"href":"https:\/\/kruszwicapro.com\/cs\/wp-json\/wp\/v2\/product\/12201","targetHints":{"allow":["GET"]}}],"collection":[{"href":"https:\/\/kruszwicapro.com\/cs\/wp-json\/wp\/v2\/product"}],"about":[{"href":"https:\/\/kruszwicapro.com\/cs\/wp-json\/wp\/v2\/types\/product"}],"wp:featuredmedia":[{"embeddable":true,"href":"https:\/\/kruszwicapro.com\/cs\/wp-json\/wp\/v2\/media\/13703"}],"wp:attachment":[{"href":"https:\/\/kruszwicapro.com\/cs\/wp-json\/wp\/v2\/media?parent=12201"}],"wp:term":[{"taxonomy":"product_brand","embeddable":true,"href":"https:\/\/kruszwicapro.com\/cs\/wp-json\/wp\/v2\/product_brand?post=12201"},{"taxonomy":"product_cat","embeddable":true,"href":"https:\/\/kruszwicapro.com\/cs\/wp-json\/wp\/v2\/product_cat?post=12201"},{"taxonomy":"product_tag","embeddable":true,"href":"https:\/\/kruszwicapro.com\/cs\/wp-json\/wp\/v2\/product_tag?post=12201"}],"curies":[{"name":"wp","href":"https:\/\/api.w.org\/{rel}","templated":true}]}}