{"id":12199,"date":"2022-06-13T10:47:07","date_gmt":"2022-06-13T10:47:07","guid":{"rendered":"https:\/\/kruszwicapro.com\/en\/?post_type=product&#038;p=12199"},"modified":"2022-12-13T22:31:40","modified_gmt":"2022-12-13T22:31:40","slug":"maestro-gold","status":"publish","type":"product","link":"https:\/\/kruszwicapro.com\/cs\/obchod\/fritovaci-tuky\/maestro-gold\/","title":{"rendered":"Maestro Gold"},"content":{"rendered":"<div class=\"wpb-content-wrapper\"><p>[vc_row][vc_column][vc_column_text]Olej na sma\u017een\u00ed nov\u00e9 generace, jeho\u017e z\u00e1kladem jsou dv\u011b rostliny: slune\u010dnice s vysok\u00fdm obsahem oleje a \u0159epka. Je pro n\u011bj charakteristick\u00e1 dlouh\u00e1 doba sma\u017een\u00ed a vysok\u00e1 \u00fa\u010dinnost, d\u00edky \u010demu\u017e pom\u00e1h\u00e1 sni\u017eovat n\u00e1klady na\u00a0p\u0159\u00edpravu sma\u017een\u00fdch pokrm\u016f. Vysok\u00fd kou\u0159ov\u00fd bod zaji\u0161\u0165uje pohodlnou pr\u00e1ci a omezuje vznik nep\u0159\u00edjemn\u00e9ho z\u00e1pachu b\u011bhem sma\u017een\u00ed. Jedine\u010dn\u00e1 kompozice olej\u016f nejvy\u0161\u0161\u00ed kvality, bez\u00a0ztu\u017een\u00fdch tuk\u016f, trans-izomer\u016f, konzervant\u016f a GMO. Neutr\u00e1ln\u00ed chu\u0165 a v\u016fn\u011b oleje na sma\u017een\u00ed zp\u016fsobuje, \u017ee je vhodn\u00fd na sma\u017een\u00ed v\u0161ech sladk\u00fdch i slan\u00fdch cukr\u00e1\u0159sk\u00fdch v\u00fdrobk\u016f a dovoluje vyniknout aromat\u016fm pou\u017eit\u00fdch slo\u017eek.<\/p>\r\n<p>VLASTNOSTI:<\/p>\r\n<ul>\r\n\t<li><strong>Vysok\u00fd kou\u0159ov\u00fd bod \u2013 nad 230\u00a0\u00b0C.<\/strong><\/li>\r\n\t<li><strong>Velmi dobr\u00e1 odolnost v\u016f\u010di zm\u011bn\u00e1m, kter\u00e9 prob\u00edhaj\u00ed v tuc\u00edch b\u011bhem jejich oh\u0159\u00edv\u00e1n\u00ed na vysokou teplotu.<\/strong><\/li>\r\n\t<li><strong>Minim\u00e1ln\u011b 2x del\u0161\u00ed doba sma\u017een\u00ed ne\u017e u palmov\u00fdch olej\u016f a 4x del\u0161\u00ed doba sma\u017een\u00ed ne\u017e u \u0159epkov\u00e9ho oleje.<\/strong><\/li>\r\n\t<li><strong>P\u0159es 70\u00a0% mononenasycen\u00fdch mastn\u00fdch kyselin, kter\u00e9 jsou zdrav\u00ed prosp\u011b\u0161n\u00e9 a odol\u00e1vaj\u00ed vysok\u00fdm teplot\u00e1m, bez\u00a0ztu\u017een\u00fdch tuk\u016f a GMO.<\/strong><\/li>\r\n\t<li><strong>N\u00edzk\u00e9 vst\u0159eb\u00e1v\u00e1n\u00ed tuk\u016f sma\u017een\u00fdmi potravinami.<\/strong><\/li>\r\n<\/ul>\r\n<p>[\/vc_column_text][\/vc_column][\/vc_row]<\/p><\/div>","protected":false},"excerpt":{"rendered":"<p>Olej na sma\u017een\u00ed nov\u00e9 generace, jeho\u017e z\u00e1kladem jsou dv\u011b rostliny: slune\u010dnice s vysok\u00fdm obsahem oleje a \u0159epka. Je pro n\u011bj charakteristick\u00e1 dlouh\u00e1 doba sma\u017een\u00ed a vysok\u00e1 \u00fa\u010dinnost, d\u00edky \u010demu\u017e pom\u00e1h\u00e1 sni\u017eovat n\u00e1klady na\u00a0p\u0159\u00edpravu sma\u017een\u00fdch pokrm\u016f.<\/p>\n","protected":false},"featured_media":13737,"template":"","meta":[],"product_brand":[],"product_cat":[147],"product_tag":[367],"class_list":{"0":"post-12199","1":"product","2":"type-product","3":"status-publish","4":"has-post-thumbnail","6":"product_cat-fritovaci-tuky","7":"product_tag-na-smazeni","8":"pa_consistency-plynna","9":"pa_fat-content-tluszcz-100","10":"pa_fat-used-high-oleic-sunflower","11":"pa_fat-used-rzepakowy","12":"pa_packaging-bag-in-box","13":"pa_segment-premium","14":"pa_smoke-point-230c","15":"pa_tfa-tfa-1","17":"first","18":"instock","19":"shipping-taxable","20":"product-type-simple"},"_links":{"self":[{"href":"https:\/\/kruszwicapro.com\/cs\/wp-json\/wp\/v2\/product\/12199","targetHints":{"allow":["GET"]}}],"collection":[{"href":"https:\/\/kruszwicapro.com\/cs\/wp-json\/wp\/v2\/product"}],"about":[{"href":"https:\/\/kruszwicapro.com\/cs\/wp-json\/wp\/v2\/types\/product"}],"wp:featuredmedia":[{"embeddable":true,"href":"https:\/\/kruszwicapro.com\/cs\/wp-json\/wp\/v2\/media\/13737"}],"wp:attachment":[{"href":"https:\/\/kruszwicapro.com\/cs\/wp-json\/wp\/v2\/media?parent=12199"}],"wp:term":[{"taxonomy":"product_brand","embeddable":true,"href":"https:\/\/kruszwicapro.com\/cs\/wp-json\/wp\/v2\/product_brand?post=12199"},{"taxonomy":"product_cat","embeddable":true,"href":"https:\/\/kruszwicapro.com\/cs\/wp-json\/wp\/v2\/product_cat?post=12199"},{"taxonomy":"product_tag","embeddable":true,"href":"https:\/\/kruszwicapro.com\/cs\/wp-json\/wp\/v2\/product_tag?post=12199"}],"curies":[{"name":"wp","href":"https:\/\/api.w.org\/{rel}","templated":true}]}}