{"id":12195,"date":"2022-06-10T14:56:58","date_gmt":"2022-06-10T14:56:58","guid":{"rendered":"https:\/\/kruszwicapro.com\/en\/?post_type=product&#038;p=12195"},"modified":"2022-07-27T10:53:41","modified_gmt":"2022-07-27T10:53:41","slug":"english-maestro-colour","status":"publish","type":"product","link":"https:\/\/kruszwicapro.com\/cs\/obchod\/oleje\/english-maestro-colour\/","title":{"rendered":"MAESTRO KOLOR [BARVA]"},"content":{"rendered":"<div class=\"wpb-content-wrapper\"><p>[vc_row][vc_column][vc_column_text]Zesiluje intenzitu barvy sv\u011btl\u00e9ho a tmav\u00e9ho pe\u010diva. Podtrhuje chutn\u00fd vzhled a dod\u00e1v\u00e1 t\u011bstu pru\u017e.<\/p>\r\n<p>VLASTNOSTI :<\/p>\r\n<ul>\r\n\t<li><strong>V\u00fdrazn\u011bj\u0161\u00ed odst\u00edn pe\u010diva \u2013 jak sv\u011btl\u00e9ho, tak tmav\u00e9ho.<\/strong><\/li>\r\n\t<li><strong>V\u00fdjime\u010dn\u00e1 pru\u017enost st\u0159\u00eddky.<\/strong><\/li>\r\n\t<li><strong>Lep\u0161\u00ed spojov\u00e1n\u00ed slo\u017eek.<\/strong><\/li>\r\n\t<li><strong>Spr\u00e1vn\u00e1 vlhkost t\u011bsta.<\/strong><\/li>\r\n<\/ul>\r\n<p>[\/vc_column_text][\/vc_column][\/vc_row]<\/p><\/div>","protected":false},"excerpt":{"rendered":"<\/p>\n<p>Zesiluje intenzitu barvy sv\u011btl\u00e9ho a tmav\u00e9ho pe\u010diva. Podtrhuje chutn\u00fd vzhled a dod\u00e1v\u00e1 t\u011bstu pru\u017e.<\/p><\/p>\n","protected":false},"featured_media":12196,"template":"","meta":[],"product_brand":[],"product_cat":[59],"product_tag":[],"class_list":{"0":"post-12195","1":"product","2":"type-product","3":"status-publish","4":"has-post-thumbnail","6":"product_cat-oleje","8":"first","9":"instock","10":"virtual","11":"product-type-simple"},"_links":{"self":[{"href":"https:\/\/kruszwicapro.com\/cs\/wp-json\/wp\/v2\/product\/12195","targetHints":{"allow":["GET"]}}],"collection":[{"href":"https:\/\/kruszwicapro.com\/cs\/wp-json\/wp\/v2\/product"}],"about":[{"href":"https:\/\/kruszwicapro.com\/cs\/wp-json\/wp\/v2\/types\/product"}],"wp:featuredmedia":[{"embeddable":true,"href":"https:\/\/kruszwicapro.com\/cs\/wp-json\/wp\/v2\/media\/12196"}],"wp:attachment":[{"href":"https:\/\/kruszwicapro.com\/cs\/wp-json\/wp\/v2\/media?parent=12195"}],"wp:term":[{"taxonomy":"product_brand","embeddable":true,"href":"https:\/\/kruszwicapro.com\/cs\/wp-json\/wp\/v2\/product_brand?post=12195"},{"taxonomy":"product_cat","embeddable":true,"href":"https:\/\/kruszwicapro.com\/cs\/wp-json\/wp\/v2\/product_cat?post=12195"},{"taxonomy":"product_tag","embeddable":true,"href":"https:\/\/kruszwicapro.com\/cs\/wp-json\/wp\/v2\/product_tag?post=12195"}],"curies":[{"name":"wp","href":"https:\/\/api.w.org\/{rel}","templated":true}]}}