{"id":12192,"date":"2022-06-10T14:22:31","date_gmt":"2022-06-10T14:22:31","guid":{"rendered":"https:\/\/kruszwicapro.com\/en\/?post_type=product&#038;p=12192"},"modified":"2022-11-04T10:43:58","modified_gmt":"2022-11-04T10:43:58","slug":"english-maestro-freshness","status":"publish","type":"product","link":"https:\/\/kruszwicapro.com\/cs\/obchod\/oleje\/english-maestro-freshness\/","title":{"rendered":"Maestro \u015awie\u017co\u015b\u0107 [\u010derstvost]"},"content":{"rendered":"<div class=\"wpb-content-wrapper\"><p>[vc_row][vc_column][vc_column_text]Olej na pe\u010den\u00ed kol\u00e1\u010d\u016f a cukrov\u00ed, s vylep\u0161en\u00fdmi u\u017eitn\u00fdmi vlastnostmi, s\u00a0p\u0159\u00eddavkem lecitinu. Zp\u016fsobuje, \u017ee\u00a0si\u00a0pe\u010divo uchov\u00e1v\u00e1 d\u00e9le po\u017eadovanou vlhkost a m\u011bkkost<\/p>\r\n<p>VLASTNOSTI :<\/p>\r\n<ul>\r\n\t<li><strong>Prodlou\u017een\u00e1 \u010derstvost a zv\u00fd\u0161en\u00fd objem hotov\u00fdch v\u00fdrobk\u016f.<\/strong><\/li>\r\n\t<li><strong>V\u00fdjime\u010dn\u00e1 vlhkost a m\u011bkkost t\u011bsta.<\/strong><\/li>\r\n\t<li><strong>Lep\u0161\u00ed spojov\u00e1n\u00ed slo\u017eek a rozpt\u00fdlen\u00ed p\u0159\u00eddavk\u016f (su\u0161en\u00e9ho ovoce a o\u0159ech\u016f, ovoce) v t\u011bst\u011b.<\/strong><\/li>\r\n\t<li><strong>Men\u0161\u00ed odpa\u0159ov\u00e1n\u00ed vody z t\u011bsta b\u011bhem pe\u010den\u00ed.<\/strong><\/li>\r\n\t<li><strong>Zvy\u0161uje objem n\u011bkter\u00e9ho pe\u010diva dokonce a\u017e o 10\u00a0%.<\/strong><\/li>\r\n<\/ul>\r\n<p>[\/vc_column_text][\/vc_column][\/vc_row]<\/p><\/div>","protected":false},"excerpt":{"rendered":"<p>Olej na pe\u010den\u00ed kol\u00e1\u010d\u016f a cukrov\u00ed, s vylep\u0161en\u00fdmi u\u017eitn\u00fdmi vlastnostmi, s\u00a0p\u0159\u00eddavkem lecitinu. Zp\u016fsobuje, \u017ee\u00a0si\u00a0pe\u010divo uchov\u00e1v\u00e1 d\u00e9le po\u017eadovanou vlhkost a m\u011bkkost.<\/p>\n","protected":false},"featured_media":12194,"template":"","meta":[],"product_brand":[],"product_cat":[59],"product_tag":[368],"class_list":{"0":"post-12192","1":"product","2":"type-product","3":"status-publish","4":"has-post-thumbnail","6":"product_cat-oleje","7":"product_tag-na-peceni","9":"first","10":"instock","11":"shipping-taxable","12":"product-type-simple"},"_links":{"self":[{"href":"https:\/\/kruszwicapro.com\/cs\/wp-json\/wp\/v2\/product\/12192","targetHints":{"allow":["GET"]}}],"collection":[{"href":"https:\/\/kruszwicapro.com\/cs\/wp-json\/wp\/v2\/product"}],"about":[{"href":"https:\/\/kruszwicapro.com\/cs\/wp-json\/wp\/v2\/types\/product"}],"wp:featuredmedia":[{"embeddable":true,"href":"https:\/\/kruszwicapro.com\/cs\/wp-json\/wp\/v2\/media\/12194"}],"wp:attachment":[{"href":"https:\/\/kruszwicapro.com\/cs\/wp-json\/wp\/v2\/media?parent=12192"}],"wp:term":[{"taxonomy":"product_brand","embeddable":true,"href":"https:\/\/kruszwicapro.com\/cs\/wp-json\/wp\/v2\/product_brand?post=12192"},{"taxonomy":"product_cat","embeddable":true,"href":"https:\/\/kruszwicapro.com\/cs\/wp-json\/wp\/v2\/product_cat?post=12192"},{"taxonomy":"product_tag","embeddable":true,"href":"https:\/\/kruszwicapro.com\/cs\/wp-json\/wp\/v2\/product_tag?post=12192"}],"curies":[{"name":"wp","href":"https:\/\/api.w.org\/{rel}","templated":true}]}}