{"id":11373,"date":"2018-06-01T10:33:01","date_gmt":"2018-06-01T10:33:01","guid":{"rendered":"https:\/\/kruszwicapro.com\/?post_type=product&#038;p=11373"},"modified":"2022-07-27T10:52:39","modified_gmt":"2022-07-27T10:52:39","slug":"qualito-fry","status":"publish","type":"product","link":"https:\/\/kruszwicapro.com\/cs\/obchod\/fritovaci-tuky\/qualito-fry\/","title":{"rendered":"Qualito Fry"},"content":{"rendered":"<p>[:cs]<\/p>\r\n<p>Qualito FRY spojuje unik\u00e1tn\u00ed vlastnosti \u0159epkov\u00e9ho oleje a stability oleje palmov\u00e9ho , garantuje dokonal\u00e9 v\u00fdsledky p\u0159i dlouhodob\u00e9m sma\u017een\u00ed sladk\u00fdch i pikantn\u00edch , studen\u00fdch i tepl\u00fdch v\u00fdrobk\u016f. D\u00edky vhodn\u00e9mu slo\u017een\u00ed surovin je jedn\u00edm z nejv\u00edce stabiln\u00edch v\u00fdrobk\u016f v nab\u00eddce zna\u010dky.<\/p>\r\n<ul>\r\n\t<li>Tekut\u00e1 forma =&gt;urychluje pr\u00e1ci s v\u00fdrobkem,zjednodu\u0161uje filtrov\u00e1n\u00ed, sni\u017euje n\u00e1klady, zlep\u0161uje komfort pr\u00e1ce<\/li>\r\n\t<li>Vysok\u00fd bod zakou\u0159en\u00ed nad 225 stC.<\/li>\r\n\t<li>Prodlou\u017eenou dobu pou\u017eit\u00ed zabezpe\u010duje vysok\u00e1 stabilita produktu : MUFA 53%, SAFA 30%<\/li>\r\n\t<li>Praktick\u00e1 pet lahev 5l, usnad\u0148uj\u00edc\u00ed d\u00e1vkov\u00e1n\u00ed a skladov\u00e1n\u00ed v\u00fdrobku<\/li>\r\n\t<li>Vysok\u00fd pod\u00edl nenasycen\u00fdch mastn\u00fdch kyselin, zvl\u00e1\u0161t\u011b jednonenasycen\u00fdch, a to, \u017ee v\u00fdrobek neobsahuje TFA a ztu\u017een\u00e9 tuky zaji\u0161t\u02c7uje dobr\u00fd v\u00fd\u017eivov\u00fd profil fritovac\u00edcho oleje.<\/li>\r\n<\/ul>\r\n<p>[:sk]Qualito FRY sp\u00e1ja jedine\u010dn\u00e9 vlastnosti repkov\u00e9ho oleja a stabilitu palmov\u00e9ho oleja, \u010d\u00edm zaru\u010duje dokonal\u00e9 v\u00fdsledky pri dlhodobom vysm\u00e1\u017ean\u00ed sladk\u00fdch a pikantn\u00fdch, studen\u00fdch i tepl\u00fdch v\u00fdrobkov. V\u010faka vhodn\u00e9mu zlo\u017eeniu surov\u00edn je jedn\u00fdm z najstabilnej\u0161\u00edch v\u00fdrobkov v ponuke zna\u010dky.<\/p>\r\n<ul>\r\n\t<li>Tekut\u00e1 forma =&gt; ur\u00fdch\u013euje pr\u00e1cu s v\u00fdrobkom, zjednodu\u0161uje filtrovanie, zni\u017euje n\u00e1klady, zlep\u0161uje komfort pr\u00e1ce<\/li>\r\n\t<li>Vysok\u00fd dymov\u00fd bod nad 225 \u00b0C.<\/li>\r\n\t<li>Pred\u013a\u017een\u00fa dobu pou\u017eite\u013enosti zabezpe\u010duje vysok\u00e1 stabilita produktu: MUFA 53 %, SAFA 30 %<\/li>\r\n\t<li>Praktick\u00e1 5 l PET f\u013ea\u0161a, ktor\u00e1 u\u013eah\u010duje d\u00e1vkovanie a skladovanie v\u00fdrobku<\/li>\r\n\t<li>Vysok\u00fd podiel nenas\u00fdten\u00fdch mastn\u00fdch kysel\u00edn, najm\u00e4 mononen\u00e1syten\u00fdch, a to, \u017ee v\u00fdrobok neobsahuje TFA ani stu\u017een\u00e9 tuky zais\u0165uje dobr\u00fd v\u00fd\u017eivov\u00fd profil fritovaciecho oleja.<\/li>\r\n<\/ul>\r\n<p>[:hu]A Qualito FRY \u00f6tv\u00f6zi a repceolaj egyedi tulajdons\u00e1gait \u00e9s a p\u00e1lmaolaj stabilit\u00e1s\u00e1t, garant\u00e1lva ezzel az \u00e9des \u00e9s cs\u00edp\u0151s, hideg \u00e9s meleg term\u00e9kek hossz\u00fa ideig tart\u00f3 s\u00fct\u00e9s\u00e9nek t\u00f6k\u00e9letes eredm\u00e9ny\u00e9t. A nyersanyagok megfelel\u0151 \u00f6sszet\u00e9tel\u00e9nek k\u00f6sz\u00f6nhet\u0151en ez a term\u00e9k a m\u00e1rka k\u00edn\u00e1lat\u00e1nak egyik legstabilabb term\u00e9ke.<\/p>\r\n<ul>\r\n\t<li><strong>Foly\u00e9kony \u00e1llag =&gt; gyors\u00edtja a term\u00e9kkel val\u00f3 munk\u00e1t, egyszer\u0171s\u00edti a sz\u0171r\u00e9st, k\u00f6lts\u00e9ghat\u00e9kony, n\u00f6veli a munka k\u00e9nyelm\u00e9t.<\/strong><\/li>\r\n\t<li><strong>Magas f\u00fcstpont 225 \u00b0C felett.<\/strong><\/li>\r\n\t<li><strong>A felhaszn\u00e1lhat\u00f3s\u00e1g hosszabb id\u0151tartam\u00e1t a term\u00e9k stabilit\u00e1sa biztos\u00edtja: MUFA 53 %, SAFA 30 %<\/strong><\/li>\r\n\t<li><strong>Praktikus 5 l PET palack, mely seg\u00edti az adagol\u00e1st \u00e9s a term\u00e9k t\u00e1rol\u00e1s\u00e1t.<\/strong><\/li>\r\n\t<li><strong>A tel\u00edtetlen zs\u00edrsavak magas ar\u00e1nya, f\u0151k\u00e9ppen a mono-tel\u00edtetlen zsirsavak\u00e9, \u00e9s az, hogy a term\u00e9k nem tartalmaz TFA-t \u00e9s kem\u00e9ny\u00edtett zs\u00edrokat, biztos\u00edtja a s\u00fct\u0151olaj j\u00f3 t\u00e1pl\u00e1lkoz\u00e1si profilj\u00e1t.<\/strong><\/li>\r\n<\/ul>\r\n<p>[:en]Qualito FRY connects rape seed oil unique characteristics and palm oil stability. It guarantees perfect results during long-lasting frying of sweet and spicy, cold and warm products. Due to the suitable raw material content, it is one of the most stable products in our brand&#8217;s supply.<\/p>\r\n<ul>\r\n\t<li><strong>Liquid form speeds up working with the product, makes deep frying easier, lowers the costs, increases work comfort.<\/strong><\/li>\r\n\t<li><strong>High smoke point above 225 \u00b0C.<\/strong><\/li>\r\n\t<li><strong>Prolonged utilization period is provided by high stability of the product: 53% MUFA, 30% SAFA<\/strong><\/li>\r\n\t<li><strong>5l practical plastic bottle enables easy dosing and storing of the product.<\/strong><\/li>\r\n\t<li><strong>High rate of nonsaturated fatty acids, especially mono-nonsaturated acids, and the fact that the product does not contain TFA and hydrogenated fats ensure a good nutriential profile of the deep frying oil.<\/strong><\/li>\r\n<\/ul>\r\n<p>[:pl]Qualito FRY spojuje unik\u00e1tn\u00ed vlastnosti \u0159epkov\u00e9ho oleje a stability oleje palmov\u00e9ho , garantuje dokonal\u00e9 v\u00fdsledky p\u0159i dlouhodob\u00e9m sma\u017een\u00ed sladk\u00fdch i pikantn\u00edch , studen\u00fdch i tepl\u00fdch v\u00fdrobk\u016f. D\u00edky vhodn\u00e9mu slo\u017een\u00ed surovin je jedn\u00edm z nejv\u00edce stabiln\u00edch v\u00fdrobk\u016f v nab\u00eddce zna\u010dky.<\/p>\r\n<ul>\r\n\t<li>Tekut\u00e1 forma =&gt;urychluje pr\u00e1ci s v\u00fdrobkem,zjednodu\u0161uje filtrov\u00e1n\u00ed, sni\u017euje n\u00e1klady, zlep\u0161uje komfort pr\u00e1ce<\/li>\r\n\t<li>Vysok\u00fd bod zakou\u0159en\u00ed nad 225 stC.<\/li>\r\n\t<li>Prodlou\u017eenou dobu pou\u017eit\u00ed zabezpe\u010duje vysok\u00e1 stabilita produktu : MUFA 53%, SAFA 30%<\/li>\r\n\t<li>Praktick\u00e1 pet lahev 5l, usnad\u0148uj\u00edc\u00ed d\u00e1vkov\u00e1n\u00ed a skladov\u00e1n\u00ed v\u00fdrobku<\/li>\r\n\t<li>Vysok\u00fd pod\u00edl nenasycen\u00fdch mastn\u00fdch kyselin, zvl\u00e1\u0161t\u011b jednonenasycen\u00fdch, a to, \u017ee v\u00fdrobek neobsahuje TFA a ztu\u017een\u00e9 tuky zaji\u0161t\u02c7uje dobr\u00fd v\u00fd\u017eivov\u00fd profil fritovac\u00edcho oleje.<\/li>\r\n<\/ul>\r\n<p>[:]<\/p>","protected":false},"excerpt":{"rendered":"<p>QUALITO FRY je 100% rostlinn\u00fd fritovac\u00ed olej na sma\u017een\u00ed sladk\u00fdch i pikantn\u00edch pokrm\u016f. Spolehliv\u00fd v\u00fdrobek, kter\u00fd m\u00edrn\u011b ochlad\u00ed atmosf\u00e9ru v kuchyni. Nejlep\u0161\u00ed spojen\u00ed dvou stabiln\u00edch rostlinn\u00fdch olej\u016f. D\u00edky tekut\u00e9 konzistenci a bodu zakou\u0159en\u00ed nad 225\u00b0C zem p\u0159estane p\u00e1lit pod nohama.<\/p>\n","protected":false},"featured_media":11369,"template":"","meta":[],"product_brand":[],"product_cat":[147],"product_tag":[367],"class_list":{"0":"post-11373","1":"product","2":"type-product","3":"status-publish","4":"has-post-thumbnail","6":"product_cat-fritovaci-tuky","7":"product_tag-na-smazeni","8":"pa_consistency-plynna","9":"pa_fat-content-tluszcz-100","10":"pa_fat-used-rzepakowy","11":"pa_fat-used-palmowy","12":"pa_packaging-butelka","13":"pa_quantity-l-145","14":"pa_rspo-certificate-nie","15":"pa_segment-standard","16":"pa_smoke-point-225c","17":"pa_tfa-250","18":"pa_without-hydrogenated-fats-nie","20":"first","21":"instock","22":"shipping-taxable","23":"product-type-simple"},"_links":{"self":[{"href":"https:\/\/kruszwicapro.com\/cs\/wp-json\/wp\/v2\/product\/11373","targetHints":{"allow":["GET"]}}],"collection":[{"href":"https:\/\/kruszwicapro.com\/cs\/wp-json\/wp\/v2\/product"}],"about":[{"href":"https:\/\/kruszwicapro.com\/cs\/wp-json\/wp\/v2\/types\/product"}],"wp:featuredmedia":[{"embeddable":true,"href":"https:\/\/kruszwicapro.com\/cs\/wp-json\/wp\/v2\/media\/11369"}],"wp:attachment":[{"href":"https:\/\/kruszwicapro.com\/cs\/wp-json\/wp\/v2\/media?parent=11373"}],"wp:term":[{"taxonomy":"product_brand","embeddable":true,"href":"https:\/\/kruszwicapro.com\/cs\/wp-json\/wp\/v2\/product_brand?post=11373"},{"taxonomy":"product_cat","embeddable":true,"href":"https:\/\/kruszwicapro.com\/cs\/wp-json\/wp\/v2\/product_cat?post=11373"},{"taxonomy":"product_tag","embeddable":true,"href":"https:\/\/kruszwicapro.com\/cs\/wp-json\/wp\/v2\/product_tag?post=11373"}],"curies":[{"name":"wp","href":"https:\/\/api.w.org\/{rel}","templated":true}]}}