{"id":11240,"date":"2017-09-21T17:15:27","date_gmt":"2017-09-21T17:15:27","guid":{"rendered":"https:\/\/kruszwicapro.com\/?post_type=product&#038;p=11240"},"modified":"2022-07-27T10:39:26","modified_gmt":"2022-07-27T10:39:26","slug":"tluszcze-dla-przemyslu","status":"publish","type":"product","link":"https:\/\/kruszwicapro.com\/cs\/obchod\/tluszcze\/tluszcze-dla-przemyslu\/","title":{"rendered":"Tuky pro pr\u016fmysl"},"content":{"rendered":"Reagujeme na pot\u0159eby z\u00e1kazn\u00edk\u016f, a proto dod\u00e1v\u00e1me specializovan\u00e9 rostlinn\u00e9 tuky nejvy\u0161\u0161\u00ed jakosti. Na\u0161e nab\u00eddka zahrnuje \u0161irokou \u0161k\u00e1lu v\u00fdrobk\u016f pro v\u0161estrann\u00e9 pou\u017eit\u00ed: do n\u00e1pln\u00ed, na pe\u010den\u00ed, do polev, do zmrzlin, do ml\u00e9\u010dn\u00fdch v\u00fdrobk\u016f, na sma\u017een\u00ed, univerz\u00e1ln\u00ed, pro gastronomii, technick\u00e9 \u00fa\u010dely.\r\n\r\n&nbsp;\r\n\r\n<img loading=\"lazy\" decoding=\"async\" class=\"alignnone size-full wp-image-11242\" src=\"https:\/\/kruszwicapro.com\/wp-content\/uploads\/2018\/04\/tuky_table.jpg\" alt=\"Tuky\" width=\"800\" height=\"639\" srcset=\"https:\/\/kruszwicapro.com\/wp-content\/uploads\/2018\/04\/tuky_table.jpg 800w, https:\/\/kruszwicapro.com\/wp-content\/uploads\/2018\/04\/tuky_table-230x184.jpg 230w, https:\/\/kruszwicapro.com\/wp-content\/uploads\/2018\/04\/tuky_table-460x367.jpg 460w, https:\/\/kruszwicapro.com\/wp-content\/uploads\/2018\/04\/tuky_table-300x240.jpg 300w, https:\/\/kruszwicapro.com\/wp-content\/uploads\/2018\/04\/tuky_table-150x120.jpg 150w, https:\/\/kruszwicapro.com\/wp-content\/uploads\/2018\/04\/tuky_table-768x613.jpg 768w\" sizes=\"auto, (max-width: 800px) 100vw, 800px\" \/>","protected":false},"excerpt":{"rendered":"<p>Reagujeme na pot\u0159eby z\u00e1kazn\u00edk\u016f, a proto dod\u00e1v\u00e1me specializovan\u00e9 rostlinn\u00e9 tuky nejvy\u017e\u0161\u00ed jakosti. Na\u0161e nab\u00eddka zahrnuje \u0161irokou \u0161k\u00e1lu v\u00fdrobk\u016f pro v\u0161estrann\u00e9 pou\u017eit\u00ed: do n\u00e1pln\u00ed, na pe\u010den\u00ed, do polev, do zmrzlin, do ml\u00e9\u010dn\u00fdch v\u00fdrobk\u016f, na sma\u017een\u00ed, univerz\u00e1ln\u00ed, pro gastronomii, technick\u00e9 \u00fa\u010dely.<\/p>\n","protected":false},"featured_media":11154,"template":"","meta":[],"product_brand":[],"product_cat":[68],"product_tag":[368,367],"class_list":{"0":"post-11240","1":"product","2":"type-product","3":"status-publish","4":"has-post-thumbnail","6":"product_cat-tluszcze","7":"product_tag-na-peceni","8":"product_tag-na-smazeni","10":"first","11":"instock","12":"shipping-taxable","13":"product-type-simple"},"_links":{"self":[{"href":"https:\/\/kruszwicapro.com\/cs\/wp-json\/wp\/v2\/product\/11240","targetHints":{"allow":["GET"]}}],"collection":[{"href":"https:\/\/kruszwicapro.com\/cs\/wp-json\/wp\/v2\/product"}],"about":[{"href":"https:\/\/kruszwicapro.com\/cs\/wp-json\/wp\/v2\/types\/product"}],"wp:featuredmedia":[{"embeddable":true,"href":"https:\/\/kruszwicapro.com\/cs\/wp-json\/wp\/v2\/media\/11154"}],"wp:attachment":[{"href":"https:\/\/kruszwicapro.com\/cs\/wp-json\/wp\/v2\/media?parent=11240"}],"wp:term":[{"taxonomy":"product_brand","embeddable":true,"href":"https:\/\/kruszwicapro.com\/cs\/wp-json\/wp\/v2\/product_brand?post=11240"},{"taxonomy":"product_cat","embeddable":true,"href":"https:\/\/kruszwicapro.com\/cs\/wp-json\/wp\/v2\/product_cat?post=11240"},{"taxonomy":"product_tag","embeddable":true,"href":"https:\/\/kruszwicapro.com\/cs\/wp-json\/wp\/v2\/product_tag?post=11240"}],"curies":[{"name":"wp","href":"https:\/\/api.w.org\/{rel}","templated":true}]}}