{"id":11207,"date":"2017-09-22T11:45:29","date_gmt":"2017-09-22T11:45:29","guid":{"rendered":"https:\/\/kruszwicapro.com\/?post_type=product&#038;p=11207"},"modified":"2022-07-27T10:42:49","modified_gmt":"2022-07-27T10:42:49","slug":"olfryt-sun","status":"publish","type":"product","link":"https:\/\/kruszwicapro.com\/cs\/obchod\/fritovaci-tuky\/olfryt-sun\/","title":{"rendered":"Olfryt Sun"},"content":{"rendered":"Dokonal\u00e9 \u0159e\u0161en\u00ed pro u\u017eivatele pou\u017e\u00edvaj\u00edc\u00ed kontinu\u00e1ln\u00ed \u00a0i tlakov\u00e1 sma\u017e\u00edc\u00ed za\u0159\u00edzen\u00ed. Zaru\u010duje z\u00edsk\u00e1n\u00ed aromatick\u00fdch a k\u0159upav\u00fdch pokrm\u016f zlatav\u00e9 barvy.\r\n\r\nPro sma\u017een\u00ed pokrm\u016f serv\u00edrovan\u00fdch jak za tepla tak za studena , nap\u0159\u00edklad \u00a0ryb, dar\u016f mo\u0159e ,dr\u016fbe\u017ee, hranolk\u016f a obalovan\u00e9 zeleniny.\r\n<ul>\r\n \t<li><strong>Fritovac\u00ed olej vhodn\u00fd pro\u00a0kontinu\u00e1ln\u00ed\u00a0i tlakov\u00e1 sma\u017e\u00edc\u00ed za\u0159\u00edzen\u00ed.<\/strong><\/li>\r\n \t<li><strong>Neutr\u00e1ln\u00ed chut\u00b4a v\u016fn\u011b.<\/strong><\/li>\r\n \t<li><strong>V\u00fdhoda filtrov\u00e1n\u00ed p\u0159i n\u00edzk\u00fdch teplot\u00e1ch.<\/strong><\/li>\r\n<\/ul>","protected":false},"excerpt":{"rendered":"<p>Dokonal\u00e9 \u0159e\u0161en\u00ed pro u\u017eivatele pou\u017e\u00edvaj\u00edc\u00ed kontinu\u00e1ln\u00ed \u00a0i tlakov\u00e1 sma\u017e\u00edc\u00ed za\u0159\u00edzen\u00ed. Zaru\u010duje z\u00edsk\u00e1n\u00ed aromatick\u00fdch a k\u0159upav\u00fdch pokrm\u016f zlatav\u00e9 barvy.<\/p>\n[simple_tooltip content='Slunecnicovy olej']<img loading=\"lazy\" decoding=\"async\" class=\"alignnone wp-image-10493 size-full\" src=\"https:\/\/kruszwicapro.com\/wp-content\/uploads\/2018\/03\/ico_sunfloweroil.png\" alt=\"\" width=\"64\" height=\"64\" \/>[\/simple_tooltip]\n","protected":false},"featured_media":11219,"template":"","meta":[],"product_brand":[],"product_cat":[147],"product_tag":[],"class_list":{"0":"post-11207","1":"product","2":"type-product","3":"status-publish","4":"has-post-thumbnail","6":"product_cat-fritovaci-tuky","7":"pa_consistency-polplynna","8":"pa_fat-content-tluszcz-100","9":"pa_fat-used-rzepakowy","10":"pa_fat-used-slonecznikowy","11":"pa_fat-used-palmowy","12":"pa_packaging-bag-in-box","13":"pa_quantity-l-143","14":"pa_rspo-certificate-nie","15":"pa_segment-standard","16":"pa_smoke-point-temp-235","17":"pa_tfa-tfa-1","18":"pa_without-hydrogenated-fats-nie","20":"first","21":"instock","22":"shipping-taxable","23":"product-type-simple"},"_links":{"self":[{"href":"https:\/\/kruszwicapro.com\/cs\/wp-json\/wp\/v2\/product\/11207","targetHints":{"allow":["GET"]}}],"collection":[{"href":"https:\/\/kruszwicapro.com\/cs\/wp-json\/wp\/v2\/product"}],"about":[{"href":"https:\/\/kruszwicapro.com\/cs\/wp-json\/wp\/v2\/types\/product"}],"wp:featuredmedia":[{"embeddable":true,"href":"https:\/\/kruszwicapro.com\/cs\/wp-json\/wp\/v2\/media\/11219"}],"wp:attachment":[{"href":"https:\/\/kruszwicapro.com\/cs\/wp-json\/wp\/v2\/media?parent=11207"}],"wp:term":[{"taxonomy":"product_brand","embeddable":true,"href":"https:\/\/kruszwicapro.com\/cs\/wp-json\/wp\/v2\/product_brand?post=11207"},{"taxonomy":"product_cat","embeddable":true,"href":"https:\/\/kruszwicapro.com\/cs\/wp-json\/wp\/v2\/product_cat?post=11207"},{"taxonomy":"product_tag","embeddable":true,"href":"https:\/\/kruszwicapro.com\/cs\/wp-json\/wp\/v2\/product_tag?post=11207"}],"curies":[{"name":"wp","href":"https:\/\/api.w.org\/{rel}","templated":true}]}}