{"id":10202,"date":"2017-09-22T21:26:41","date_gmt":"2017-09-22T21:26:41","guid":{"rendered":"http:\/\/kruszwica.b2bpowergroup.com\/?post_type=product&#038;p=10202"},"modified":"2022-07-27T09:58:12","modified_gmt":"2022-07-27T09:58:12","slug":"qualito-sun","status":"publish","type":"product","link":"https:\/\/kruszwicapro.com\/cs\/obchod\/fritovaci-tuky\/qualito-sun\/","title":{"rendered":"Qualito Sun"},"content":{"rendered":"<p>Fritovac\u00ed olej ur\u010den\u00fd k hlubok\u00e9mu sma\u017een\u00ed, zalo\u017een\u00fd na \u0159epkov\u00e9m a slune\u010dnicov\u00e9m oleji.<\/p>\r\n<p>P\u0159ipraven pouze z ov\u011b\u0159en\u00fdch ingredienc\u00ed, kter\u00e9 zaru\u010duj\u00ed vhodnou kvalitu. Ur\u010den\u00fd k hlubok\u00e9mu sma\u017een\u00ed koblih, bo\u017e\u00edch milost\u00ed, v\u011bne\u010dk\u016f. D\u00e1v\u00e1 jim zlatavou barvu a neovliv\u0148uje chu\u0165 fin\u00e1ln\u00edho v\u00fdrobku.<\/p>\r\n<ul>\r\n\t<li><strong>Zalo\u017een pouze na \u0159epkov\u00e9m a slune\u010dnicov\u00e9m oleji<\/strong><\/li>\r\n\t<li><strong>Bez alergen\u016f<\/strong><\/li>\r\n\t<li><strong>Vysok\u00fd bod zakou\u0159en\u00ed \u2013 nad 220 \u00b0C<\/strong><\/li>\r\n\t<li><strong>Snadn\u00e9 d\u00e1vkov\u00e1n\u00ed<\/strong><\/li>\r\n\t<li><strong>Pohodl\u00ed filtrov\u00e1n\u00ed v n\u00edzk\u00fdch teplot\u00e1ch<\/strong><\/li>\r\n<\/ul>\r\n<p>&nbsp;<\/p>","protected":false},"excerpt":{"rendered":"<p>Fritovac\u00ed olej ur\u010den\u00fd k hlubok\u00e9mu sma\u017een\u00ed, zalo\u017een\u00fd na \u0159epkov\u00e9m a slune\u010dnicov\u00e9m oleji.<\/p>\n[simple_tooltip content='V\u00fdrobek neobsahuje tropick\u00e9 tuky']<img loading=\"lazy\" decoding=\"async\" class=\"alignnone wp-image-10493 size-full\" src=\"https:\/\/kruszwicapro.com\/wp-content\/uploads\/2018\/03\/ico_rapeseedoil.png\" alt=\"\" width=\"64\" height=\"64\" \/>[\/simple_tooltip]\n[simple_tooltip content='Slunecnicovy olej']<img loading=\"lazy\" decoding=\"async\" class=\"alignnone wp-image-10493 size-full\" src=\"https:\/\/kruszwicapro.com\/wp-content\/uploads\/2018\/03\/ico_sunfloweroil.png\" alt=\"\" width=\"64\" height=\"64\" \/>[\/simple_tooltip]\n","protected":false},"featured_media":10176,"template":"","meta":[],"product_brand":[],"product_cat":[147],"product_tag":[367],"class_list":{"0":"post-10202","1":"product","2":"type-product","3":"status-publish","4":"has-post-thumbnail","6":"product_cat-fritovaci-tuky","7":"product_tag-na-smazeni","8":"pa_consistency-plynna","9":"pa_fat-content-tluszcz-100","10":"pa_fat-used-rzepakowy","11":"pa_fat-used-slonecznikowy","12":"pa_packaging-bag-in-box","13":"pa_quantity-l-143","14":"pa_rspo-certificate-nie","15":"pa_segment-standard","16":"pa_smoke-point-temp-220","17":"pa_tfa-tfa-1","18":"pa_without-hydrogenated-fats-nie","20":"first","21":"instock","22":"shipping-taxable","23":"product-type-simple"},"_links":{"self":[{"href":"https:\/\/kruszwicapro.com\/cs\/wp-json\/wp\/v2\/product\/10202","targetHints":{"allow":["GET"]}}],"collection":[{"href":"https:\/\/kruszwicapro.com\/cs\/wp-json\/wp\/v2\/product"}],"about":[{"href":"https:\/\/kruszwicapro.com\/cs\/wp-json\/wp\/v2\/types\/product"}],"wp:featuredmedia":[{"embeddable":true,"href":"https:\/\/kruszwicapro.com\/cs\/wp-json\/wp\/v2\/media\/10176"}],"wp:attachment":[{"href":"https:\/\/kruszwicapro.com\/cs\/wp-json\/wp\/v2\/media?parent=10202"}],"wp:term":[{"taxonomy":"product_brand","embeddable":true,"href":"https:\/\/kruszwicapro.com\/cs\/wp-json\/wp\/v2\/product_brand?post=10202"},{"taxonomy":"product_cat","embeddable":true,"href":"https:\/\/kruszwicapro.com\/cs\/wp-json\/wp\/v2\/product_cat?post=10202"},{"taxonomy":"product_tag","embeddable":true,"href":"https:\/\/kruszwicapro.com\/cs\/wp-json\/wp\/v2\/product_tag?post=10202"}],"curies":[{"name":"wp","href":"https:\/\/api.w.org\/{rel}","templated":true}]}}