{"id":10201,"date":"2017-09-22T21:25:58","date_gmt":"2017-09-22T21:25:58","guid":{"rendered":"http:\/\/kruszwica.b2bpowergroup.com\/?post_type=product&#038;p=10201"},"modified":"2022-07-27T10:09:30","modified_gmt":"2022-07-27T10:09:30","slug":"qualito-plus","status":"publish","type":"product","link":"https:\/\/kruszwicapro.com\/cs\/obchod\/fritovaci-tuky\/qualito-plus\/","title":{"rendered":"Qualito Plus"},"content":{"rendered":"Polotekut\u00fd fritovac\u00ed tuk ur\u010den\u00fd na hlubok\u00e9 sma\u017een\u00ed koblih, bo\u017e\u00edch milost\u00ed ,v\u011bne\u010dk\u016f p\u0159ipraven\u00fd na z\u00e1klad\u011b \u0159epkov\u00e9ho oleje a palmy.\r\n\r\nD\u00edky v\u00fdjime\u010dn\u00e9mu slo\u017een\u00ed ingredienc\u00ed m\u00e1 zv\u00fd\u0161enou odolnost v\u016f\u010di tepeln\u00fdm zm\u011bn\u00e1m a vyzna\u010duje se vysok\u00fdm bodem zakou\u0159en\u00ed , co\u017e zv\u011bt\u0161uje pohodl\u00ed jeho vyu\u017e\u00edv\u00e1n\u00ed. Polotekut\u00e1 konzistence je pohodln\u00fdm \u0159e\u0161en\u00edm, kter\u00e9 usnad\u0148uje jeho rozl\u00e9v\u00e1n\u00ed.\r\n<ul>\r\n \t<li><strong>Vysok\u00fd bod zakou\u0159en\u00ed \u2013 nad 220 \u00b0C<\/strong><\/li>\r\n \t<li><strong>Vysok\u00e1 stabilita d\u00edky vhodn\u00e9 sm\u011bsi rostlinn\u00fdch tuk\u016f<\/strong><\/li>\r\n \t<li><strong>Neutr\u00e1ln\u00ed chu\u0165 a v\u016fn\u011b<\/strong><\/li>\r\n<\/ul>","protected":false},"excerpt":{"rendered":"<p>Polotekut\u00fd fritovac\u00ed tuk ur\u010den\u00fd na hlubok\u00e9 sma\u017een\u00ed koblih, bo\u017e\u00edch milost\u00ed ,v\u011bne\u010dk\u016f p\u0159ipraven\u00fd na z\u00e1klad\u011b \u0159epkov\u00e9ho oleje a palmy.<\/p>\n","protected":false},"featured_media":11197,"template":"","meta":[],"product_brand":[],"product_cat":[147],"product_tag":[367],"class_list":{"0":"post-10201","1":"product","2":"type-product","3":"status-publish","4":"has-post-thumbnail","6":"product_cat-fritovaci-tuky","7":"product_tag-na-smazeni","8":"pa_consistency-polplynna","9":"pa_fat-content-tluszcz-100","10":"pa_fat-used-rzepakowy","11":"pa_fat-used-palmowy","12":"pa_packaging-wiadro","13":"pa_quantity-l-143","14":"pa_quantity-l-144","15":"pa_rspo-certificate-nie","16":"pa_segment-standard","17":"pa_smoke-point-temp-220","18":"pa_tfa-tfa-1","19":"pa_without-hydrogenated-fats-nie","21":"first","22":"instock","23":"shipping-taxable","24":"product-type-simple"},"_links":{"self":[{"href":"https:\/\/kruszwicapro.com\/cs\/wp-json\/wp\/v2\/product\/10201","targetHints":{"allow":["GET"]}}],"collection":[{"href":"https:\/\/kruszwicapro.com\/cs\/wp-json\/wp\/v2\/product"}],"about":[{"href":"https:\/\/kruszwicapro.com\/cs\/wp-json\/wp\/v2\/types\/product"}],"wp:featuredmedia":[{"embeddable":true,"href":"https:\/\/kruszwicapro.com\/cs\/wp-json\/wp\/v2\/media\/11197"}],"wp:attachment":[{"href":"https:\/\/kruszwicapro.com\/cs\/wp-json\/wp\/v2\/media?parent=10201"}],"wp:term":[{"taxonomy":"product_brand","embeddable":true,"href":"https:\/\/kruszwicapro.com\/cs\/wp-json\/wp\/v2\/product_brand?post=10201"},{"taxonomy":"product_cat","embeddable":true,"href":"https:\/\/kruszwicapro.com\/cs\/wp-json\/wp\/v2\/product_cat?post=10201"},{"taxonomy":"product_tag","embeddable":true,"href":"https:\/\/kruszwicapro.com\/cs\/wp-json\/wp\/v2\/product_tag?post=10201"}],"curies":[{"name":"wp","href":"https:\/\/api.w.org\/{rel}","templated":true}]}}