{"id":10200,"date":"2017-09-22T21:19:26","date_gmt":"2017-09-22T21:19:26","guid":{"rendered":"http:\/\/kruszwica.b2bpowergroup.com\/?post_type=product&#038;p=10200"},"modified":"2022-07-27T10:06:16","modified_gmt":"2022-07-27T10:06:16","slug":"uniwersalna","status":"publish","type":"product","link":"https:\/\/kruszwicapro.com\/cs\/obchod\/margaryny\/uniwersalna\/","title":{"rendered":"Uniwersalna"},"content":{"rendered":"Plnotu\u010dn\u00fd margar\u00edn v\u00a0bloku 10 kg, doporu\u010dov\u00e1n k\u00a0r\u016fznorod\u00fdm peka\u0159sk\u00fdm a cukr\u00e1\u0159sk\u00fdm pou\u017eit\u00edm.\r\n<ul>\r\n \t<li><strong>Univerz\u00e1ln\u00ed margar\u00edn<\/strong><\/li>\r\n \t<li><strong>Snadno se propojuje s ostatn\u00edmi ingrediencemi<\/strong><\/li>\r\n<\/ul>","protected":false},"excerpt":{"rendered":"<p>Plnotu\u010dn\u00fd margar\u00edn v\u00a0bloku 10 kg, doporu\u010dov\u00e1n k\u00a0r\u016fznorod\u00fdm peka\u0159sk\u00fdm a cukr\u00e1\u0159sk\u00fdm pou\u017eit\u00edm.<\/p>\n","protected":false},"featured_media":10181,"template":"","meta":[],"product_brand":[],"product_cat":[58],"product_tag":[368],"class_list":{"0":"post-10200","1":"product","2":"type-product","3":"status-publish","4":"has-post-thumbnail","6":"product_cat-margaryny","7":"product_tag-na-peceni","8":"pa_clean-label-nie","9":"pa_consistency-stala","10":"pa_fat-content-tluszcz-80","11":"pa_fat-used-rzepakowy","12":"pa_fat-used-palmowy","13":"pa_free-from-preservatives-tak","14":"pa_packaging-karton","15":"pa_quantity-kg-141","16":"pa_rspo-certificate-nie","17":"pa_segment-ekonomiczny","18":"pa_tfa-tfa-2","19":"pa_with-added-butter-nie","20":"pa_with-colorant-tak","21":"pa_without-hydrogenated-fats-nie","23":"first","24":"instock","25":"shipping-taxable","26":"product-type-simple"},"_links":{"self":[{"href":"https:\/\/kruszwicapro.com\/cs\/wp-json\/wp\/v2\/product\/10200","targetHints":{"allow":["GET"]}}],"collection":[{"href":"https:\/\/kruszwicapro.com\/cs\/wp-json\/wp\/v2\/product"}],"about":[{"href":"https:\/\/kruszwicapro.com\/cs\/wp-json\/wp\/v2\/types\/product"}],"wp:featuredmedia":[{"embeddable":true,"href":"https:\/\/kruszwicapro.com\/cs\/wp-json\/wp\/v2\/media\/10181"}],"wp:attachment":[{"href":"https:\/\/kruszwicapro.com\/cs\/wp-json\/wp\/v2\/media?parent=10200"}],"wp:term":[{"taxonomy":"product_brand","embeddable":true,"href":"https:\/\/kruszwicapro.com\/cs\/wp-json\/wp\/v2\/product_brand?post=10200"},{"taxonomy":"product_cat","embeddable":true,"href":"https:\/\/kruszwicapro.com\/cs\/wp-json\/wp\/v2\/product_cat?post=10200"},{"taxonomy":"product_tag","embeddable":true,"href":"https:\/\/kruszwicapro.com\/cs\/wp-json\/wp\/v2\/product_tag?post=10200"}],"curies":[{"name":"wp","href":"https:\/\/api.w.org\/{rel}","templated":true}]}}