{"id":10198,"date":"2017-09-22T21:13:20","date_gmt":"2017-09-22T21:13:20","guid":{"rendered":"http:\/\/kruszwica.b2bpowergroup.com\/?post_type=product&#038;p=10198"},"modified":"2022-07-27T10:12:52","modified_gmt":"2022-07-27T10:12:52","slug":"milama-na-kolace-a-sladke-pecivo-80","status":"publish","type":"product","link":"https:\/\/kruszwicapro.com\/cs\/obchod\/margaryny\/milama-na-kolace-a-sladke-pecivo-80\/","title":{"rendered":"Milama do mou\u010dn\u00edk\u016f a cukrov\u00ed 80%"},"content":{"rendered":"Univerz\u00e1ln\u00ed margar\u00edn ur\u010den\u00fd k v\u00fdrob\u011b cukr\u00e1\u0159sk\u00fdch a peka\u0159sk\u00fdch v\u00fdrobk\u016f, zvl\u00e1\u0161t\u011b na pe\u010den\u00ed tukov\u00fdch pi\u0161kotov\u00fdch v\u00fdrobk\u016f, a lineck\u00fdch t\u011bst.\r\n<ul>\r\n \t<li><strong>Dobr\u00e9 vlastnosti provzdu\u0161\u0148ov\u00e1n\u00ed (aerace)<\/strong><\/li>\r\n \t<li><strong>Snadno se propojuje s ostatn\u00edmi ingrediencemi<\/strong><\/li>\r\n \t<li><strong>Vhodn\u00e1 struktura cukr\u00e1\u0159sk\u00fdch a peka\u0159sk\u00fdch v\u00fdrobk\u016f<\/strong><\/li>\r\n<\/ul>","protected":false},"excerpt":{"rendered":"<p>Univerz\u00e1ln\u00ed margar\u00edn ur\u010den\u00fd k v\u00fdrob\u011b cukr\u00e1\u0159sk\u00fdch a peka\u0159sk\u00fdch v\u00fdrobk\u016f, zvl\u00e1\u0161t\u011b na pe\u010den\u00ed tukov\u00fdch pi\u0161kotov\u00fdch v\u00fdrobk\u016f a lineck\u00fdch t\u011bst.<\/p>\n","protected":false},"featured_media":10172,"template":"","meta":[],"product_brand":[],"product_cat":[58],"product_tag":[368],"class_list":{"0":"post-10198","1":"product","2":"type-product","3":"status-publish","4":"has-post-thumbnail","6":"product_cat-margaryny","7":"product_tag-na-peceni","8":"pa_clean-label-nie","9":"pa_consistency-stala","10":"pa_fat-content-tluszcz-80","11":"pa_fat-used-rzepakowy","12":"pa_fat-used-palmowy","13":"pa_free-from-preservatives-nie","14":"pa_packaging-karton","15":"pa_quantity-kg-141","16":"pa_rspo-certificate-nie","17":"pa_segment-ekonomiczny","18":"pa_tfa-tfa-2","19":"pa_with-added-butter-nie","20":"pa_with-colorant-tak","21":"pa_without-hydrogenated-fats-nie","23":"first","24":"instock","25":"shipping-taxable","26":"product-type-simple"},"_links":{"self":[{"href":"https:\/\/kruszwicapro.com\/cs\/wp-json\/wp\/v2\/product\/10198","targetHints":{"allow":["GET"]}}],"collection":[{"href":"https:\/\/kruszwicapro.com\/cs\/wp-json\/wp\/v2\/product"}],"about":[{"href":"https:\/\/kruszwicapro.com\/cs\/wp-json\/wp\/v2\/types\/product"}],"wp:featuredmedia":[{"embeddable":true,"href":"https:\/\/kruszwicapro.com\/cs\/wp-json\/wp\/v2\/media\/10172"}],"wp:attachment":[{"href":"https:\/\/kruszwicapro.com\/cs\/wp-json\/wp\/v2\/media?parent=10198"}],"wp:term":[{"taxonomy":"product_brand","embeddable":true,"href":"https:\/\/kruszwicapro.com\/cs\/wp-json\/wp\/v2\/product_brand?post=10198"},{"taxonomy":"product_cat","embeddable":true,"href":"https:\/\/kruszwicapro.com\/cs\/wp-json\/wp\/v2\/product_cat?post=10198"},{"taxonomy":"product_tag","embeddable":true,"href":"https:\/\/kruszwicapro.com\/cs\/wp-json\/wp\/v2\/product_tag?post=10198"}],"curies":[{"name":"wp","href":"https:\/\/api.w.org\/{rel}","templated":true}]}}