{"id":10197,"date":"2017-09-22T21:10:02","date_gmt":"2017-09-22T21:10:02","guid":{"rendered":"http:\/\/kruszwica.b2bpowergroup.com\/?post_type=product&#038;p=10197"},"modified":"2022-07-27T10:16:43","modified_gmt":"2022-07-27T10:16:43","slug":"bolero-croissant","status":"publish","type":"product","link":"https:\/\/kruszwicapro.com\/cs\/obchod\/margaryny\/bolero-croissant\/","title":{"rendered":"Bolero Croissant"},"content":{"rendered":"<p>Margar\u00edn ur\u010den\u00fd k\u00a0v\u00fdrob\u011b laminovan\u00fdch t\u011bst (jak t\u011bst listov\u00fdch, tak plundrov\u00fdch).<\/p>\r\n<ul>\r\n\t<li><strong>Vhodn\u00e9 listov\u00e1n\u00ed t\u011bsta.<\/strong><\/li>\r\n\t<li><strong>P\u0159im\u011b\u0159en\u00e9 vykynut\u00ed a tvar v\u00fdrobk\u016f po upe\u010den\u00ed.<\/strong><\/li>\r\n<\/ul>","protected":false},"excerpt":{"rendered":"<p>Margar\u00edn ur\u010den\u00fd k\u00a0v\u00fdrob\u011b laminovan\u00fdch t\u011bst.<\/p>\n","protected":false},"featured_media":10160,"template":"","meta":[],"product_brand":[],"product_cat":[58],"product_tag":[162],"class_list":{"0":"post-10197","1":"product","2":"type-product","3":"status-publish","4":"has-post-thumbnail","6":"product_cat-margaryny","7":"product_tag-do-ciast-listkujacych","8":"pa_clean-label-nie","9":"pa_consistency-stala","10":"pa_fat-content-tluszcz-80","11":"pa_fat-used-kokosowy","12":"pa_fat-used-rzepakowy","13":"pa_fat-used-palmowy","14":"pa_free-from-preservatives-nie","15":"pa_packaging-karton","16":"pa_quantity-kg-2x5","17":"pa_rspo-certificate-nie","18":"pa_segment-standard","19":"pa_tfa-tfa-2","20":"pa_with-added-butter-nie","21":"pa_with-colorant-tak","22":"pa_without-hydrogenated-fats-tak","24":"first","25":"instock","26":"shipping-taxable","27":"product-type-simple"},"_links":{"self":[{"href":"https:\/\/kruszwicapro.com\/cs\/wp-json\/wp\/v2\/product\/10197","targetHints":{"allow":["GET"]}}],"collection":[{"href":"https:\/\/kruszwicapro.com\/cs\/wp-json\/wp\/v2\/product"}],"about":[{"href":"https:\/\/kruszwicapro.com\/cs\/wp-json\/wp\/v2\/types\/product"}],"wp:featuredmedia":[{"embeddable":true,"href":"https:\/\/kruszwicapro.com\/cs\/wp-json\/wp\/v2\/media\/10160"}],"wp:attachment":[{"href":"https:\/\/kruszwicapro.com\/cs\/wp-json\/wp\/v2\/media?parent=10197"}],"wp:term":[{"taxonomy":"product_brand","embeddable":true,"href":"https:\/\/kruszwicapro.com\/cs\/wp-json\/wp\/v2\/product_brand?post=10197"},{"taxonomy":"product_cat","embeddable":true,"href":"https:\/\/kruszwicapro.com\/cs\/wp-json\/wp\/v2\/product_cat?post=10197"},{"taxonomy":"product_tag","embeddable":true,"href":"https:\/\/kruszwicapro.com\/cs\/wp-json\/wp\/v2\/product_tag?post=10197"}],"curies":[{"name":"wp","href":"https:\/\/api.w.org\/{rel}","templated":true}]}}