{"id":10196,"date":"2017-09-22T19:14:07","date_gmt":"2017-09-22T19:14:07","guid":{"rendered":"http:\/\/kruszwica.b2bpowergroup.com\/?post_type=product&#038;p=10196"},"modified":"2022-07-27T10:19:57","modified_gmt":"2022-07-27T10:19:57","slug":"bolero-puff-pastry-hard-nh","status":"publish","type":"product","link":"https:\/\/kruszwicapro.com\/cs\/obchod\/margaryny\/bolero-puff-pastry-hard-nh\/","title":{"rendered":"Bolero Puff Pastry Hard NH"},"content":{"rendered":"<p>Margar\u00edn ur\u010den\u00fd k\u00a0v\u00fdrob\u011b laminovan\u00fdch t\u011bst. Nejtvrd\u0161\u00ed v\u00fdrobek na listov\u00e1 t\u011bsta v\u00a0nab\u00eddce Kruszwice.<\/p>\r\n<p>Ur\u010den\u00fd k v\u00fdrob\u011b laminovan\u00fdch t\u011bst (jak listov\u00fdch t\u011bst, tak plundrov\u00fdch).<\/p>\r\n<ul>\r\n\t<li><strong>Vhodn\u00e9 listov\u00e1n\u00ed t\u011bsta<\/strong><\/li>\r\n\t<li><strong>P\u0159im\u011b\u0159en\u00e9 vykynut\u00ed a tvar v\u00fdrobk\u016f po upe\u010den\u00ed<\/strong><\/li>\r\n<\/ul>\r\n<p>&nbsp;<\/p>\r\n<p class=\"p1\"><b><img loading=\"lazy\" decoding=\"async\" class=\"alignnone wp-image-10494 size-full\" src=\"https:\/\/kruszwicapro.com\/wp-content\/uploads\/2017\/09\/ico_nh.png\" alt=\"\" width=\"64\" height=\"64\" \/>NEZTU\u017dEN\u00c9 TUKY \u2013 NOV\u00c1 KVALITA TUK\u016e<\/b><\/p>\r\n<p class=\"p1\">V potravin\u00e1\u0159sk\u00e9m n\u00e1zvoslov\u00ed jsou \u010dasto paraleln\u011b pou\u017e\u00edv\u00e1ny v\u00fdrazy: ztu\u017een\u00e9, \u010d\u00e1ste\u010dn\u011b ztu\u017een\u00e9 nebo \u010d\u00e1ste\u010dn\u011b hydrogenovan\u00e9 tuky. V\u0161echny n\u00e1zvy se t\u00fdkaj\u00ed stejn\u00e9 ingredience \u2013 tuku, jen\u017e v procesu \u010d\u00e1ste\u010dn\u00e9ho ztu\u017eov\u00e1n\u00ed z\u00edsk\u00e1v\u00e1 pevnou texturu. D\u016fsledkem \u010d\u00e1ste\u010dn\u00e9ho ztu\u017eov\u00e1n\u00ed olej\u016f m\u016f\u017ee b\u00fdt tvorba transmastn\u00fdch kyselin nep\u0159\u00edzniv\u00fdch pro zdrav\u00ed.<\/p>\r\n<p class=\"p1\">Modern\u00ed metodou z\u00edsk\u00e1v\u00e1n\u00ed tuk\u016f s pevnou konzistenc\u00ed je esterifikace. B\u011bhem tohoto procesu nedoch\u00e1z\u00ed k negativn\u00edm prom\u011bn\u00e1m mastn\u00fdch kyselin na trans-izomery. Esterifikac\u00ed olej\u016f se vyr\u00e1b\u00ed kvalitn\u00ed tuky, obsahuj\u00edc\u00ed stopov\u00e9 mno\u017estv\u00ed trans-izomer\u016f (&lt; 1 %) a odpov\u00eddaj\u00edc\u00ed modern\u00edm nutri\u010dn\u00edm doporu\u010den\u00edm.<\/p>","protected":false},"excerpt":{"rendered":"<p>Margar\u00edn ur\u010den\u00fd k\u00a0v\u00fdrob\u011b laminovan\u00fdch t\u011bst. Nejtvrd\u0161\u00ed v\u00fdrobek na listov\u00e1 t\u011bsta v\u00a0nab\u00eddce Kruszwice.<\/p>\n[simple_tooltip content='V\u00fdrobek neobsahuje ztu\u017een\u00e9 tuky']<img loading=\"lazy\" decoding=\"async\" class=\"alignnone wp-image-10493 size-full\" src=\"https:\/\/kruszwicapro.com\/wp-content\/uploads\/2017\/09\/ico_nh.png\" alt=\"\" width=\"64\" height=\"64\" \/>[\/simple_tooltip]\n","protected":false},"featured_media":10161,"template":"","meta":[],"product_brand":[],"product_cat":[58],"product_tag":[162],"class_list":{"0":"post-10196","1":"product","2":"type-product","3":"status-publish","4":"has-post-thumbnail","6":"product_cat-margaryny","7":"product_tag-do-ciast-listkujacych","8":"pa_clean-label-nie","9":"pa_consistency-stala","10":"pa_fat-content-tluszcz-80","11":"pa_fat-used-rzepakowy","12":"pa_fat-used-palmowy","13":"pa_free-from-preservatives-nie","14":"pa_packaging-karton","15":"pa_quantity-kg-5x2","16":"pa_rspo-certificate-nie","17":"pa_segment-standard","18":"pa_tfa-tfa-2","19":"pa_with-added-butter-nie","20":"pa_with-colorant-tak","21":"pa_without-hydrogenated-fats-tak","23":"first","24":"instock","25":"shipping-taxable","26":"product-type-simple"},"_links":{"self":[{"href":"https:\/\/kruszwicapro.com\/cs\/wp-json\/wp\/v2\/product\/10196","targetHints":{"allow":["GET"]}}],"collection":[{"href":"https:\/\/kruszwicapro.com\/cs\/wp-json\/wp\/v2\/product"}],"about":[{"href":"https:\/\/kruszwicapro.com\/cs\/wp-json\/wp\/v2\/types\/product"}],"wp:featuredmedia":[{"embeddable":true,"href":"https:\/\/kruszwicapro.com\/cs\/wp-json\/wp\/v2\/media\/10161"}],"wp:attachment":[{"href":"https:\/\/kruszwicapro.com\/cs\/wp-json\/wp\/v2\/media?parent=10196"}],"wp:term":[{"taxonomy":"product_brand","embeddable":true,"href":"https:\/\/kruszwicapro.com\/cs\/wp-json\/wp\/v2\/product_brand?post=10196"},{"taxonomy":"product_cat","embeddable":true,"href":"https:\/\/kruszwicapro.com\/cs\/wp-json\/wp\/v2\/product_cat?post=10196"},{"taxonomy":"product_tag","embeddable":true,"href":"https:\/\/kruszwicapro.com\/cs\/wp-json\/wp\/v2\/product_tag?post=10196"}],"curies":[{"name":"wp","href":"https:\/\/api.w.org\/{rel}","templated":true}]}}