{"id":10195,"date":"2017-09-22T19:05:16","date_gmt":"2017-09-22T19:05:16","guid":{"rendered":"http:\/\/kruszwica.b2bpowergroup.com\/?post_type=product&#038;p=10195"},"modified":"2022-07-27T10:22:58","modified_gmt":"2022-07-27T10:22:58","slug":"qualita-tekuta-70","status":"publish","type":"product","link":"https:\/\/kruszwicapro.com\/cs\/obchod\/margaryny\/qualita-tekuta-70\/","title":{"rendered":"Qualita Tekut\u00e1 70%"},"content":{"rendered":"<p>Tekut\u00e1 struktura tohoto margar\u00ednu a skv\u011bl\u00e9 propojov\u00e1n\u00ed s\u00a0ostatn\u00edmi ingrediencemi dovoluje urychlen\u00ed v\u00fdroby cukr\u00e1\u0159sk\u00fdch a peka\u0159sk\u00fdch v\u00fdrobk\u016f.<\/p>\r\n<p>Zpomaluje proces st\u00e1rnut\u00ed v\u00fdrobk\u016f a d\u00e1v\u00e1 vhodnou strukturu fin\u00e1ln\u00edm v\u00fdrobk\u016fm. Vyzna\u010duje se vysokou stabilitou. Je velmi dobrou volbou v\u00fdrobku k p\u0159\u00edprav\u011b mimo jin\u00e9 pi\u0161kotov\u00fdch, kynut\u00fdch a odpalovan\u00fdch t\u011bst a tak\u00e9 p\u0161eni\u010dn\u00e9ho pe\u010diva a koblih.<\/p>\r\n<ul>\r\n\t<li><strong>Zalo\u017een\u00fd na \u0159epkov\u00fdch tuc\u00edch<\/strong><\/li>\r\n\t<li><strong>Z\u00e1ruka opakovatelnosti procesu<\/strong><\/li>\r\n\t<li><strong>Tekut\u00e1 konzistence, kter\u00e1 dovoluje p\u0159\u00edm\u00e9 vyu\u017eit\u00ed a zkr\u00e1cen\u00ed doby p\u0159\u00edpravy v\u00fdrobku<\/strong><\/li>\r\n\t<li><strong>Stabilita emulze b\u011bhem pou\u017e\u00edv\u00e1n\u00ed<\/strong><\/li>\r\n\t<li><strong>Vhodn\u00e1 struktura t\u011bsta<\/strong><\/li>\r\n\t<li><strong>Zpomalen\u00ed st\u00e1rnut\u00ed v\u00fdrobk\u016f<\/strong><\/li>\r\n\t<li><strong>Aroma, kter\u00e9 d\u00e1v\u00e1 hotov\u00fdm v\u00fdrobk\u016fm spr\u00e1vnou chu\u0165 a v\u016fni<\/strong><\/li>\r\n<\/ul>\r\n<p>&nbsp;<\/p>","protected":false},"excerpt":{"rendered":"<p>Tekut\u00e1 struktura tohoto margar\u00ednu a skv\u011bl\u00e9 propojov\u00e1n\u00ed s\u00a0ostatn\u00edmi ingrediencemi dovoluje urychlen\u00ed v\u00fdroby cukr\u00e1\u0159sk\u00fdch a peka\u0159sk\u00fdch v\u00fdrobk\u016f.<\/p>\n[simple_tooltip content='V\u00fdrobek neobsahuje tropick\u00e9 tuky']<img loading=\"lazy\" decoding=\"async\" class=\"alignnone wp-image-10493 size-full\" src=\"https:\/\/kruszwicapro.com\/wp-content\/uploads\/2018\/03\/ico_rapeseedoil.png\" alt=\"\" width=\"64\" height=\"64\" \/>[\/simple_tooltip]\n","protected":false},"featured_media":10171,"template":"","meta":[],"product_brand":[],"product_cat":[58],"product_tag":[368],"class_list":{"0":"post-10195","1":"product","2":"type-product","3":"status-publish","4":"has-post-thumbnail","6":"product_cat-margaryny","7":"product_tag-na-peceni","8":"pa_clean-label-nie","9":"pa_consistency-plynna","10":"pa_fat-content-tluszcz-70","11":"pa_fat-used-rzepakowy","12":"pa_free-from-preservatives-nie","13":"pa_packaging-wiadro","14":"pa_quantity-l-143","15":"pa_rspo-certificate-nie","16":"pa_segment-standard","17":"pa_tfa-tfa-2","18":"pa_with-added-butter-nie","19":"pa_with-colorant-tak","20":"pa_without-hydrogenated-fats-nie","22":"first","23":"instock","24":"shipping-taxable","25":"product-type-simple"},"_links":{"self":[{"href":"https:\/\/kruszwicapro.com\/cs\/wp-json\/wp\/v2\/product\/10195","targetHints":{"allow":["GET"]}}],"collection":[{"href":"https:\/\/kruszwicapro.com\/cs\/wp-json\/wp\/v2\/product"}],"about":[{"href":"https:\/\/kruszwicapro.com\/cs\/wp-json\/wp\/v2\/types\/product"}],"wp:featuredmedia":[{"embeddable":true,"href":"https:\/\/kruszwicapro.com\/cs\/wp-json\/wp\/v2\/media\/10171"}],"wp:attachment":[{"href":"https:\/\/kruszwicapro.com\/cs\/wp-json\/wp\/v2\/media?parent=10195"}],"wp:term":[{"taxonomy":"product_brand","embeddable":true,"href":"https:\/\/kruszwicapro.com\/cs\/wp-json\/wp\/v2\/product_brand?post=10195"},{"taxonomy":"product_cat","embeddable":true,"href":"https:\/\/kruszwicapro.com\/cs\/wp-json\/wp\/v2\/product_cat?post=10195"},{"taxonomy":"product_tag","embeddable":true,"href":"https:\/\/kruszwicapro.com\/cs\/wp-json\/wp\/v2\/product_tag?post=10195"}],"curies":[{"name":"wp","href":"https:\/\/api.w.org\/{rel}","templated":true}]}}