{"id":10194,"date":"2017-09-22T19:02:13","date_gmt":"2017-09-22T19:02:13","guid":{"rendered":"http:\/\/kruszwica.b2bpowergroup.com\/?post_type=product&#038;p=10194"},"modified":"2022-07-27T10:26:56","modified_gmt":"2022-07-27T10:26:56","slug":"qualita-np","status":"publish","type":"product","link":"https:\/\/kruszwicapro.com\/cs\/obchod\/margaryny\/qualita-np\/","title":{"rendered":"Qualita NP"},"content":{"rendered":"<p>Margar\u00edn je ur\u010den\u00fd k v\u00fdrob\u011b sladk\u00e9ho pe\u010diva a peka\u0159sk\u00fdch v\u00fdrobk\u016f. Zalo\u017een\u00fd pouze na \u0159epkov\u00fdch tuc\u00edch m\u00e1 dobr\u00e9 vlastnosti provzdu\u0161\u0148ov\u00e1n\u00ed, d\u00e1v\u00e1 v\u00fdrobk\u016fm vhodn\u00fd tvar a velikost.<\/p>\r\n<ul>\r\n\t<li><strong>Zalo\u017een\u00fd pouze na \u0159epkov\u00fdch tuc\u00edch<\/strong><\/li>\r\n\t<li><strong>Snadno se propojuje s ostatn\u00edmi ingrediencemi<\/strong><\/li>\r\n\t<li><strong>Vhodn\u00e1 struktura cukr\u00e1\u0159sk\u00fdch a peka\u0159sk\u00fdch v\u00fdrobk\u016f<\/strong><\/li>\r\n<\/ul>","protected":false},"excerpt":{"rendered":"<p>Margar\u00edn je ur\u010den\u00fd k\u00a0v\u00fdrob\u011b sladk\u00e9ho pe\u010diva a peka\u0159sk\u00fdch v\u00fdrobk\u016f.<\/p>\n[simple_tooltip content='V\u00fdrobek neobsahuje tropick\u00e9 tuky']<img loading=\"lazy\" decoding=\"async\" class=\"alignnone wp-image-10493 size-full\" src=\"https:\/\/kruszwicapro.com\/wp-content\/uploads\/2018\/03\/ico_rapeseedoil.png\" alt=\"\" width=\"64\" height=\"64\" \/>[\/simple_tooltip]\n","protected":false},"featured_media":10174,"template":"","meta":[],"product_brand":[],"product_cat":[58],"product_tag":[368],"class_list":{"0":"post-10194","1":"product","2":"type-product","3":"status-publish","4":"has-post-thumbnail","6":"product_cat-margaryny","7":"product_tag-na-peceni","8":"pa_clean-label-nie","9":"pa_consistency-stala","10":"pa_fat-content-tluszcz-80","11":"pa_fat-used-rzepakowy","12":"pa_free-from-preservatives-nie","13":"pa_packaging-karton","14":"pa_quantity-kg-141","15":"pa_rspo-certificate-nie","16":"pa_segment-standard","17":"pa_tfa-tfa-2","18":"pa_with-added-butter-nie","19":"pa_with-colorant-nie","20":"pa_without-hydrogenated-fats-nie","22":"first","23":"instock","24":"shipping-taxable","25":"product-type-simple"},"_links":{"self":[{"href":"https:\/\/kruszwicapro.com\/cs\/wp-json\/wp\/v2\/product\/10194","targetHints":{"allow":["GET"]}}],"collection":[{"href":"https:\/\/kruszwicapro.com\/cs\/wp-json\/wp\/v2\/product"}],"about":[{"href":"https:\/\/kruszwicapro.com\/cs\/wp-json\/wp\/v2\/types\/product"}],"wp:featuredmedia":[{"embeddable":true,"href":"https:\/\/kruszwicapro.com\/cs\/wp-json\/wp\/v2\/media\/10174"}],"wp:attachment":[{"href":"https:\/\/kruszwicapro.com\/cs\/wp-json\/wp\/v2\/media?parent=10194"}],"wp:term":[{"taxonomy":"product_brand","embeddable":true,"href":"https:\/\/kruszwicapro.com\/cs\/wp-json\/wp\/v2\/product_brand?post=10194"},{"taxonomy":"product_cat","embeddable":true,"href":"https:\/\/kruszwicapro.com\/cs\/wp-json\/wp\/v2\/product_cat?post=10194"},{"taxonomy":"product_tag","embeddable":true,"href":"https:\/\/kruszwicapro.com\/cs\/wp-json\/wp\/v2\/product_tag?post=10194"}],"curies":[{"name":"wp","href":"https:\/\/api.w.org\/{rel}","templated":true}]}}